{"id":59996,"date":"2019-09-13T11:30:57","date_gmt":"2019-09-13T09:30:57","guid":{"rendered":"https:\/\/tilefly.com\/producto\/decorado-pasta-roja-revestimiento-banos-salon-cocina-apa014918\/"},"modified":"2025-05-27T22:52:38","modified_gmt":"2025-05-27T20:52:38","slug":"decorado-pasta-roja-revestimiento-banos-salon-cocina-apa014918","status":"publish","type":"product","link":"https:\/\/tilefly.com\/de\/produkt\/decorado-pasta-roja-revestimiento-banos-salon-cocina-apa014918\/","title":{"rendered":"RICH BLANCO 20X50"},"content":{"rendered":"<p>En TileFly encontrar\u00e1s la variedad m\u00e1s amplia de azulejos y revestimientos online. Nuestro equipo trabaja d\u00eda a d\u00eda para ofrecerte siempre las \u00faltimas tendencias en azulejos, mosaicos, baldosas y revestimientos. Trabajamos \u00fanicamente con fabricantes espa\u00f1oles e italianos de referencia. Estas empresas nos garantizan una excelente calidad y disponibilidad de los productos. Recordamos que todos los azulejos, revestimientos y piezas especiales que puedas encontrar en nuestra web tienen informaci\u00f3n espec\u00edfica de cada producto en el apartado &#8220;Informaci\u00f3n t\u00e9cnica&#8221;. Una vez realices tu pedido, nuestro equipo verificar\u00e1 que todas las caracter\u00edsticas del producto seleccionado sean correctas. Podr\u00eda ocurrir que alguno de estos datos sea err\u00f3neo o contenga alguna variaci\u00f3n. Nuestro equipo se encargar\u00e1 de comunicarte cualquier variaci\u00f3n para siempre tener tu conformidad para que te quedes seguro y, sobre todo, satisfecho del producto que has comprado.<\/p>","protected":false},"excerpt":{"rendered":"<p>En TileFly encontrar\u00e1s la variedad m\u00e1s amplia de azulejos y revestimientos online. Nuestro equipo trabaja d\u00eda a d\u00eda para ofrecerte siempre las \u00faltimas tendencias en azulejos, mosaicos, baldosas y revestimientos. Trabajamos \u00fanicamente con fabricantes espa\u00f1oles e italianos de referencia. Estas empresas nos garantizan una excelente calidad y disponibilidad de los productos. Recordamos que todos los [&hellip;]<\/p>\n","protected":false},"featured_media":59997,"comment_status":"closed","ping_status":"closed","template":"","meta":[],"product_brand":[],"product_cat":[305,306,304,307],"product_tag":[],"class_list":{"0":"post-59996","1":"product","2":"type-product","3":"status-publish","4":"has-post-thumbnail","6":"product_cat-banos","7":"product_cat-cocina","8":"product_cat-revestimiento","9":"product_cat-salon","11":"first","12":"outofstock","13":"shipping-taxable","14":"purchasable","15":"product-type-simple"},"_links":{"self":[{"href":"https:\/\/tilefly.com\/de\/wp-json\/wp\/v2\/product\/59996","targetHints":{"allow":["GET"]}}],"collection":[{"href":"https:\/\/tilefly.com\/de\/wp-json\/wp\/v2\/product"}],"about":[{"href":"https:\/\/tilefly.com\/de\/wp-json\/wp\/v2\/types\/product"}],"replies":[{"embeddable":true,"href":"https:\/\/tilefly.com\/de\/wp-json\/wp\/v2\/comments?post=59996"}],"wp:featuredmedia":[{"embeddable":true,"href":"https:\/\/tilefly.com\/de\/wp-json\/wp\/v2\/media\/59997"}],"wp:attachment":[{"href":"https:\/\/tilefly.com\/de\/wp-json\/wp\/v2\/media?parent=59996"}],"wp:term":[{"taxonomy":"product_brand","embeddable":true,"href":"https:\/\/tilefly.com\/de\/wp-json\/wp\/v2\/product_brand?post=59996"},{"taxonomy":"product_cat","embeddable":true,"href":"https:\/\/tilefly.com\/de\/wp-json\/wp\/v2\/product_cat?post=59996"},{"taxonomy":"product_tag","embeddable":true,"href":"https:\/\/tilefly.com\/de\/wp-json\/wp\/v2\/product_tag?post=59996"}],"curies":[{"name":"wp","href":"https:\/\/api.w.org\/{rel}","templated":true}]}}