{"id":584324,"date":"2025-12-16T01:32:47","date_gmt":"2025-12-16T00:32:47","guid":{"rendered":"https:\/\/tilefly.com\/producto\/3db-charisma-sand-mt-60x120-rect\/"},"modified":"2025-12-16T02:25:35","modified_gmt":"2025-12-16T01:25:35","slug":"3db-charisma-sand-mt-60x120-rect","status":"publish","type":"product","link":"https:\/\/tilefly.com\/de\/produkt\/3db-charisma-sand-mt-60x120-rect\/","title":{"rendered":"3DB CHARISMA SAND MT 60X120 RECT"},"content":{"rendered":"<h2>Feinsteinzeugfliese Matt 3DB CHARISMA SAND MT 60X120 RECT<\/h2><p>Machen Sie sich bereit, Ihre R\u00e4ume mit der Fliese 3DB CHARISMA SAND MT 60X120 RECT zu verwandeln, einem St\u00fcck glasiertem Feinsteinzeug, das Eleganz mit einem nat\u00fcrlichen Touch neu definiert. Seine Sandfarbe, ein sehr helles Beige, fast Creme, taucht Ihre Umgebungen in eine subtile und einladende W\u00e4rme, ideal f\u00fcr die Schaffung von ruhigen und hellen Atmosph\u00e4ren. Inspiriert von der Majest\u00e4t des Marmors, pr\u00e4sentiert diese Fliese ein zartes Design aus feinen und verschlungenen Adern in hellgrauen, gebrochen wei\u00dfen und leicht dunkleren Beiget\u00f6nen. Diese organischen Unvollkommenheiten schm\u00e4lern den Wert keineswegs, sondern verleihen eine visuelle Tiefe und eine diskrete Textur, die den Naturstein perfekt imitiert, ohne die gro\u00dfen Kontraste, die oft im kr\u00e4ftigeren Marmor anzutreffen sind. Das rektifizierte Format von 60&#215;120 cm garantiert eine pr\u00e4zise Installation und kaum wahrnehmbare Fugen und bietet eine kontinuierliche und anspruchsvolle Oberfl\u00e4che, perfekt f\u00fcr K\u00fcchen, Wohnzimmer und Designb\u00e4der. Wenn Sie die gesamte Serie und ihre M\u00f6glichkeiten entdecken m\u00f6chten, laden wir Sie ein, <a href='https:\/\/tilefly.com\/de\/produkt\/charisma'>CHARISMA<\/a> zu besuchen.<\/p><p>Das matte Finish dieser Fliese vermittelt nicht nur ein Gef\u00fchl von Weichheit, sondern umarmt auch das Licht ohne unerw\u00fcnschte Reflexionen und schafft so eine Atmosph\u00e4re der Ruhe und Raffinesse. Sein 3D-Effekt, der in der gesamten Serie vorhanden ist, verleiht ihm ein subtiles Volumen, das mit den Wahrnehmungen spielt und jeder Ecke Charakter verleiht. Da es sich um Feinsteinzeug handelt, ist es au\u00dfergew\u00f6hnlich widerstandsf\u00e4hig und langlebig, sowohl f\u00fcr B\u00f6den als auch f\u00fcr W\u00e4nde geeignet und garantiert eine langfristige Investition in Sch\u00f6nheit und Funktionalit\u00e4t. Es ist nicht nur eine Fliese, sondern ein Statement des Stils, das jeden Raum in einen Zufluchtsort f\u00fcr Design und Komfort verwandelt, in dem die Natur mit der Moderne verschmilzt, um wahrhaft einzigartige Umgebungen zu schaffen.<\/p>","protected":false},"excerpt":{"rendered":"<p>Feinsteinzeugfliese Matt 3DB CHARISMA SAND MT 60X120 RECTMachen Sie sich bereit, Ihre R\u00e4ume mit der Fliese 3DB CHARISMA SAND MT 60X120 RECT zu verwandeln, einem St\u00fcck glasiertem Feinsteinzeug, das Eleganz mit einem nat\u00fcrlichen Touch neu definiert. Seine Sandfarbe, ein sehr helles Beige, fast Creme, taucht Ihre Umgebungen in eine subtile und einladende W\u00e4rme, ideal f\u00fcr [&hellip;]<\/p>\n","protected":false},"featured_media":584325,"comment_status":"open","ping_status":"closed","template":"","meta":[],"product_brand":[],"product_cat":[457,458,456,459],"product_tag":[],"class_list":{"0":"post-584324","1":"product","2":"type-product","3":"status-publish","4":"has-post-thumbnail","6":"product_cat-badezimmer","7":"product_cat-kuchen","8":"product_cat-vohnzimmer","9":"product_cat-wandfliesen","11":"first","12":"instock","13":"shipping-taxable","14":"purchasable","15":"product-type-simple"},"_links":{"self":[{"href":"https:\/\/tilefly.com\/de\/wp-json\/wp\/v2\/product\/584324","targetHints":{"allow":["GET"]}}],"collection":[{"href":"https:\/\/tilefly.com\/de\/wp-json\/wp\/v2\/product"}],"about":[{"href":"https:\/\/tilefly.com\/de\/wp-json\/wp\/v2\/types\/product"}],"replies":[{"embeddable":true,"href":"https:\/\/tilefly.com\/de\/wp-json\/wp\/v2\/comments?post=584324"}],"wp:featuredmedia":[{"embeddable":true,"href":"https:\/\/tilefly.com\/de\/wp-json\/wp\/v2\/media\/584325"}],"wp:attachment":[{"href":"https:\/\/tilefly.com\/de\/wp-json\/wp\/v2\/media?parent=584324"}],"wp:term":[{"taxonomy":"product_brand","embeddable":true,"href":"https:\/\/tilefly.com\/de\/wp-json\/wp\/v2\/product_brand?post=584324"},{"taxonomy":"product_cat","embeddable":true,"href":"https:\/\/tilefly.com\/de\/wp-json\/wp\/v2\/product_cat?post=584324"},{"taxonomy":"product_tag","embeddable":true,"href":"https:\/\/tilefly.com\/de\/wp-json\/wp\/v2\/product_tag?post=584324"}],"curies":[{"name":"wp","href":"https:\/\/api.w.org\/{rel}","templated":true}]}}