{"id":583149,"date":"2022-10-25T09:47:44","date_gmt":"2022-10-25T07:47:44","guid":{"rendered":"https:\/\/tilefly.com\/producto\/elementi-pearl-light-mt-30x60\/"},"modified":"2025-10-24T19:17:13","modified_gmt":"2025-10-24T17:17:13","slug":"elementi-pearl-light-mt-30x60","status":"publish","type":"product","link":"https:\/\/tilefly.com\/de\/produkt\/elementi-pearl-light-mt-30x60\/","title":{"rendered":"ELEMENTI PEARL LIGHT MT 30X60"},"content":{"rendered":"<div class=\"woocommerce-tabs wc-tabs-wrapper\"><div id=\"tab-description\" class=\"woocommerce-Tabs-panel woocommerce-Tabs-panel--description panel entry-content wc-tab\" role=\"tabpanel\" aria-labelledby=\"tab-title-description\"><p>Diese Rotk\u00f6rperfliese der Serie Elementi ist eine kosteng\u00fcnstige Verkleidung, ideal f\u00fcr nicht-feuchte Bereiche. Sie verf\u00fcgt \u00fcber eine Zementimitat-Textur und eine matte Oberfl\u00e4che im Format 30&#215;60 Zentimeter.<\/p><\/div><\/div>","protected":false},"excerpt":{"rendered":"<p>Diese Rotk\u00f6rperfliese der Serie Elementi ist eine kosteng\u00fcnstige Verkleidung, ideal f\u00fcr nicht-feuchte Bereiche. Sie verf\u00fcgt \u00fcber eine Zementimitat-Textur und eine matte Oberfl\u00e4che im Format 30&#215;60 Zentimeter.<\/p>\n","protected":false},"featured_media":519581,"comment_status":"closed","ping_status":"closed","template":"","meta":[],"product_brand":[],"product_cat":[457,458,459],"product_tag":[],"class_list":{"0":"post-583149","1":"product","2":"type-product","3":"status-publish","4":"has-post-thumbnail","6":"product_cat-badezimmer","7":"product_cat-kuchen","8":"product_cat-wandfliesen","10":"first","11":"instock","12":"shipping-taxable","13":"purchasable","14":"product-type-simple"},"_links":{"self":[{"href":"https:\/\/tilefly.com\/de\/wp-json\/wp\/v2\/product\/583149","targetHints":{"allow":["GET"]}}],"collection":[{"href":"https:\/\/tilefly.com\/de\/wp-json\/wp\/v2\/product"}],"about":[{"href":"https:\/\/tilefly.com\/de\/wp-json\/wp\/v2\/types\/product"}],"replies":[{"embeddable":true,"href":"https:\/\/tilefly.com\/de\/wp-json\/wp\/v2\/comments?post=583149"}],"wp:featuredmedia":[{"embeddable":true,"href":"https:\/\/tilefly.com\/de\/wp-json\/wp\/v2\/media\/519581"}],"wp:attachment":[{"href":"https:\/\/tilefly.com\/de\/wp-json\/wp\/v2\/media?parent=583149"}],"wp:term":[{"taxonomy":"product_brand","embeddable":true,"href":"https:\/\/tilefly.com\/de\/wp-json\/wp\/v2\/product_brand?post=583149"},{"taxonomy":"product_cat","embeddable":true,"href":"https:\/\/tilefly.com\/de\/wp-json\/wp\/v2\/product_cat?post=583149"},{"taxonomy":"product_tag","embeddable":true,"href":"https:\/\/tilefly.com\/de\/wp-json\/wp\/v2\/product_tag?post=583149"}],"curies":[{"name":"wp","href":"https:\/\/api.w.org\/{rel}","templated":true}]}}