{"id":583141,"date":"2023-01-26T09:17:27","date_gmt":"2023-01-26T08:17:27","guid":{"rendered":"https:\/\/tilefly.com\/producto\/austral-pearl-mt-75x75-rect\/"},"modified":"2025-10-24T19:16:27","modified_gmt":"2025-10-24T17:16:27","slug":"austral-pearl-mt-75x75-rect","status":"publish","type":"product","link":"https:\/\/tilefly.com\/de\/produkt\/austral-pearl-mt-75x75-rect\/","title":{"rendered":"AUSTRAL PEARL MT 75X75 RECT"},"content":{"rendered":"<h1><strong>Glasierter Feinsteinzeugfliese AUSTRAL PEARL MT 75X75 RECT<\/strong><\/h1><p>Diese Fliese der Serie AUSTRAL im Format 75X75 ist eine glasierte Feinsteinzeugfliese in der Farbe Perla mit matter Oberfl\u00e4che.<\/p><h2>Serie Austral<\/h2><p><a href='https:\/\/tilefly.com\/de\/produkt\/austral\/'>Austral<\/a> ist eine Kollektion, die das Auge und die Haptik \u00fcberrascht und dem Universum der Steine in der Keramik eine neue Perspektive verleiht. Die Eleganz nimmt die grafische \u00c4sthetik auf, mit leichten Maserungen, die sich in einem subtilen, k\u00f6rnigen Hintergrund vermischen. Die Essenz und das Gef\u00fchl von Sand werden materiell vorgeschlagen. Oberfl\u00e4chen und Lichtspiele definieren ein dekoratives Konzept au\u00dfergew\u00f6hnlicher Oberfl\u00e4chen. Harmonisch und konkret verweist die Erde auf ein pers\u00f6nliches Gef\u00fchl und die Kraft der Natur durch diesen vielseitigen Naturstein.<\/p>","protected":false},"excerpt":{"rendered":"<p>Glasierter Feinsteinzeugfliese AUSTRAL PEARL MT 75X75 RECTDiese Fliese der Serie AUSTRAL im Format 75X75 ist eine glasierte Feinsteinzeugfliese in der Farbe Perla mit matter Oberfl\u00e4che.Serie AustralAustral ist eine Kollektion, die das Auge und die Haptik \u00fcberrascht und dem Universum der Steine in der Keramik eine neue Perspektive verleiht. Die Eleganz nimmt die grafische \u00c4sthetik auf, [&hellip;]<\/p>\n","protected":false},"featured_media":521181,"comment_status":"open","ping_status":"closed","template":"","meta":[],"product_brand":[],"product_cat":[457,458,456,459],"product_tag":[],"class_list":{"0":"post-583141","1":"product","2":"type-product","3":"status-publish","4":"has-post-thumbnail","6":"product_cat-badezimmer","7":"product_cat-kuchen","8":"product_cat-vohnzimmer","9":"product_cat-wandfliesen","11":"first","12":"instock","13":"shipping-taxable","14":"purchasable","15":"product-type-simple"},"_links":{"self":[{"href":"https:\/\/tilefly.com\/de\/wp-json\/wp\/v2\/product\/583141","targetHints":{"allow":["GET"]}}],"collection":[{"href":"https:\/\/tilefly.com\/de\/wp-json\/wp\/v2\/product"}],"about":[{"href":"https:\/\/tilefly.com\/de\/wp-json\/wp\/v2\/types\/product"}],"replies":[{"embeddable":true,"href":"https:\/\/tilefly.com\/de\/wp-json\/wp\/v2\/comments?post=583141"}],"wp:featuredmedia":[{"embeddable":true,"href":"https:\/\/tilefly.com\/de\/wp-json\/wp\/v2\/media\/521181"}],"wp:attachment":[{"href":"https:\/\/tilefly.com\/de\/wp-json\/wp\/v2\/media?parent=583141"}],"wp:term":[{"taxonomy":"product_brand","embeddable":true,"href":"https:\/\/tilefly.com\/de\/wp-json\/wp\/v2\/product_brand?post=583141"},{"taxonomy":"product_cat","embeddable":true,"href":"https:\/\/tilefly.com\/de\/wp-json\/wp\/v2\/product_cat?post=583141"},{"taxonomy":"product_tag","embeddable":true,"href":"https:\/\/tilefly.com\/de\/wp-json\/wp\/v2\/product_tag?post=583141"}],"curies":[{"name":"wp","href":"https:\/\/api.w.org\/{rel}","templated":true}]}}