{"id":583140,"date":"2023-02-03T14:17:21","date_gmt":"2023-02-03T13:17:21","guid":{"rendered":"https:\/\/tilefly.com\/producto\/elementi-beige-mt-75x75-rect\/"},"modified":"2025-10-24T19:16:20","modified_gmt":"2025-10-24T17:16:20","slug":"elementi-beige-mt-75x75-rect","status":"publish","type":"product","link":"https:\/\/tilefly.com\/de\/produkt\/elementi-beige-mt-75x75-rect\/","title":{"rendered":"ELEMENTI BEIGE MT 75X75 RECT"},"content":{"rendered":"<h1><strong>Feinsteinzeugfliese Matt Glasiert Elementi Beige Mt 75X75 Rektifiziert<\/strong><\/h1><p>Diese Fliese der Serie Elementi im Format 75X75 ist eine Feinsteinzeugfliese Matt Glasiert in der Farbe Beige mit Matt Finish<\/p><h2>Serie Elementi<\/h2><p>Die Serie <a href=\"https:\/\/tilefly.com\/de\/produkt\/elementi\/\">Elementi<\/a> ist dazu bestimmt, die Haut schlechthin f\u00fcr zeitgen\u00f6ssische R\u00e4ume zu sein. Dieses Design geht \u00fcber den traditionellen Betoneffekt hinaus. Durch die Liebe zum Detail der Oberfl\u00e4che und die Farbabweichungen der einzelnen St\u00fccke wird der Minimalismus \u00fcberwunden und wird mit einer starken Identit\u00e4t zum Protagonisten der Blicke.<\/p>","protected":false},"excerpt":{"rendered":"<p>Feinsteinzeugfliese Matt Glasiert Elementi Beige Mt 75X75 RektifiziertDiese Fliese der Serie Elementi im Format 75X75 ist eine Feinsteinzeugfliese Matt Glasiert in der Farbe Beige mit Matt FinishSerie ElementiDie Serie Elementi ist dazu bestimmt, die Haut schlechthin f\u00fcr zeitgen\u00f6ssische R\u00e4ume zu sein. Dieses Design geht \u00fcber den traditionellen Betoneffekt hinaus. Durch die Liebe zum Detail der [&hellip;]<\/p>\n","protected":false},"featured_media":521695,"comment_status":"open","ping_status":"closed","template":"","meta":[],"product_brand":[],"product_cat":[457,458,456,459],"product_tag":[],"class_list":{"0":"post-583140","1":"product","2":"type-product","3":"status-publish","4":"has-post-thumbnail","6":"product_cat-badezimmer","7":"product_cat-kuchen","8":"product_cat-vohnzimmer","9":"product_cat-wandfliesen","11":"first","12":"instock","13":"shipping-taxable","14":"purchasable","15":"product-type-simple"},"_links":{"self":[{"href":"https:\/\/tilefly.com\/de\/wp-json\/wp\/v2\/product\/583140","targetHints":{"allow":["GET"]}}],"collection":[{"href":"https:\/\/tilefly.com\/de\/wp-json\/wp\/v2\/product"}],"about":[{"href":"https:\/\/tilefly.com\/de\/wp-json\/wp\/v2\/types\/product"}],"replies":[{"embeddable":true,"href":"https:\/\/tilefly.com\/de\/wp-json\/wp\/v2\/comments?post=583140"}],"wp:featuredmedia":[{"embeddable":true,"href":"https:\/\/tilefly.com\/de\/wp-json\/wp\/v2\/media\/521695"}],"wp:attachment":[{"href":"https:\/\/tilefly.com\/de\/wp-json\/wp\/v2\/media?parent=583140"}],"wp:term":[{"taxonomy":"product_brand","embeddable":true,"href":"https:\/\/tilefly.com\/de\/wp-json\/wp\/v2\/product_brand?post=583140"},{"taxonomy":"product_cat","embeddable":true,"href":"https:\/\/tilefly.com\/de\/wp-json\/wp\/v2\/product_cat?post=583140"},{"taxonomy":"product_tag","embeddable":true,"href":"https:\/\/tilefly.com\/de\/wp-json\/wp\/v2\/product_tag?post=583140"}],"curies":[{"name":"wp","href":"https:\/\/api.w.org\/{rel}","templated":true}]}}