{"id":583126,"date":"2023-02-06T19:59:13","date_gmt":"2023-02-06T18:59:13","guid":{"rendered":"https:\/\/tilefly.com\/producto\/bellevue-tz-grey-light-333x90-rect\/"},"modified":"2025-10-24T19:14:57","modified_gmt":"2025-10-24T17:14:57","slug":"bellevue-tz-grey-light-333x90-rect","status":"publish","type":"product","link":"https:\/\/tilefly.com\/de\/produkt\/bellevue-tz-grey-light-333x90-rect\/","title":{"rendered":"BELLEVUE TZ GREY LIGHT 33,3X90 RECT"},"content":{"rendered":"<h1><strong>Fliesen Wandfliese Wei\u00dfscherbig Bellevue Tz Grey Light 33,3X90 Rect<\/strong><\/h1><p>Diese Fliese der Serie Bellevue im Format 33,3X90 ist eine Wandfliese Wei\u00dfscherbig in der Farbe Grau mit matter Oberfl\u00e4che.<\/p><h2>Serie Bellevue<\/h2><p>Kollektion von Fliesen in Steinoptik <a href=\"https:\/\/tilefly.com\/de\/produkt\/bellevue\/\">Bellevue<\/a><\/p><p>Die raffinierte Eleganz des Steins erwacht in einer Umgebung voller visueller Sch\u00f6nheit zu neuem Leben!<\/p><p>Die Kollektion bezieht sich auf den Naturstein Burlington, jedoch im Minimalismus. Kompakter Hintergrund mit subtilen Bewegungen, die ihm Dynamik verleihen, und feinen Adern der besten Schnitte. Weckt Emotionen und vermittelt Leidenschaft. Zeitlos, die sich durch ihre Einfachheit auszeichnet, weil sie die R\u00e4ume nicht dominiert, sondern die Pers\u00f6nlichkeiten flie\u00dfen l\u00e4sst.<\/p>","protected":false},"excerpt":{"rendered":"<p>Fliesen Wandfliese Wei\u00dfscherbig Bellevue Tz Grey Light 33,3X90 RectDiese Fliese der Serie Bellevue im Format 33,3X90 ist eine Wandfliese Wei\u00dfscherbig in der Farbe Grau mit matter Oberfl\u00e4che.Serie BellevueKollektion von Fliesen in Steinoptik BellevueDie raffinierte Eleganz des Steins erwacht in einer Umgebung voller visueller Sch\u00f6nheit zu neuem Leben!Die Kollektion bezieht sich auf den Naturstein Burlington, jedoch [&hellip;]<\/p>\n","protected":false},"featured_media":522806,"comment_status":"open","ping_status":"closed","template":"","meta":[],"product_brand":[],"product_cat":[456],"product_tag":[],"class_list":{"0":"post-583126","1":"product","2":"type-product","3":"status-publish","4":"has-post-thumbnail","6":"product_cat-vohnzimmer","8":"first","9":"instock","10":"shipping-taxable","11":"purchasable","12":"product-type-simple"},"_links":{"self":[{"href":"https:\/\/tilefly.com\/de\/wp-json\/wp\/v2\/product\/583126","targetHints":{"allow":["GET"]}}],"collection":[{"href":"https:\/\/tilefly.com\/de\/wp-json\/wp\/v2\/product"}],"about":[{"href":"https:\/\/tilefly.com\/de\/wp-json\/wp\/v2\/types\/product"}],"replies":[{"embeddable":true,"href":"https:\/\/tilefly.com\/de\/wp-json\/wp\/v2\/comments?post=583126"}],"wp:featuredmedia":[{"embeddable":true,"href":"https:\/\/tilefly.com\/de\/wp-json\/wp\/v2\/media\/522806"}],"wp:attachment":[{"href":"https:\/\/tilefly.com\/de\/wp-json\/wp\/v2\/media?parent=583126"}],"wp:term":[{"taxonomy":"product_brand","embeddable":true,"href":"https:\/\/tilefly.com\/de\/wp-json\/wp\/v2\/product_brand?post=583126"},{"taxonomy":"product_cat","embeddable":true,"href":"https:\/\/tilefly.com\/de\/wp-json\/wp\/v2\/product_cat?post=583126"},{"taxonomy":"product_tag","embeddable":true,"href":"https:\/\/tilefly.com\/de\/wp-json\/wp\/v2\/product_tag?post=583126"}],"curies":[{"name":"wp","href":"https:\/\/api.w.org\/{rel}","templated":true}]}}