{"id":583123,"date":"2023-02-10T16:50:11","date_gmt":"2023-02-10T15:50:11","guid":{"rendered":"https:\/\/tilefly.com\/producto\/andros-blanco-br-25x50\/"},"modified":"2025-10-24T19:14:45","modified_gmt":"2025-10-24T17:14:45","slug":"andros-blanco-br-25x50","status":"publish","type":"product","link":"https:\/\/tilefly.com\/de\/produkt\/andros-blanco-br-25x50\/","title":{"rendered":"ANDROS BLANCO BR 25X50"},"content":{"rendered":"<div class=\"woocommerce-tabs wc-tabs-wrapper\"><div id=\"tab-description\" class=\"woocommerce-Tabs-panel woocommerce-Tabs-panel--description panel entry-content wc-tab\" role=\"tabpanel\" aria-labelledby=\"tab-title-description\"><p>Diese Rotk\u00f6rperfliese der Serie Andros ist eine kosteng\u00fcnstige Verkleidung, ideal f\u00fcr nicht feuchte Bereiche. Sie verf\u00fcgt \u00fcber eine Marmor-Imitation Textur und ein gl\u00e4nzendes Finish im Format 25&#215;50 Zentimeter.<\/p><\/div><\/div>","protected":false},"excerpt":{"rendered":"<p>Diese Rotk\u00f6rperfliese der Serie Andros ist eine kosteng\u00fcnstige Verkleidung, ideal f\u00fcr nicht feuchte Bereiche. Sie verf\u00fcgt \u00fcber eine Marmor-Imitation Textur und ein gl\u00e4nzendes Finish im Format 25&#215;50 Zentimeter.<\/p>\n","protected":false},"featured_media":522837,"comment_status":"closed","ping_status":"closed","template":"","meta":[],"product_brand":[],"product_cat":[457,458,459],"product_tag":[],"class_list":{"0":"post-583123","1":"product","2":"type-product","3":"status-publish","4":"has-post-thumbnail","6":"product_cat-badezimmer","7":"product_cat-kuchen","8":"product_cat-wandfliesen","10":"first","11":"instock","12":"shipping-taxable","13":"purchasable","14":"product-type-simple"},"_links":{"self":[{"href":"https:\/\/tilefly.com\/de\/wp-json\/wp\/v2\/product\/583123","targetHints":{"allow":["GET"]}}],"collection":[{"href":"https:\/\/tilefly.com\/de\/wp-json\/wp\/v2\/product"}],"about":[{"href":"https:\/\/tilefly.com\/de\/wp-json\/wp\/v2\/types\/product"}],"replies":[{"embeddable":true,"href":"https:\/\/tilefly.com\/de\/wp-json\/wp\/v2\/comments?post=583123"}],"wp:featuredmedia":[{"embeddable":true,"href":"https:\/\/tilefly.com\/de\/wp-json\/wp\/v2\/media\/522837"}],"wp:attachment":[{"href":"https:\/\/tilefly.com\/de\/wp-json\/wp\/v2\/media?parent=583123"}],"wp:term":[{"taxonomy":"product_brand","embeddable":true,"href":"https:\/\/tilefly.com\/de\/wp-json\/wp\/v2\/product_brand?post=583123"},{"taxonomy":"product_cat","embeddable":true,"href":"https:\/\/tilefly.com\/de\/wp-json\/wp\/v2\/product_cat?post=583123"},{"taxonomy":"product_tag","embeddable":true,"href":"https:\/\/tilefly.com\/de\/wp-json\/wp\/v2\/product_tag?post=583123"}],"curies":[{"name":"wp","href":"https:\/\/api.w.org\/{rel}","templated":true}]}}