{"id":583118,"date":"2024-01-26T17:07:46","date_gmt":"2024-01-26T16:07:46","guid":{"rendered":"https:\/\/tilefly.com\/producto\/blaze-haya-mt-15x90\/"},"modified":"2025-10-24T19:14:16","modified_gmt":"2025-10-24T17:14:16","slug":"blaze-haya-mt-15x90","status":"publish","type":"product","link":"https:\/\/tilefly.com\/de\/produkt\/blaze-haya-mt-15x90\/","title":{"rendered":"BLAZE HAYA MT 15X90"},"content":{"rendered":"<h1><strong>Glasierte Feinsteinzeugfliese BLAZE HAYA MT 15X90<\/strong><\/h1><p>Diese Fliese aus der Serie BLAZE im Format 15X90 ist eine glasierte Feinsteinzeugfliese in der Farbe Buche mit matter Oberfl\u00e4che.<\/p><h2>BLAZE HAYA MT 15X90<\/h2><p>Die Fliese BLAZE HAYA MT 15X90 ist mit ihrer matten Oberfl\u00e4che und der Farbe Buche eine elegante Wahl. Sie bringt die Sch\u00f6nheit von Holz in Ihre Innenr\u00e4ume und schafft eine einladende Atmosph\u00e4re. Ihr l\u00e4ngliches Format ist perfekt f\u00fcr moderne und traditionelle Designs.<\/p>","protected":false},"excerpt":{"rendered":"<p>Glasierte Feinsteinzeugfliese BLAZE HAYA MT 15X90Diese Fliese aus der Serie BLAZE im Format 15X90 ist eine glasierte Feinsteinzeugfliese in der Farbe Buche mit matter Oberfl\u00e4che.BLAZE HAYA MT 15X90Die Fliese BLAZE HAYA MT 15X90 ist mit ihrer matten Oberfl\u00e4che und der Farbe Buche eine elegante Wahl. Sie bringt die Sch\u00f6nheit von Holz in Ihre Innenr\u00e4ume und [&hellip;]<\/p>\n","protected":false},"featured_media":526199,"comment_status":"open","ping_status":"closed","template":"","meta":[],"product_brand":[],"product_cat":[457,458,456,459],"product_tag":[],"class_list":{"0":"post-583118","1":"product","2":"type-product","3":"status-publish","4":"has-post-thumbnail","6":"product_cat-badezimmer","7":"product_cat-kuchen","8":"product_cat-vohnzimmer","9":"product_cat-wandfliesen","11":"first","12":"instock","13":"shipping-taxable","14":"purchasable","15":"product-type-simple"},"_links":{"self":[{"href":"https:\/\/tilefly.com\/de\/wp-json\/wp\/v2\/product\/583118","targetHints":{"allow":["GET"]}}],"collection":[{"href":"https:\/\/tilefly.com\/de\/wp-json\/wp\/v2\/product"}],"about":[{"href":"https:\/\/tilefly.com\/de\/wp-json\/wp\/v2\/types\/product"}],"replies":[{"embeddable":true,"href":"https:\/\/tilefly.com\/de\/wp-json\/wp\/v2\/comments?post=583118"}],"wp:featuredmedia":[{"embeddable":true,"href":"https:\/\/tilefly.com\/de\/wp-json\/wp\/v2\/media\/526199"}],"wp:attachment":[{"href":"https:\/\/tilefly.com\/de\/wp-json\/wp\/v2\/media?parent=583118"}],"wp:term":[{"taxonomy":"product_brand","embeddable":true,"href":"https:\/\/tilefly.com\/de\/wp-json\/wp\/v2\/product_brand?post=583118"},{"taxonomy":"product_cat","embeddable":true,"href":"https:\/\/tilefly.com\/de\/wp-json\/wp\/v2\/product_cat?post=583118"},{"taxonomy":"product_tag","embeddable":true,"href":"https:\/\/tilefly.com\/de\/wp-json\/wp\/v2\/product_tag?post=583118"}],"curies":[{"name":"wp","href":"https:\/\/api.w.org\/{rel}","templated":true}]}}