{"id":583116,"date":"2024-01-26T17:08:26","date_gmt":"2024-01-26T16:08:26","guid":{"rendered":"https:\/\/tilefly.com\/producto\/blaze-roble-mt-30x150-rect\/"},"modified":"2025-10-24T19:14:01","modified_gmt":"2025-10-24T17:14:01","slug":"blaze-roble-mt-30x150-rect","status":"publish","type":"product","link":"https:\/\/tilefly.com\/de\/produkt\/blaze-roble-mt-30x150-rect\/","title":{"rendered":"BLAZE ROBLE MT 30X150 RECT"},"content":{"rendered":"<h1><strong>Feinsteinzeugfliese BLAZE ROBLE MT 30X150 RECT<\/strong><\/h1><p>Diese Fliese aus der Serie BLAZE im Format 30X150 ist eine Feinsteinzeugfliese in der Farbe Roble mit matter Oberfl\u00e4che.<\/p><h2>BLAZE ROBLE MT 30X150 RECT<\/h2><p>Die Fliese BLAZE ROBLE MT 30X150 RECT ist mit ihrem matten Finish und der Farbe Eiche eine klassische Wahl. Sie bringt die W\u00e4rme von Holz in Ihre Innenr\u00e4ume, ohne die Widerstandsf\u00e4higkeit zu beeintr\u00e4chtigen. Ihr rektifiziertes Format verleiht einen Hauch von zeitgen\u00f6ssischer Eleganz.<\/p>","protected":false},"excerpt":{"rendered":"<p>Feinsteinzeugfliese BLAZE ROBLE MT 30X150 RECTDiese Fliese aus der Serie BLAZE im Format 30X150 ist eine Feinsteinzeugfliese in der Farbe Roble mit matter Oberfl\u00e4che.BLAZE ROBLE MT 30X150 RECTDie Fliese BLAZE ROBLE MT 30X150 RECT ist mit ihrem matten Finish und der Farbe Eiche eine klassische Wahl. Sie bringt die W\u00e4rme von Holz in Ihre Innenr\u00e4ume, [&hellip;]<\/p>\n","protected":false},"featured_media":526225,"comment_status":"open","ping_status":"closed","template":"","meta":[],"product_brand":[],"product_cat":[457,458,456,459],"product_tag":[],"class_list":{"0":"post-583116","1":"product","2":"type-product","3":"status-publish","4":"has-post-thumbnail","6":"product_cat-badezimmer","7":"product_cat-kuchen","8":"product_cat-vohnzimmer","9":"product_cat-wandfliesen","11":"first","12":"outofstock","13":"shipping-taxable","14":"purchasable","15":"product-type-simple"},"_links":{"self":[{"href":"https:\/\/tilefly.com\/de\/wp-json\/wp\/v2\/product\/583116","targetHints":{"allow":["GET"]}}],"collection":[{"href":"https:\/\/tilefly.com\/de\/wp-json\/wp\/v2\/product"}],"about":[{"href":"https:\/\/tilefly.com\/de\/wp-json\/wp\/v2\/types\/product"}],"replies":[{"embeddable":true,"href":"https:\/\/tilefly.com\/de\/wp-json\/wp\/v2\/comments?post=583116"}],"wp:featuredmedia":[{"embeddable":true,"href":"https:\/\/tilefly.com\/de\/wp-json\/wp\/v2\/media\/526225"}],"wp:attachment":[{"href":"https:\/\/tilefly.com\/de\/wp-json\/wp\/v2\/media?parent=583116"}],"wp:term":[{"taxonomy":"product_brand","embeddable":true,"href":"https:\/\/tilefly.com\/de\/wp-json\/wp\/v2\/product_brand?post=583116"},{"taxonomy":"product_cat","embeddable":true,"href":"https:\/\/tilefly.com\/de\/wp-json\/wp\/v2\/product_cat?post=583116"},{"taxonomy":"product_tag","embeddable":true,"href":"https:\/\/tilefly.com\/de\/wp-json\/wp\/v2\/product_tag?post=583116"}],"curies":[{"name":"wp","href":"https:\/\/api.w.org\/{rel}","templated":true}]}}