{"id":583108,"date":"2024-05-03T14:21:12","date_gmt":"2024-05-03T12:21:12","guid":{"rendered":"https:\/\/tilefly.com\/producto\/revestimiento-coliseum-trenza-blanco-20x60\/"},"modified":"2025-10-24T19:13:29","modified_gmt":"2025-10-24T17:13:29","slug":"revestimiento-coliseum-trenza-blanco-20x60","status":"publish","type":"product","link":"https:\/\/tilefly.com\/de\/produkt\/revestimiento-coliseum-trenza-blanco-20x60\/","title":{"rendered":"COLISEUM TRENZA BLANCO 20X60"},"content":{"rendered":"<p>Diese Rot Scherbenfliese aus der Serie Coliseum Trenza ist eine kosteng\u00fcnstige Verkleidung, ideal f\u00fcr nicht-feuchte Bereiche. Sie verf\u00fcgt \u00fcber eine marmor\u00e4hnliche Textur und eine matte Oberfl\u00e4che im Format 20&#215;60 Zentimeter.<\/p>","protected":false},"excerpt":{"rendered":"<p>Diese Rot Scherbenfliese aus der Serie Coliseum Trenza ist eine kosteng\u00fcnstige Verkleidung, ideal f\u00fcr nicht-feuchte Bereiche. Sie verf\u00fcgt \u00fcber eine marmor\u00e4hnliche Textur und eine matte Oberfl\u00e4che im Format 20&#215;60 Zentimeter.<\/p>\n","protected":false},"featured_media":583109,"comment_status":"open","ping_status":"closed","template":"","meta":[],"product_brand":[],"product_cat":[459],"product_tag":[],"class_list":{"0":"post-583108","1":"product","2":"type-product","3":"status-publish","4":"has-post-thumbnail","6":"product_cat-wandfliesen","8":"first","9":"instock","10":"shipping-taxable","11":"purchasable","12":"product-type-simple"},"_links":{"self":[{"href":"https:\/\/tilefly.com\/de\/wp-json\/wp\/v2\/product\/583108","targetHints":{"allow":["GET"]}}],"collection":[{"href":"https:\/\/tilefly.com\/de\/wp-json\/wp\/v2\/product"}],"about":[{"href":"https:\/\/tilefly.com\/de\/wp-json\/wp\/v2\/types\/product"}],"replies":[{"embeddable":true,"href":"https:\/\/tilefly.com\/de\/wp-json\/wp\/v2\/comments?post=583108"}],"wp:featuredmedia":[{"embeddable":true,"href":"https:\/\/tilefly.com\/de\/wp-json\/wp\/v2\/media\/583109"}],"wp:attachment":[{"href":"https:\/\/tilefly.com\/de\/wp-json\/wp\/v2\/media?parent=583108"}],"wp:term":[{"taxonomy":"product_brand","embeddable":true,"href":"https:\/\/tilefly.com\/de\/wp-json\/wp\/v2\/product_brand?post=583108"},{"taxonomy":"product_cat","embeddable":true,"href":"https:\/\/tilefly.com\/de\/wp-json\/wp\/v2\/product_cat?post=583108"},{"taxonomy":"product_tag","embeddable":true,"href":"https:\/\/tilefly.com\/de\/wp-json\/wp\/v2\/product_tag?post=583108"}],"curies":[{"name":"wp","href":"https:\/\/api.w.org\/{rel}","templated":true}]}}