{"id":583107,"date":"2024-06-05T20:27:16","date_gmt":"2024-06-05T18:27:16","guid":{"rendered":"https:\/\/tilefly.com\/producto\/crassana-grey-mt-20x60\/"},"modified":"2025-10-24T19:13:22","modified_gmt":"2025-10-24T17:13:22","slug":"crassana-grey-mt-20x60","status":"publish","type":"product","link":"https:\/\/tilefly.com\/de\/produkt\/crassana-grey-mt-20x60\/","title":{"rendered":"CRASSANA GREY MT 20X60"},"content":{"rendered":"<h1><strong>CRASSANA GREY MT 20X60 1A STN<\/strong><\/h1><p>Diese Fliese aus der Serie CRASSANA im Format 20X60 ist eine graue Fliese mit matter Oberfl\u00e4che. Sie ist ideal f\u00fcr den Innenbereich geeignet. Sie wird in einer Box mit 13 St\u00fcck und insgesamt 64 Boxen geliefert.<\/p>","protected":false},"excerpt":{"rendered":"<p>CRASSANA GREY MT 20X60 1A STNDiese Fliese aus der Serie CRASSANA im Format 20X60 ist eine graue Fliese mit matter Oberfl\u00e4che. Sie ist ideal f\u00fcr den Innenbereich geeignet. Sie wird in einer Box mit 13 St\u00fcck und insgesamt 64 Boxen geliefert.<\/p>\n","protected":false},"featured_media":528488,"comment_status":"open","ping_status":"closed","template":"","meta":[],"product_brand":[],"product_cat":[457,458,459],"product_tag":[],"class_list":{"0":"post-583107","1":"product","2":"type-product","3":"status-publish","4":"has-post-thumbnail","6":"product_cat-badezimmer","7":"product_cat-kuchen","8":"product_cat-wandfliesen","10":"first","11":"instock","12":"shipping-taxable","13":"purchasable","14":"product-type-simple"},"_links":{"self":[{"href":"https:\/\/tilefly.com\/de\/wp-json\/wp\/v2\/product\/583107","targetHints":{"allow":["GET"]}}],"collection":[{"href":"https:\/\/tilefly.com\/de\/wp-json\/wp\/v2\/product"}],"about":[{"href":"https:\/\/tilefly.com\/de\/wp-json\/wp\/v2\/types\/product"}],"replies":[{"embeddable":true,"href":"https:\/\/tilefly.com\/de\/wp-json\/wp\/v2\/comments?post=583107"}],"wp:featuredmedia":[{"embeddable":true,"href":"https:\/\/tilefly.com\/de\/wp-json\/wp\/v2\/media\/528488"}],"wp:attachment":[{"href":"https:\/\/tilefly.com\/de\/wp-json\/wp\/v2\/media?parent=583107"}],"wp:term":[{"taxonomy":"product_brand","embeddable":true,"href":"https:\/\/tilefly.com\/de\/wp-json\/wp\/v2\/product_brand?post=583107"},{"taxonomy":"product_cat","embeddable":true,"href":"https:\/\/tilefly.com\/de\/wp-json\/wp\/v2\/product_cat?post=583107"},{"taxonomy":"product_tag","embeddable":true,"href":"https:\/\/tilefly.com\/de\/wp-json\/wp\/v2\/product_tag?post=583107"}],"curies":[{"name":"wp","href":"https:\/\/api.w.org\/{rel}","templated":true}]}}