{"id":583090,"date":"2025-10-02T10:47:38","date_gmt":"2025-10-02T08:47:38","guid":{"rendered":"https:\/\/tilefly.com\/producto\/sakhir-grey-mt-60x120-rect-antid\/"},"modified":"2025-10-24T19:11:41","modified_gmt":"2025-10-24T17:11:41","slug":"sakhir-grey-mt-60x120-rect-antid","status":"publish","type":"product","link":"https:\/\/tilefly.com\/de\/produkt\/sakhir-grey-mt-60x120-rect-antid\/","title":{"rendered":"SAKHIR GREY MT 60X120 RECT. ANTID."},"content":{"rendered":"<h2>SAKHIR GREY MT 60X120 RECT. ANTID. &#8211; Hochleistungs-Feinsteinzeug<\/h2><p>Das Feinsteinzeug Sakhir Grey MT ist die perfekte L\u00f6sung f\u00fcr alle, die anspruchsvolles Design mit maximaler Sicherheit verbinden m\u00f6chten. Diese <strong><a href=\"https:\/\/tilefly.com\/de\/fliesen\/\">Fliese<\/a><\/strong> im Gro\u00dfformat (60&#215;120 cm) ist aus hochfestem, glasiertem Material gefertigt, was eine au\u00dfergew\u00f6hnliche Haltbarkeit garantiert, ideal f\u00fcr stark frequentierte Bereiche sowohl im privaten als auch im gewerblichen Bereich. Sein heller Grauton und die matte Oberfl\u00e4che ahmen die Sch\u00f6nheit von Naturstein originalgetreu nach und bieten eine schlichte und moderne \u00c4sthetik, die sich perfekt in jeden Dekorationsstil einf\u00fcgt. Dar\u00fcber hinaus erm\u00f6glicht die rektifizierte Kante Installationen mit minimalen Fugen, wodurch eine durchgehende und optisch expansive Oberfl\u00e4che erzielt wird.<\/p><p>Was die Fliese Sakhir Grey MT wirklich auszeichnet, ist ihre rutschfeste Eigenschaft (ANTID, mit hoher Klassifizierung C3\/R11). Diese Eigenschaft macht sie zu einem \u00e4u\u00dferst vielseitigen und sicheren Produkt, das f\u00fcr die Verlegung in jedem Bereich geeignet ist, von Innenr\u00e4umen wie Wohnzimmern und B\u00e4dern bis hin zu Au\u00dfenbereichen wie Terrassen, H\u00f6fen und Poolbereichen. Da es f\u00fcr den Innen- und Au\u00dfenbereich geeignet ist, erm\u00f6glicht Ihnen dieses Feinsteinzeug, eine flie\u00dfende visuelle Kontinuit\u00e4t zwischen den Umgebungen aufrechtzuerhalten, ohne auf Schutz und Stil zu verzichten. W\u00e4hlen Sie Sakhir Grey MT f\u00fcr eine elegante, widerstandsf\u00e4hige und vor allem sichere Verkleidung.<\/p>","protected":false},"excerpt":{"rendered":"<p>SAKHIR GREY MT 60X120 RECT. ANTID. &#8211; Hochleistungs-FeinsteinzeugDas Feinsteinzeug Sakhir Grey MT ist die perfekte L\u00f6sung f\u00fcr alle, die anspruchsvolles Design mit maximaler Sicherheit verbinden m\u00f6chten. Diese Fliese im Gro\u00dfformat (60&#215;120 cm) ist aus hochfestem, glasiertem Material gefertigt, was eine au\u00dfergew\u00f6hnliche Haltbarkeit garantiert, ideal f\u00fcr stark frequentierte Bereiche sowohl im privaten als auch im gewerblichen [&hellip;]<\/p>\n","protected":false},"featured_media":583091,"comment_status":"closed","ping_status":"closed","template":"","meta":[],"product_brand":[],"product_cat":[456],"product_tag":[],"class_list":{"0":"post-583090","1":"product","2":"type-product","3":"status-publish","4":"has-post-thumbnail","6":"product_cat-vohnzimmer","8":"first","9":"instock","10":"shipping-taxable","11":"purchasable","12":"product-type-simple"},"_links":{"self":[{"href":"https:\/\/tilefly.com\/de\/wp-json\/wp\/v2\/product\/583090","targetHints":{"allow":["GET"]}}],"collection":[{"href":"https:\/\/tilefly.com\/de\/wp-json\/wp\/v2\/product"}],"about":[{"href":"https:\/\/tilefly.com\/de\/wp-json\/wp\/v2\/types\/product"}],"replies":[{"embeddable":true,"href":"https:\/\/tilefly.com\/de\/wp-json\/wp\/v2\/comments?post=583090"}],"wp:featuredmedia":[{"embeddable":true,"href":"https:\/\/tilefly.com\/de\/wp-json\/wp\/v2\/media\/583091"}],"wp:attachment":[{"href":"https:\/\/tilefly.com\/de\/wp-json\/wp\/v2\/media?parent=583090"}],"wp:term":[{"taxonomy":"product_brand","embeddable":true,"href":"https:\/\/tilefly.com\/de\/wp-json\/wp\/v2\/product_brand?post=583090"},{"taxonomy":"product_cat","embeddable":true,"href":"https:\/\/tilefly.com\/de\/wp-json\/wp\/v2\/product_cat?post=583090"},{"taxonomy":"product_tag","embeddable":true,"href":"https:\/\/tilefly.com\/de\/wp-json\/wp\/v2\/product_tag?post=583090"}],"curies":[{"name":"wp","href":"https:\/\/api.w.org\/{rel}","templated":true}]}}