{"id":579857,"date":"2023-05-25T23:46:43","date_gmt":"2023-05-25T21:46:43","guid":{"rendered":"https:\/\/tilefly.com\/producto\/isla-green-mix-20x60\/"},"modified":"2025-10-29T09:14:23","modified_gmt":"2025-10-29T08:14:23","slug":"isla-green-mix-20x60","status":"publish","type":"product","link":"https:\/\/tilefly.com\/de\/produkt\/isla-green-mix-20x60\/","title":{"rendered":"Isla Green Mix 20X60"},"content":{"rendered":"<h1><strong>Isla<\/strong><\/h1><p><\/p><h4>Azulejo formato 20&#215;60 de la serie STAY<\/h4><p><\/p><h5>El tiempo de los colores ha llegado.<\/h5><p> <\/p><h2>Serie <a href=\"https:\/\/tilefly.com\/de\/produkt\/stay\/\">Stay<\/a><\/h2><p> <\/p><p> Stay es una colecci\u00f3n minimalista, estudiada para que perdure en el tiempo. Su novedosos y atrevido dise\u00f1o JUK es un laberinto lleno de posibilidades para tus paredes. Sus colores de vanguardia dan a la colecci\u00f3n un toque sofisticado y que se complementa perfectamente con sus decorados Isla, nuestra apuesta m\u00e1s moderna que hace un gui\u00f1o al terrazo cl\u00e1sico.<\/p>","protected":false},"excerpt":{"rendered":"<p>IslaAzulejo formato 20&#215;60 de la serie STAYEl tiempo de los colores ha llegado. Serie Stay Stay es una colecci\u00f3n minimalista, estudiada para que perdure en el tiempo. Su novedosos y atrevido dise\u00f1o JUK es un laberinto lleno de posibilidades para tus paredes. Sus colores de vanguardia dan a la colecci\u00f3n un toque sofisticado y que [&hellip;]<\/p>\n","protected":false},"featured_media":524056,"comment_status":"open","ping_status":"closed","template":"","meta":[],"product_brand":[],"product_cat":[457,458],"product_tag":[],"class_list":{"0":"post-579857","1":"product","2":"type-product","3":"status-publish","4":"has-post-thumbnail","6":"product_cat-badezimmer","7":"product_cat-kuchen","9":"first","10":"instock","11":"shipping-taxable","12":"purchasable","13":"product-type-simple"},"_links":{"self":[{"href":"https:\/\/tilefly.com\/de\/wp-json\/wp\/v2\/product\/579857","targetHints":{"allow":["GET"]}}],"collection":[{"href":"https:\/\/tilefly.com\/de\/wp-json\/wp\/v2\/product"}],"about":[{"href":"https:\/\/tilefly.com\/de\/wp-json\/wp\/v2\/types\/product"}],"replies":[{"embeddable":true,"href":"https:\/\/tilefly.com\/de\/wp-json\/wp\/v2\/comments?post=579857"}],"wp:featuredmedia":[{"embeddable":true,"href":"https:\/\/tilefly.com\/de\/wp-json\/wp\/v2\/media\/524056"}],"wp:attachment":[{"href":"https:\/\/tilefly.com\/de\/wp-json\/wp\/v2\/media?parent=579857"}],"wp:term":[{"taxonomy":"product_brand","embeddable":true,"href":"https:\/\/tilefly.com\/de\/wp-json\/wp\/v2\/product_brand?post=579857"},{"taxonomy":"product_cat","embeddable":true,"href":"https:\/\/tilefly.com\/de\/wp-json\/wp\/v2\/product_cat?post=579857"},{"taxonomy":"product_tag","embeddable":true,"href":"https:\/\/tilefly.com\/de\/wp-json\/wp\/v2\/product_tag?post=579857"}],"curies":[{"name":"wp","href":"https:\/\/api.w.org\/{rel}","templated":true}]}}