{"id":579455,"date":"2025-10-10T16:04:39","date_gmt":"2025-10-10T14:04:39","guid":{"rendered":"https:\/\/tilefly.com\/producto\/3db-baldai-cenere-mt-30x150-rect\/"},"modified":"2025-10-10T16:52:42","modified_gmt":"2025-10-10T14:52:42","slug":"3db-baldai-cenere-mt-30x150-rect","status":"publish","type":"product","link":"https:\/\/tilefly.com\/de\/produkt\/3db-baldai-cenere-mt-30x150-rect\/","title":{"rendered":"3DB BALDAI CENERE MT 30X150 RECT"},"content":{"rendered":"<h2>Feinsteinzeugfliese Matt 3DB BALDAI CENERE MT 30X150 RECT<\/h2><p>Verwandeln Sie Ihre R\u00e4ume mit der zeitlosen Eleganz des Modells 3DB BALDAI CENERE MT 30X150, einem unverwechselbaren St\u00fcck aus der Kollektion <a href=\"https:\/\/tilefly.com\/de\/produkt\/baldai\/\">BALDAI<\/a>. Dieses matte, glasierte Feinsteinzeug verbindet die W\u00e4rme und nat\u00fcrliche \u00c4sthetik von Holz mit keramischer Technologieinnovation. Sein Farbton Cenere, ein raffiniertes Gleichgewicht zwischen hellen und mittleren Braunt\u00f6nen mit subtilen beige- und gr\u00e4ulichen Nuancen, schafft eine heitere und organische Atmosph\u00e4re. Es ist die perfekte Wahl f\u00fcr alle, die sich die unverwechselbare Sch\u00f6nheit von Holz w\u00fcnschen, aber Wert auf Widerstandsf\u00e4higkeit, Langlebigkeit und minimalen Wartungsaufwand legen. Ideal, um jede Umgebung zu versch\u00f6nern und ihr einen dauerhaften Stil und eine h\u00f6here Funktionalit\u00e4t zu verleihen.<\/p><p>Die Baldai Cenere zeichnet sich durch ihre erstaunliche Holzimitation aus. Jede Fliese weist ein detailliertes und abwechslungsreiches Muster aus Maserungen und \u00c4sten auf, das realistisch wirkt. Die geschwungenen und charakteristischen Linien der Maserung sind f\u00fchlbar, mit Tonwertvariationen, bei denen dunklere Maserungen Tiefe auf einem helleren Hintergrund verleihen. Markante \u00c4ste, einige dezent und andere markanter wie der ovale nach rechts, mit dunklen Innent\u00f6nen, verleihen einen rustikalen und authentischen Charakter. Kleine, simulierte Markierungen und Risse ahmen die nat\u00fcrliche Abnutzung nach und bereichern die Authentizit\u00e4t und den gelebten Charme der Oberfl\u00e4che. Dieser Detaillierungsgrad sorgt f\u00fcr eine reiche und authentische \u00c4sthetik, die perfekt ist, um Umgebungen mit Seele zu schaffen.<\/p><p>Mit ihrem Format von 30&#215;150 cm, einem l\u00e4nglichen Dielenformat, ist diese ungleichm\u00e4\u00dfige Fliese ideal, um ein Gef\u00fchl von Kontinuit\u00e4t und Weite zu erzeugen, wodurch R\u00e4ume gr\u00f6\u00dfer und eleganter wirken und die Wertigkeit eines echten Holzbodens widerspiegeln. Hergestellt aus erstklassigem, matt glasiertem Feinsteinzeug bietet dieses Material eine au\u00dfergew\u00f6hnliche Leistung: Robustheit f\u00fcr hohe Beanspruchung, \u00fcberlegene Best\u00e4ndigkeit gegen Feuchtigkeit, Flecken und Temperaturschwankungen sowie eine Haltbarkeit, die weit \u00fcber der von herk\u00f6mmlichem Holz liegt. Seine elegante und funktionelle, matte Oberfl\u00e4che eliminiert unerw\u00fcnschte Reflexionen und bietet eine weiche und rutschfeste Oberfl\u00e4che, die die Glaubw\u00fcrdigkeit der Imitation verst\u00e4rkt und ein einwandfreies visuelles und funktionales Erlebnis auf B\u00f6den oder Wandverkleidungen gew\u00e4hrleistet.<\/p><p>Zusammenfassend ist das 3DB BALDAI CENERE MT 30X150 die ideale L\u00f6sung f\u00fcr Projekte, die die warme und einladende \u00c4sthetik von Holz mit den un\u00fcbertroffenen Vorteilen von Feinsteinzeug verbinden m\u00f6chten. Langlebig, vielseitig und pflegeleicht, ist sie perfekt f\u00fcr die Schaffung von gem\u00fctlichen, eleganten und charaktervollen Umgebungen, sowohl in Privath\u00e4usern als auch in Gewerber\u00e4umen. Entdecken Sie die Fusion aus Innovation und Tradition, die die Serie <a href=\"https:\/\/tilefly.com\/de\/produkt\/baldai\/\">BALDAI<\/a> f\u00fcr Ihre Projekte bereith\u00e4lt.<\/p>","protected":false},"excerpt":{"rendered":"<p>Feinsteinzeugfliese Matt 3DB BALDAI CENERE MT 30X150 RECTVerwandeln Sie Ihre R\u00e4ume mit der zeitlosen Eleganz des Modells 3DB BALDAI CENERE MT 30X150, einem unverwechselbaren St\u00fcck aus der Kollektion BALDAI. Dieses matte, glasierte Feinsteinzeug verbindet die W\u00e4rme und nat\u00fcrliche \u00c4sthetik von Holz mit keramischer Technologieinnovation. Sein Farbton Cenere, ein raffiniertes Gleichgewicht zwischen hellen und mittleren Braunt\u00f6nen [&hellip;]<\/p>\n","protected":false},"featured_media":579456,"comment_status":"open","ping_status":"closed","template":"","meta":[],"product_brand":[],"product_cat":[457,458,456,459],"product_tag":[],"class_list":{"0":"post-579455","1":"product","2":"type-product","3":"status-publish","4":"has-post-thumbnail","6":"product_cat-badezimmer","7":"product_cat-kuchen","8":"product_cat-vohnzimmer","9":"product_cat-wandfliesen","11":"first","12":"instock","13":"shipping-taxable","14":"purchasable","15":"product-type-simple"},"_links":{"self":[{"href":"https:\/\/tilefly.com\/de\/wp-json\/wp\/v2\/product\/579455","targetHints":{"allow":["GET"]}}],"collection":[{"href":"https:\/\/tilefly.com\/de\/wp-json\/wp\/v2\/product"}],"about":[{"href":"https:\/\/tilefly.com\/de\/wp-json\/wp\/v2\/types\/product"}],"replies":[{"embeddable":true,"href":"https:\/\/tilefly.com\/de\/wp-json\/wp\/v2\/comments?post=579455"}],"wp:featuredmedia":[{"embeddable":true,"href":"https:\/\/tilefly.com\/de\/wp-json\/wp\/v2\/media\/579456"}],"wp:attachment":[{"href":"https:\/\/tilefly.com\/de\/wp-json\/wp\/v2\/media?parent=579455"}],"wp:term":[{"taxonomy":"product_brand","embeddable":true,"href":"https:\/\/tilefly.com\/de\/wp-json\/wp\/v2\/product_brand?post=579455"},{"taxonomy":"product_cat","embeddable":true,"href":"https:\/\/tilefly.com\/de\/wp-json\/wp\/v2\/product_cat?post=579455"},{"taxonomy":"product_tag","embeddable":true,"href":"https:\/\/tilefly.com\/de\/wp-json\/wp\/v2\/product_tag?post=579455"}],"curies":[{"name":"wp","href":"https:\/\/api.w.org\/{rel}","templated":true}]}}