{"id":579425,"date":"2025-10-10T16:04:41","date_gmt":"2025-10-10T14:04:41","guid":{"rendered":"https:\/\/tilefly.com\/producto\/antid-baldai-natural-mt-23x120-rect\/"},"modified":"2025-10-10T16:51:44","modified_gmt":"2025-10-10T14:51:44","slug":"antid-baldai-natural-mt-23x120-rect","status":"publish","type":"product","link":"https:\/\/tilefly.com\/de\/produkt\/antid-baldai-natural-mt-23x120-rect\/","title":{"rendered":"ANTID BALDAI NATURAL MT 23X120 RECT"},"content":{"rendered":"<h2>Feinsteinzeugfliese Matt ANTID BALDAI NATURAL MT 23X120 RECT<\/h2><p>Die Fliese &#8220;ANTID BALDAI NATURAL MT 23X120 RECT&#8221; verk\u00f6rpert die unvergleichliche Sch\u00f6nheit und W\u00e4rme von Naturholz, die in einem Hochleistungsmaterial akribisch nachempfunden wurde. Dieses au\u00dfergew\u00f6hnliche St\u00fcck, das Teil der angesehenen Kollektion <a href=\"https:\/\/tilefly.com\/de\/produkt\/baldai\/\">BALDAI<\/a> ist, bietet eine anspruchsvolle und authentische Alternative zu traditionellem Holz und verleiht jedem Innen- oder Au\u00dfenbereich eine zeitlose Eleganz. Seine fesselnde Farbpalette &#8220;Natural&#8221; ist eine meisterhafte Mischung aus warmen Braunt\u00f6nen, die von zarten Beige-Hellbraun bis hin zu tieferen, intensiveren Braunt\u00f6nen reichen, die die komplizierten Maserungsmuster und die charakteristischen Details von gealtertem Holz wundersch\u00f6n betonen. Diese sorgf\u00e4ltige chromatische Variation sorgt f\u00fcr ein dynamisches und unglaublich realistisches Aussehen und ahmt Arten wie Eiche oder helle Walnuss mit beeindruckender Treue nach.<\/p><p>Hergestellt aus erstklassigem, matt glasierter Feinsteinzeug, ist diese Fliese nicht nur ein optisches Wunderwerk, sondern auch ein Triumph der Ingenieurskunst. Als Feinsteinzeugmaterial besitzt es eine au\u00dfergew\u00f6hnliche Haltbarkeit, wodurch es sowohl f\u00fcr Boden- als auch f\u00fcr Wandanwendungen in stark frequentierten Wohnbereichen als auch in leichten Gewerber\u00e4umen geeignet ist. Seine inh\u00e4rente Best\u00e4ndigkeit gegen Feuchtigkeit, Flecken, Kratzer und Temperaturschwankungen garantiert eine langlebige und wartungsarme Oberfl\u00e4che, die die praktischen Einschr\u00e4nkungen von Naturholz bei Weitem \u00fcbertrifft. Das gro\u00dfz\u00fcgige Format von 23&#215;120 cm, das als l\u00e4ngliche Diele konzipiert ist, verst\u00e4rkt die \u00c4sthetik der Holzdiele und erm\u00f6glicht vielseitige Verlegemuster, die einen Raum optisch erweitern oder eine gem\u00fctliche und definierte Atmosph\u00e4re schaffen k\u00f6nnen. Die nicht rektifizierten Kanten tragen zu einem weicheren, traditionelleren Aussehen bei, perfekt f\u00fcr diejenigen, die einen rustikalen Charme mit subtilen Fugenlinien suchen, die sich nahtlos in das Gesamtdesign einf\u00fcgen.<\/p><p>Das &#8220;Matte&#8221;-Finish ist entscheidend f\u00fcr seine authentische Anziehungskraft. Es streut das Licht wunderbar, vermeidet Blendung und hebt die subtilen Texturen der simulierten Holzmaserung hervor, darunter ausgepr\u00e4gte Maserungen, nat\u00fcrlich aussehende \u00c4ste und sogar zarte Markierungen, die kleinen Rissen oder Spr\u00fcngen \u00e4hneln, die in echtem Holz vorkommen. Diese sorgf\u00e4ltig nachgebildeten Unvollkommenheiten sind keine Fehler, sondern bewusste Designelemente, die den Charakter und den Realismus der Fliese unterstreichen und Ihren B\u00f6den und W\u00e4nden Tiefe und Erz\u00e4hlung verleihen. Stellen Sie sich vor, Sie betreten diese Oberfl\u00e4che und sp\u00fcren die subtile Textur, w\u00e4hrend Sie das Spiel von Licht und Schatten durch ihre verschiedenen T\u00f6ne erleben. Es ist eine Einladung, R\u00e4ume zu schaffen, die von Komfort, nat\u00fcrlicher Sch\u00f6nheit und dauerhaftem Stil durchdrungen sind, von Wohnzimmern und K\u00fcchen bis hin zu Badezimmern und Terrassen. Die Kollektion BALDAI und insbesondere diese Variante &#8220;Natural&#8221; ist eine Investition in Sch\u00f6nheit, die dem Lauf der Zeit standh\u00e4lt und die \u00e4sthetische W\u00e4rme von Holz ohne jeglichen Wartungsaufwand bietet. Es ist die perfekte Wahl f\u00fcr alle, die den dauerhaften Charme von Holz mit der \u00fcberlegenen Leistung von modernem Feinsteinzeug w\u00fcnschen.<\/p>","protected":false},"excerpt":{"rendered":"<p>Feinsteinzeugfliese Matt ANTID BALDAI NATURAL MT 23X120 RECTDie Fliese &#8220;ANTID BALDAI NATURAL MT 23X120 RECT&#8221; verk\u00f6rpert die unvergleichliche Sch\u00f6nheit und W\u00e4rme von Naturholz, die in einem Hochleistungsmaterial akribisch nachempfunden wurde. Dieses au\u00dfergew\u00f6hnliche St\u00fcck, das Teil der angesehenen Kollektion BALDAI ist, bietet eine anspruchsvolle und authentische Alternative zu traditionellem Holz und verleiht jedem Innen- oder Au\u00dfenbereich [&hellip;]<\/p>\n","protected":false},"featured_media":579426,"comment_status":"open","ping_status":"closed","template":"","meta":[],"product_brand":[],"product_cat":[457,458,456,459],"product_tag":[],"class_list":{"0":"post-579425","1":"product","2":"type-product","3":"status-publish","4":"has-post-thumbnail","6":"product_cat-badezimmer","7":"product_cat-kuchen","8":"product_cat-vohnzimmer","9":"product_cat-wandfliesen","11":"first","12":"instock","13":"shipping-taxable","14":"purchasable","15":"product-type-simple"},"_links":{"self":[{"href":"https:\/\/tilefly.com\/de\/wp-json\/wp\/v2\/product\/579425","targetHints":{"allow":["GET"]}}],"collection":[{"href":"https:\/\/tilefly.com\/de\/wp-json\/wp\/v2\/product"}],"about":[{"href":"https:\/\/tilefly.com\/de\/wp-json\/wp\/v2\/types\/product"}],"replies":[{"embeddable":true,"href":"https:\/\/tilefly.com\/de\/wp-json\/wp\/v2\/comments?post=579425"}],"wp:featuredmedia":[{"embeddable":true,"href":"https:\/\/tilefly.com\/de\/wp-json\/wp\/v2\/media\/579426"}],"wp:attachment":[{"href":"https:\/\/tilefly.com\/de\/wp-json\/wp\/v2\/media?parent=579425"}],"wp:term":[{"taxonomy":"product_brand","embeddable":true,"href":"https:\/\/tilefly.com\/de\/wp-json\/wp\/v2\/product_brand?post=579425"},{"taxonomy":"product_cat","embeddable":true,"href":"https:\/\/tilefly.com\/de\/wp-json\/wp\/v2\/product_cat?post=579425"},{"taxonomy":"product_tag","embeddable":true,"href":"https:\/\/tilefly.com\/de\/wp-json\/wp\/v2\/product_tag?post=579425"}],"curies":[{"name":"wp","href":"https:\/\/api.w.org\/{rel}","templated":true}]}}