{"id":579279,"date":"2025-10-08T21:26:19","date_gmt":"2025-10-08T19:26:19","guid":{"rendered":"https:\/\/tilefly.com\/producto\/thor-muro-mix-mt-30x60\/"},"modified":"2025-10-09T15:29:37","modified_gmt":"2025-10-09T13:29:37","slug":"thor-muro-mix-mt-30x60","status":"publish","type":"product","link":"https:\/\/tilefly.com\/de\/produkt\/thor-muro-mix-mt-30x60\/","title":{"rendered":"THOR MURO MIX MT 30X60"},"content":{"rendered":"<h2>Feinsteinzeugfliese Matt THOR MURO MIX MT 30X60<\/h2><p>Entdecken Sie die perfekte Wandverkleidung, um Ihre W\u00e4nde mit dem Modell THOR MURO MIX MT 30X60 zu verwandeln, einem au\u00dfergew\u00f6hnlichen St\u00fcck aus der Serie <a href=\"https:\/\/tilefly.com\/de\/produkt\/thor\/\">THOR<\/a> von Tilefly, das die Robustheit von Naturstein mit der Langlebigkeit und Vielseitigkeit von Feinsteinzeug verbindet. Diese Fliese ist sorgf\u00e4ltig entworfen, um die \u00c4sthetik einer gestapelten Steinmauer nachzubilden, mit einem Stil, der an Schiefer oder Quarzit erinnert und jedem Raum einen organischen und zeitgem\u00e4\u00dfen Charakter verleiht.<\/p><p>Ihr Format von 30&#215;60 cm, ungeschliffen, pr\u00e4sentiert rechteckige Streifen unterschiedlicher L\u00e4ngen und H\u00f6hen, die horizontal in einem gestaffelten Muster angeordnet sind und die Authentizit\u00e4t einer Trockenmauer nachbilden. Das \u00fcberraschendste Merkmal von THOR MURO MIX ist seine Farbpalette &#8220;Multicolor&#8221;, eine harmonische Mischung, die die chromatische Komplexit\u00e4t von echtem Stein einf\u00e4ngt. Es dominieren Graut\u00f6ne, von hellen und silbernen T\u00f6nen bis hin zu mittleren Graut\u00f6nen mit subtilen bl\u00e4ulichen oder gr\u00fcnlichen Nuancen, und dunklere Abschnitte, die an Anthrazit oder Schwarz grenzen. Diese sind mit warmen und erdigen Akzenten wie Braun-, Beige-, Ocker- und r\u00f6tlichen oder kupferfarbenen T\u00f6nen verwoben, die in Adern und Streifen auftreten und ihr einen unvergleichlichen visuellen Reichtum und eine chromatische Vielseitigkeit verleihen. Diese Kombination erm\u00f6glicht es, sich perfekt in eine breite Palette von Dekorationsstilen zu integrieren, von rustikal und nat\u00fcrlich bis modern und minimalistisch.<\/p><p>Hergestellt aus matt glasierter Keramik, ist diese Fliese nicht nur \u00e4sthetisch beeindruckend, sondern auch au\u00dfergew\u00f6hnlich funktional. Keramik ist bekannt f\u00fcr ihre hohe Best\u00e4ndigkeit gegen Feuchtigkeit, Temperaturschwankungen und Verschlei\u00df, was sie zur idealen Wahl f\u00fcr Innen- und Au\u00dfenbereiche macht und Fassaden, Terrassen, G\u00e4rten oder St\u00fctzmauern versch\u00f6nert. Seine matte Oberfl\u00e4che erg\u00e4nzt die Steinnachahmung perfekt, mildert unerw\u00fcnschte Reflexionen und verst\u00e4rkt die Tiefe seiner Textur.<\/p><p>Die Oberfl\u00e4chenstruktur ist ein weiterer gro\u00dfer Anziehungspunkt: Die einzelnen &#8220;Steine&#8221; sind nicht glatt, sondern weisen eine raue und leicht reliefartige Oberfl\u00e4che auf, die den nat\u00fcrlichen und rauen Bruch des authentischen Steins simuliert (das sogenannte &#8220;Cleft Finish&#8221;). Es werden subtile Variationen in Tiefe und Glanz zwischen den verschiedenen &#8220;St\u00fccken&#8221; wahrgenommen, was einen erstaunlichen dreidimensionalen Realismus hinzuf\u00fcgt. Die Verbindungen zwischen den Streifen sind so d\u00fcnn, dass sie fast unmerklich sind, was das Erscheinungsbild einer monolithischen Natursteinmauer festigt. Mit THOR MURO MIX MT 30X60 erwerben Sie nicht nur eine Fliese, sondern ein Stilelement, das Ihren Verkleidungsprojekten Haltbarkeit, zeitlose Sch\u00f6nheit und einen Hauch von rustikaler Raffinesse verleiht und Ihre R\u00e4ume mit der W\u00e4rme und Authentizit\u00e4t der Natur verbindet.<\/p>","protected":false},"excerpt":{"rendered":"<p>Feinsteinzeugfliese Matt THOR MURO MIX MT 30X60Entdecken Sie die perfekte Wandverkleidung, um Ihre W\u00e4nde mit dem Modell THOR MURO MIX MT 30X60 zu verwandeln, einem au\u00dfergew\u00f6hnlichen St\u00fcck aus der Serie THOR von Tilefly, das die Robustheit von Naturstein mit der Langlebigkeit und Vielseitigkeit von Feinsteinzeug verbindet. Diese Fliese ist sorgf\u00e4ltig entworfen, um die \u00c4sthetik einer [&hellip;]<\/p>\n","protected":false},"featured_media":579280,"comment_status":"open","ping_status":"closed","template":"","meta":[],"product_brand":[],"product_cat":[459],"product_tag":[],"class_list":{"0":"post-579279","1":"product","2":"type-product","3":"status-publish","4":"has-post-thumbnail","6":"product_cat-wandfliesen","8":"first","9":"instock","10":"shipping-taxable","11":"purchasable","12":"product-type-simple"},"_links":{"self":[{"href":"https:\/\/tilefly.com\/de\/wp-json\/wp\/v2\/product\/579279","targetHints":{"allow":["GET"]}}],"collection":[{"href":"https:\/\/tilefly.com\/de\/wp-json\/wp\/v2\/product"}],"about":[{"href":"https:\/\/tilefly.com\/de\/wp-json\/wp\/v2\/types\/product"}],"replies":[{"embeddable":true,"href":"https:\/\/tilefly.com\/de\/wp-json\/wp\/v2\/comments?post=579279"}],"wp:featuredmedia":[{"embeddable":true,"href":"https:\/\/tilefly.com\/de\/wp-json\/wp\/v2\/media\/579280"}],"wp:attachment":[{"href":"https:\/\/tilefly.com\/de\/wp-json\/wp\/v2\/media?parent=579279"}],"wp:term":[{"taxonomy":"product_brand","embeddable":true,"href":"https:\/\/tilefly.com\/de\/wp-json\/wp\/v2\/product_brand?post=579279"},{"taxonomy":"product_cat","embeddable":true,"href":"https:\/\/tilefly.com\/de\/wp-json\/wp\/v2\/product_cat?post=579279"},{"taxonomy":"product_tag","embeddable":true,"href":"https:\/\/tilefly.com\/de\/wp-json\/wp\/v2\/product_tag?post=579279"}],"curies":[{"name":"wp","href":"https:\/\/api.w.org\/{rel}","templated":true}]}}