{"id":575428,"date":"2025-07-18T01:10:32","date_gmt":"2025-07-17T23:10:32","guid":{"rendered":"https:\/\/tilefly.com\/producto\/fortune-pearl-mt-60x60-rect\/"},"modified":"2025-07-18T01:24:27","modified_gmt":"2025-07-17T23:24:27","slug":"fortune-pearl-mt-60x60-rect","status":"publish","type":"product","link":"https:\/\/tilefly.com\/de\/produkt\/fortune-pearl-mt-60x60-rect\/","title":{"rendered":"FORTUNE PEARL MT 60X60 RECT"},"content":{"rendered":"<h2>Feinsteinzeug Fliese FORTUNE PEARL MT 60&#215;60 REKT<\/h2><p>Die Feinsteinzeugfliese FORTUNE PEARL MT 60&#215;60 REKT verk\u00f6rpert die klare Eleganz und den innovativen Geist der Serie <a href='https:\/\/tilefly.com\/producto\/fortune'>FORTUNE<\/a>. Dieses exquisite St\u00fcck besticht durch seinen zarten &#8220;Perl&#8221;-Ton, ein sehr helles, fast wei\u00dfes Grau, das jedem Raum Helligkeit und Weite verleiht. Sein Design evoziert meisterhaft die Essenz eines lebendigen Zements und verschmilzt ein dezentes minimalistisches Design mit einem warmen und einladenden Charakter, ideal f\u00fcr die Schaffung innovativer und kosmopolitischer Dekorationsl\u00f6sungen. Der besondere kreative Oberfl\u00e4cheneffekt erzeugt ein unverwechselbares Lichtspiel, das jedem Zentimeter der Fliese Leben einhaucht.<\/p><p>Was FORTUNE PEARL wirklich auszeichnet, ist seine bemerkenswerte Nachahmung von Naturstein, insbesondere von Travertin mit seiner charakteristischen Maserung. Die Oberfl\u00e4che zeigt ein anspruchsvolles Muster feiner und dezenter L\u00e4ngsadern, die horizontal \u00fcber die Fliese verlaufen. Diese subtilen parallelen Linien mit leichten Variationen in Intensit\u00e4t und Schatten erzeugen eine weiche visuelle Textur und ein beeindruckendes Gef\u00fchl nat\u00fcrlicher Tiefe. Das matte Finish, das sich sanft anf\u00fchlt, unterstreicht diese zeitgem\u00e4\u00dfe und elegante \u00c4sthetik, reduziert Blendung und f\u00f6rdert eine ruhige und einladende Atmosph\u00e4re. Dieses vielseitige Design eignet sich perfekt, um ein Gef\u00fchl von Ruhe und Raffinesse zu vermitteln.<\/p><p>Hergestellt aus hochwertigem, glasiertem und rektifiziertem Feinsteinzeug, bietet FORTUNE PEARL MT 60&#215;60 REKT un\u00fcbertroffene Haltbarkeit und Vielseitigkeit. Sein Format von 60&#215;60 cm ist ideal f\u00fcr die Gestaltung gro\u00dfer, zusammenh\u00e4ngender Fl\u00e4chen, sowohl an B\u00f6den als auch an W\u00e4nden. Der Rektifizierungsprozess garantiert perfekt gerade Kanten und erm\u00f6glicht minimale Fugen, die zu einer flie\u00dfenden und unterbrechungsfreien Optik beitragen und die Wahrnehmung von Raum und Kontinuit\u00e4t verst\u00e4rken. Dieses robuste Material ist f\u00fcr Wohn- und Gewerbeanwendungen geeignet, h\u00e4lt dem t\u00e4glichen Verschlei\u00df stand und beh\u00e4lt dabei m\u00fchelos sein makelloses Aussehen.<\/p><p>Die Farbpalette &#8220;Perla&#8221;, kombiniert mit seiner unverwechselbaren linearen Steinoptik, macht diese Fliese zu einer unglaublich vielseitigen Wahl. Sie ist perfekt, um R\u00e4ume mit minimalistischen, zeitgen\u00f6ssischen oder skandinavischen Stilen zu verwandeln, wo Klarheit, Einfachheit und nat\u00fcrliche Elemente gesch\u00e4tzt werden. Der &#8220;Perla&#8221;-Ton und die anspruchsvolle Textur tragen dazu bei, einen ruhigen R\u00fcckzugsort zu schaffen und die Atmosph\u00e4re von Wohnzimmern, Schlafzimmern, K\u00fcchen und B\u00e4dern zu verbessern. Die Wahl von FORTUNE PEARL bedeutet, in eine Basis zu investieren, die sowohl \u00e4sthetisch ansprechend als auch funktionell \u00fcberlegen ist und eine dauerhafte Sch\u00f6nheit verspricht, die sich an sich st\u00e4ndig weiterentwickelnden Designtrends anpasst.<\/p>","protected":false},"excerpt":{"rendered":"<p>Feinsteinzeug Fliese FORTUNE PEARL MT 60&#215;60 REKTDie Feinsteinzeugfliese FORTUNE PEARL MT 60&#215;60 REKT verk\u00f6rpert die klare Eleganz und den innovativen Geist der Serie FORTUNE. Dieses exquisite St\u00fcck besticht durch seinen zarten &#8220;Perl&#8221;-Ton, ein sehr helles, fast wei\u00dfes Grau, das jedem Raum Helligkeit und Weite verleiht. Sein Design evoziert meisterhaft die Essenz eines lebendigen Zements und [&hellip;]<\/p>\n","protected":false},"featured_media":575272,"comment_status":"open","ping_status":"closed","template":"","meta":[],"product_brand":[],"product_cat":[457,458,456,459],"product_tag":[],"class_list":{"0":"post-575428","1":"product","2":"type-product","3":"status-publish","4":"has-post-thumbnail","6":"product_cat-badezimmer","7":"product_cat-kuchen","8":"product_cat-vohnzimmer","9":"product_cat-wandfliesen","11":"first","12":"instock","13":"shipping-taxable","14":"purchasable","15":"product-type-simple"},"_links":{"self":[{"href":"https:\/\/tilefly.com\/de\/wp-json\/wp\/v2\/product\/575428","targetHints":{"allow":["GET"]}}],"collection":[{"href":"https:\/\/tilefly.com\/de\/wp-json\/wp\/v2\/product"}],"about":[{"href":"https:\/\/tilefly.com\/de\/wp-json\/wp\/v2\/types\/product"}],"replies":[{"embeddable":true,"href":"https:\/\/tilefly.com\/de\/wp-json\/wp\/v2\/comments?post=575428"}],"wp:featuredmedia":[{"embeddable":true,"href":"https:\/\/tilefly.com\/de\/wp-json\/wp\/v2\/media\/575272"}],"wp:attachment":[{"href":"https:\/\/tilefly.com\/de\/wp-json\/wp\/v2\/media?parent=575428"}],"wp:term":[{"taxonomy":"product_brand","embeddable":true,"href":"https:\/\/tilefly.com\/de\/wp-json\/wp\/v2\/product_brand?post=575428"},{"taxonomy":"product_cat","embeddable":true,"href":"https:\/\/tilefly.com\/de\/wp-json\/wp\/v2\/product_cat?post=575428"},{"taxonomy":"product_tag","embeddable":true,"href":"https:\/\/tilefly.com\/de\/wp-json\/wp\/v2\/product_tag?post=575428"}],"curies":[{"name":"wp","href":"https:\/\/api.w.org\/{rel}","templated":true}]}}