{"id":575425,"date":"2025-07-18T01:10:34","date_gmt":"2025-07-17T23:10:34","guid":{"rendered":"https:\/\/tilefly.com\/producto\/fortune-ivory-mt-30x60-rect\/"},"modified":"2025-07-18T01:24:02","modified_gmt":"2025-07-17T23:24:02","slug":"fortune-ivory-mt-30x60-rect","status":"publish","type":"product","link":"https:\/\/tilefly.com\/de\/produkt\/fortune-ivory-mt-30x60-rect\/","title":{"rendered":"FORTUNE IVORY MT 30X60 RECT"},"content":{"rendered":"<h2>Feinsteinzeug Fliese Matt FORTUNE IVORY MT 30X60 RECT<\/h2><p>Entdecken Sie die Essenz von Gelassenheit und Raffinesse mit der Fliese FORTUNE IVORY MT 30X60 RECT, einem St\u00fcck, das nat\u00fcrliche Eleganz in jedem Raum neu definiert. Geh\u00f6rig zu unserer exklusiven Serie <a href='https:\/\/tilefly.com\/producto\/fortune'>FORTUNE<\/a>, die den Geist eines lebendigen, warmen und innovativen Betons mit einem n\u00fcchternen und minimalistischen Aussehen hervorruft, bietet diese Fliese mit Travertin-Imitation eine W\u00e4rme und visuellen Reichtum, die sich harmonisch in zeitgen\u00f6ssische und klassische Umgebungen einf\u00fcgen. Ihr au\u00dfergew\u00f6hnliches Design f\u00e4ngt die intrinsische Sch\u00f6nheit von Naturstein ein, insbesondere von Travertin, der im Faserverlauf geschnitten ist, was sich in einer einzigartigen Oberfl\u00e4che mit zeitlosem Charme niederschl\u00e4gt. Die vorherrschende Farbe ist ein exquisiter Elfenbeinton, ein sehr helles Beige, das an gebrochenes Wei\u00df oder Cremefarben grenzt und f\u00fcr Helligkeit und ein Gef\u00fchl von Ger\u00e4umigkeit sorgt. Dieser sanfte Farbton wird durch subtile Tonvariationen erg\u00e4nzt, von blassem Beige bis hin zu leicht w\u00e4rmeren und gelblicheren T\u00f6nen, die eine organische Tiefe und erstaunlichen Realismus verleihen.<\/p><p>Das markanteste Merkmal von FORTUNE IVORY ist ihr Maserungsmuster. Weit entfernt von klassischem Marmor oder einer einfachen Betonimitation, weist diese Fliese lange, flie\u00dfende horizontale Maserungen auf, die die Oberfl\u00e4che mit un\u00fcbertroffener Weichheit durchziehen. Diese Maserungen sind nicht scharf, sondern verschwommen und subtil gewellt, wodurch ein paralleles Streifenmuster entsteht, das Leben und Bewegung verleiht. Leichte Variationen in der Farbintensit\u00e4t innerhalb dieser Maserungen tragen zu einem unverwechselbaren Lichtspiel bei und spiegeln das Versprechen der FORTUNE-Serie wider, innovative und kosmopolitische Dekorationsl\u00f6sungen zu schaffen. Das Format von 30&#215;60 cm, kombiniert mit dem rektifizierten Schnitt, garantiert perfekt definierte Kanten f\u00fcr die Installation mit minimalen Fugen. Dies verbessert nicht nur die visuelle Kontinuit\u00e4t der Oberfl\u00e4che und schafft einen einheitlichen \u201eLeinwand\u201c-Effekt, sondern erleichtert auch die Reinigung und Wartung und sorgt f\u00fcr ein makelloses, hochwertiges Finish.<\/p><p>Hergestellt aus hochwertigem glasiertem Feinsteinzeug, steht FORTUNE IVORY MT f\u00fcr Langlebigkeit und Vielseitigkeit. Seine Feinsteinzeug-Zusammensetzung macht es extrem widerstandsf\u00e4hig gegen Abrieb, Feuchtigkeit, Flecken und Temperaturschwankungen, ideal sowohl f\u00fcr die Wandverkleidung als auch f\u00fcr die Bodenverlegung, auch in stark frequentierten, privaten oder gewerblichen Bereichen. Das matte Finish, das sich weich anf\u00fchlt und visuell dezent ist, verst\u00e4rkt die nat\u00fcrliche Textur des Steins, minimiert Lichtreflexionen und tr\u00e4gt zu einer ruhigen und einladenden Atmosph\u00e4re bei. Dieses Finish bietet auch eine erh\u00f6hte Rutschfestigkeit und sorgt f\u00fcr Sicherheit und Komfort im t\u00e4glichen Gebrauch. Mit FORTUNE IVORY MT 30X60 RECT erwerben Sie nicht nur eine Fliese, sondern ein Stilstatement, das jeden Raum in eine Oase der Eleganz und Ruhe verwandelt, in der jedes grafische Detail harmonisch von einem besonderen kreativen Effekt begleitet wird, der Charakter und eine zeitlose \u00c4sthetik verleiht.<\/p>","protected":false},"excerpt":{"rendered":"<p>Feinsteinzeug Fliese Matt FORTUNE IVORY MT 30X60 RECTEntdecken Sie die Essenz von Gelassenheit und Raffinesse mit der Fliese FORTUNE IVORY MT 30X60 RECT, einem St\u00fcck, das nat\u00fcrliche Eleganz in jedem Raum neu definiert. Geh\u00f6rig zu unserer exklusiven Serie FORTUNE, die den Geist eines lebendigen, warmen und innovativen Betons mit einem n\u00fcchternen und minimalistischen Aussehen hervorruft, [&hellip;]<\/p>\n","protected":false},"featured_media":575285,"comment_status":"open","ping_status":"closed","template":"","meta":[],"product_brand":[],"product_cat":[457,458,456,459],"product_tag":[],"class_list":{"0":"post-575425","1":"product","2":"type-product","3":"status-publish","4":"has-post-thumbnail","6":"product_cat-badezimmer","7":"product_cat-kuchen","8":"product_cat-vohnzimmer","9":"product_cat-wandfliesen","11":"first","12":"instock","13":"shipping-taxable","14":"purchasable","15":"product-type-simple"},"_links":{"self":[{"href":"https:\/\/tilefly.com\/de\/wp-json\/wp\/v2\/product\/575425","targetHints":{"allow":["GET"]}}],"collection":[{"href":"https:\/\/tilefly.com\/de\/wp-json\/wp\/v2\/product"}],"about":[{"href":"https:\/\/tilefly.com\/de\/wp-json\/wp\/v2\/types\/product"}],"replies":[{"embeddable":true,"href":"https:\/\/tilefly.com\/de\/wp-json\/wp\/v2\/comments?post=575425"}],"wp:featuredmedia":[{"embeddable":true,"href":"https:\/\/tilefly.com\/de\/wp-json\/wp\/v2\/media\/575285"}],"wp:attachment":[{"href":"https:\/\/tilefly.com\/de\/wp-json\/wp\/v2\/media?parent=575425"}],"wp:term":[{"taxonomy":"product_brand","embeddable":true,"href":"https:\/\/tilefly.com\/de\/wp-json\/wp\/v2\/product_brand?post=575425"},{"taxonomy":"product_cat","embeddable":true,"href":"https:\/\/tilefly.com\/de\/wp-json\/wp\/v2\/product_cat?post=575425"},{"taxonomy":"product_tag","embeddable":true,"href":"https:\/\/tilefly.com\/de\/wp-json\/wp\/v2\/product_tag?post=575425"}],"curies":[{"name":"wp","href":"https:\/\/api.w.org\/{rel}","templated":true}]}}