{"id":575419,"date":"2025-07-18T01:10:39","date_gmt":"2025-07-17T23:10:39","guid":{"rendered":"https:\/\/tilefly.com\/producto\/fortune-pearl-60x120-rect-pulido\/"},"modified":"2025-07-18T01:23:22","modified_gmt":"2025-07-17T23:23:22","slug":"fortune-pearl-60x120-rect-pulido","status":"publish","type":"product","link":"https:\/\/tilefly.com\/de\/produkt\/fortune-pearl-60x120-rect-pulido\/","title":{"rendered":"FORTUNE PEARL 60X120 RECT PULIDO"},"content":{"rendered":"<h2>Feinsteinzeug Fliese Matt FORTUNE PEARL 60X120 REKT POLIERT<\/h2><p>Tauchen Sie ein in erhabene Eleganz und zeitgen\u00f6ssische Innovation mit der FORTUNE PEARL 60X120 REKT POLIERT Fliese, einem Juwel der <a href='https:\/\/tilefly.com\/producto\/fortune'>FORTUNE<\/a> Serie, das die Raffinesse in jedem Raum neu definiert. Dieses sorgf\u00e4ltig gestaltete St\u00fcck evoziert die zeitlose Sch\u00f6nheit von Naturstein mit einem modernen, polierten Touch und verwandelt Ihre B\u00f6den und W\u00e4nde in funktionale Kunstwerke.<\/p><p>Die Farbe &#8220;Perle&#8221; dieser Fliese, ein gebrochenes Wei\u00df oder ein extrem helles Grau, strahlt eine au\u00dfergew\u00f6hnliche Helligkeit aus. Ihr neutraler Farbton macht sie zur perfekten Leinwand f\u00fcr jeden Dekorationsstil, vom minimalistischen bis zum zeitgen\u00f6ssischen Luxus. Dieser sanfte Ton vergr\u00f6\u00dfert R\u00e4ume optisch und verleiht ihnen ein Gef\u00fchl von Weite und Gelassenheit, und bietet eine ruhige und anspruchsvolle Basis, die jedes Element hervorhebt.<\/p><p>Das herausragendste Merkmal des FORTUNE PEARL ist seine meisterhafte Nachahmung von Naturstein, inspiriert von der Eleganz von Travertin, der l\u00e4ngs geschnitten ist, oder von sehr fein gemasertem Marmor. Auf seiner Oberfl\u00e4che sind subtile horizontale und lineare Maserungen zu sehen, die diffus und mit geringem Kontrast sind und sich zart \u00fcber die gesamte Fliese schl\u00e4ngeln. Diese Maserungen variieren mit leichten graueren Farbt\u00f6nen, die sich harmonisch in den hellen Hintergrund einf\u00fcgen und einen organischen und dynamischen Effekt erzeugen, der Tiefe und Charakter verleiht. Es ist eine treue Darstellung geologischer Authentizit\u00e4t, eingefangen mit moderner Technologie.<\/p><p>Das &#8220;Poliert&#8221;-Finish ist der kr\u00f6nende Abschluss, der ihr einen spiegelnden Glanz verleiht, der das Licht spektakul\u00e4r reflektiert. Dieses Finish unterstreicht die Reinheit der Perlmuttfarbe und die Subtilit\u00e4t ihrer Maserungen und f\u00fcgt eine Dimension von Luxus und Raffinesse hinzu. Die polierte Oberfl\u00e4che, die sich extrem glatt anf\u00fchlt, ist ideal, um edle und helle Umgebungen zu schaffen, in denen jedes Detail Opulenz ausstrahlt. Sie ist die perfekte Wahl f\u00fcr Eingangsbereiche, Wohnzimmer oder K\u00fcchen, die ein mutiges und elegantes Stil-Statement setzen m\u00f6chten.<\/p><p>Hergestellt aus glasiertem Feinsteinzeug, ist diese Fliese nicht nur ein \u00e4sthetisches Wunder, sondern auch ein Kraftpaket in Bezug auf Langlebigkeit und Widerstandsf\u00e4higkeit. Feinsteinzeug ist bekannt f\u00fcr seine au\u00dfergew\u00f6hnliche H\u00e4rte, geringe Porosit\u00e4t und einfache Pflege, was es ideal f\u00fcr stark frequentierte Bereiche, sowohl im privaten als auch im gewerblichen Bereich, macht. Seine Vielseitigkeit macht es f\u00fcr die Verlegung von B\u00f6den und W\u00e4nden geeignet und bietet eine koh\u00e4rente und robuste L\u00f6sung f\u00fcr jedes Projekt.<\/p><p>Das gro\u00dfformatige Format von 60&#215;120 cm ist ein Design-Statement. Es maximiert die visuelle Kontinuit\u00e4t, reduziert Fugen und schafft eine homogenere und gr\u00f6\u00dfere Oberfl\u00e4che. In Kombination mit seiner &#8220;Rektifizierten&#8221;-Eigenschaft, die perfekt rechtwinklige Kanten gew\u00e4hrleistet und eine Verlegung mit minimalen Fugen erm\u00f6glicht, erzielt der FORTUNE PEARL 60X120 REKT POLIERT eine nahezu monolithische und zeitgen\u00f6ssische \u00c4sthetik, ideal f\u00fcr ein Interieur-Design, das auf klare Linien und Gro\u00dfz\u00fcgigkeit Wert legt. Diese Fliese verkleidet nicht nur, sondern verleiht Charakter und erm\u00f6glicht die Schaffung innovativer und kosmopolitischer Dekorationsl\u00f6sungen, die die Raffinesse und den Glanz der <a href='https:\/\/tilefly.com\/producto\/fortune'>FORTUNE<\/a> Serie hervorrufen.<\/p>","protected":false},"excerpt":{"rendered":"<p>Feinsteinzeug Fliese Matt FORTUNE PEARL 60X120 REKT POLIERTTauchen Sie ein in erhabene Eleganz und zeitgen\u00f6ssische Innovation mit der FORTUNE PEARL 60X120 REKT POLIERT Fliese, einem Juwel der FORTUNE Serie, das die Raffinesse in jedem Raum neu definiert. Dieses sorgf\u00e4ltig gestaltete St\u00fcck evoziert die zeitlose Sch\u00f6nheit von Naturstein mit einem modernen, polierten Touch und verwandelt Ihre [&hellip;]<\/p>\n","protected":false},"featured_media":575311,"comment_status":"open","ping_status":"closed","template":"","meta":[],"product_brand":[],"product_cat":[457,458,456,459],"product_tag":[],"class_list":{"0":"post-575419","1":"product","2":"type-product","3":"status-publish","4":"has-post-thumbnail","6":"product_cat-badezimmer","7":"product_cat-kuchen","8":"product_cat-vohnzimmer","9":"product_cat-wandfliesen","11":"first","12":"instock","13":"shipping-taxable","14":"purchasable","15":"product-type-simple"},"_links":{"self":[{"href":"https:\/\/tilefly.com\/de\/wp-json\/wp\/v2\/product\/575419","targetHints":{"allow":["GET"]}}],"collection":[{"href":"https:\/\/tilefly.com\/de\/wp-json\/wp\/v2\/product"}],"about":[{"href":"https:\/\/tilefly.com\/de\/wp-json\/wp\/v2\/types\/product"}],"replies":[{"embeddable":true,"href":"https:\/\/tilefly.com\/de\/wp-json\/wp\/v2\/comments?post=575419"}],"wp:featuredmedia":[{"embeddable":true,"href":"https:\/\/tilefly.com\/de\/wp-json\/wp\/v2\/media\/575311"}],"wp:attachment":[{"href":"https:\/\/tilefly.com\/de\/wp-json\/wp\/v2\/media?parent=575419"}],"wp:term":[{"taxonomy":"product_brand","embeddable":true,"href":"https:\/\/tilefly.com\/de\/wp-json\/wp\/v2\/product_brand?post=575419"},{"taxonomy":"product_cat","embeddable":true,"href":"https:\/\/tilefly.com\/de\/wp-json\/wp\/v2\/product_cat?post=575419"},{"taxonomy":"product_tag","embeddable":true,"href":"https:\/\/tilefly.com\/de\/wp-json\/wp\/v2\/product_tag?post=575419"}],"curies":[{"name":"wp","href":"https:\/\/api.w.org\/{rel}","templated":true}]}}