{"id":575413,"date":"2025-07-18T01:10:43","date_gmt":"2025-07-17T23:10:43","guid":{"rendered":"https:\/\/tilefly.com\/producto\/fortune-ivory-mt-60x120-rect\/"},"modified":"2026-03-26T04:01:46","modified_gmt":"2026-03-26T03:01:46","slug":"fortune-ivory-mt-60x120-rect","status":"publish","type":"product","link":"https:\/\/tilefly.com\/de\/produkt\/fortune-ivory-mt-60x120-rect\/","title":{"rendered":"FORTUNE IVORY MT 60X120 RECT"},"content":{"rendered":"<h2>Azulejo Porcel\u00e1nico Mate FORTUNE IVORY MT 60X120 RECT<\/h2><p>Descubra la esencia de la sofisticaci\u00f3n natural con la baldosa FORTUNE IVORY MT 60X120 RECT, una pieza que encarna a la perfecci\u00f3n el esp\u00edritu c\u00e1lido e innovador de la serie <a href=\"https:\/\/tilefly.com\/de\/produkt\/fortune\/\">FORTUNE<\/a>. Este porcel\u00e1nico esmaltado, con su acabado mate, redefine el concepto de elegancia atemporal, transformando cualquier espacio en un santuario de calma y estilo. Su color marfil, un beige claro y suave con matices c\u00e1lidos que evocan la arena p\u00e1lida y la crema, sirve como un lienzo sereno y luminoso, aportando amplitud y una sensaci\u00f3n de bienestar a su hogar o proyecto.<\/p><p>La caracter\u00edstica m\u00e1s destacada de esta baldosa es su magistral imitaci\u00f3n de piedra natural, espec\u00edficamente el travertino cortado a veta, conocido como &#8216;vein-cut&#8217;. A diferencia de otros dise\u00f1os, FORTUNE IVORY reproduce fielmente las vetas horizontales e irregulares que solo la naturaleza puede crear. Estas ondulaciones, interrupciones y variaciones en el grosor y la definici\u00f3n de las vetas aportan un dinamismo y un realismo excepcionales, sin asemejarse a la madera, el cemento o los m\u00e1rmoles con veteados aleatorios. La riqueza visual de su patr\u00f3n lineal es sutil pero profunda, invitando a la observaci\u00f3n y al tacto, sugiriendo una superficie lisa pero con una inherente sensaci\u00f3n de profundidad org\u00e1nica.<\/p><p>Fabricada en material porcel\u00e1nico, la baldosa FORTUNE IVORY MT 60X120 RECT es la elecci\u00f3n ideal tanto para suelos como para paredes. El porcel\u00e1nico es reconocido por su extraordinaria resistencia al desgaste, la humedad y las manchas, lo que la convierte en una soluci\u00f3n duradera y de bajo mantenimiento, perfecta para zonas de alto tr\u00e1nsito en ambientes residenciales y comerciales. Su formato rectangular de 60&#215;120 cm, sumado a su condici\u00f3n de baldosa rectificada, permite una instalaci\u00f3n con juntas m\u00ednimas. Este dise\u00f1o rectificado no solo facilita la creaci\u00f3n de superficies continuas y visualmente amplias, sino que tambi\u00e9n realza la modernidad del espacio, aportando una est\u00e9tica pulcra y contempor\u00e1nea que se adapta a diversos estilos, desde los m\u00e1s minimalistas hasta los cl\u00e1sicos renovados.<\/p><p>El acabado mate de esta pieza no es solo una elecci\u00f3n est\u00e9tica; es una declaraci\u00f3n de intenciones. Lejos de los brillos excesivos, el acabado mate potencia la autenticidad del dise\u00f1o de travertino, dispersando la luz de manera suave y elegante, y minimizando los reflejos indeseados. Esta cualidad contribuye a crear ambientes acogedores y relajantes, donde la luz natural interact\u00faa sutilmente con la superficie, resaltando la belleza de sus vetas sin estridencias. FORTUNE IVORY MT 60X120 RECT es m\u00e1s que una baldosa; es un elemento de dise\u00f1o que aporta car\u00e1cter, atemporalidad y una belleza natural inconfundible, perfecta para quienes buscan la sofisticaci\u00f3n serena y la funcionalidad impecable en cada rinc\u00f3n de su hogar.<\/p>","protected":false},"excerpt":{"rendered":"<p>Azulejo Porcel\u00e1nico Mate FORTUNE IVORY MT 60X120 RECTDescubra la esencia de la sofisticaci\u00f3n natural con la baldosa FORTUNE IVORY MT 60X120 RECT, una pieza que encarna a la perfecci\u00f3n el esp\u00edritu c\u00e1lido e innovador de la serie FORTUNE. Este porcel\u00e1nico esmaltado, con su acabado mate, redefine el concepto de elegancia atemporal, transformando cualquier espacio en [&hellip;]<\/p>\n","protected":false},"featured_media":575337,"comment_status":"open","ping_status":"closed","template":"","meta":[],"product_brand":[],"product_cat":[457,458,456,459],"product_tag":[],"class_list":{"0":"post-575413","1":"product","2":"type-product","3":"status-publish","4":"has-post-thumbnail","6":"product_cat-badezimmer","7":"product_cat-kuchen","8":"product_cat-vohnzimmer","9":"product_cat-wandfliesen","11":"first","12":"instock","13":"shipping-taxable","14":"purchasable","15":"product-type-simple"},"_links":{"self":[{"href":"https:\/\/tilefly.com\/de\/wp-json\/wp\/v2\/product\/575413","targetHints":{"allow":["GET"]}}],"collection":[{"href":"https:\/\/tilefly.com\/de\/wp-json\/wp\/v2\/product"}],"about":[{"href":"https:\/\/tilefly.com\/de\/wp-json\/wp\/v2\/types\/product"}],"replies":[{"embeddable":true,"href":"https:\/\/tilefly.com\/de\/wp-json\/wp\/v2\/comments?post=575413"}],"wp:featuredmedia":[{"embeddable":true,"href":"https:\/\/tilefly.com\/de\/wp-json\/wp\/v2\/media\/575337"}],"wp:attachment":[{"href":"https:\/\/tilefly.com\/de\/wp-json\/wp\/v2\/media?parent=575413"}],"wp:term":[{"taxonomy":"product_brand","embeddable":true,"href":"https:\/\/tilefly.com\/de\/wp-json\/wp\/v2\/product_brand?post=575413"},{"taxonomy":"product_cat","embeddable":true,"href":"https:\/\/tilefly.com\/de\/wp-json\/wp\/v2\/product_cat?post=575413"},{"taxonomy":"product_tag","embeddable":true,"href":"https:\/\/tilefly.com\/de\/wp-json\/wp\/v2\/product_tag?post=575413"}],"curies":[{"name":"wp","href":"https:\/\/api.w.org\/{rel}","templated":true}]}}