{"id":575235,"date":"2025-07-17T18:26:43","date_gmt":"2025-07-17T16:26:43","guid":{"rendered":"https:\/\/tilefly.com\/producto\/canby-fusion-pearl-mt-60x60-rect\/"},"modified":"2026-03-03T04:00:57","modified_gmt":"2026-03-03T03:00:57","slug":"canby-fusion-pearl-mt-60x60-rect","status":"publish","type":"product","link":"https:\/\/tilefly.com\/de\/produkt\/canby-fusion-pearl-mt-60x60-rect\/","title":{"rendered":"CANBY FUSION PEARL MT 60X60 RECT"},"content":{"rendered":"<h2>Azulejo Porcel\u00e1nico Mate CANBY FUSION PEARL MT 60X60 RECT<\/h2><p>Descubre la esencia de la sofisticaci\u00f3n contempor\u00e1nea con el porcel\u00e1nico CANBY FUSION PEARL MT 60X60 RECT, una pieza que encapsula la belleza y la durabilidad en un formato excepcional. Inspirado en la tendencia atemporal del terrazo, este producto forma parte de la prestigiosa serie <a href=\"https:\/\/tilefly.com\/de\/produkt\/canby\/\">CANBY<\/a>, dise\u00f1ada para transformar cualquier espacio en un ambiente de calma y distinci\u00f3n. Su color \u201cPerla\u201d es una paleta sutil y luminosa que fusiona el blanco roto, el gris muy p\u00e1lido y un beige cremoso, aportando una claridad inigualable y una sensaci\u00f3n de amplitud a cualquier habitaci\u00f3n.<\/p><p>La caracter\u00edstica m\u00e1s cautivadora de CANBY FUSION PEARL es su patr\u00f3n tipo \u2018terrazo\u2019 o \u2018granito\u2019, logrado a trav\u00e9s de la incrustaci\u00f3n homog\u00e9nea de diminutas part\u00edculas irregulares. Estas inclusiones, predominantemente en blanco puro o blanco hueso, son ligeramente m\u00e1s claras y definidas que el fondo, creando un efecto salpicado discreto pero profundamente elegante. Esta imitaci\u00f3n de piedra y cemento no solo enriquece visualmente la superficie, sino que tambi\u00e9n a\u00f1ade una textura visual que juega con la luz, realzando la personalidad de cada pieza sin sobrecargar el dise\u00f1o. Su acabado mate contribuye a una est\u00e9tica sobria y sofisticada, ofreciendo una superficie visualmente suave y con un tacto agradable, ideal para crear ambientes serenos y acogedores.<\/p><p>El formato de 60&#215;60 cm es extraordinariamente vers\u00e1til, permitiendo crear una continuidad visual que amplifica los espacios y les confiere un aire moderno y pulcro. Adem\u00e1s, al ser una baldosa rectificada, CANBY FUSION PEARL MT garantiza bordes perfectamente cortados y uniformes, lo que posibilita el uso de juntas m\u00ednimas. Esta caracter\u00edstica no solo mejora la est\u00e9tica general al ofrecer una superficie casi ininterrumpida, sino que tambi\u00e9n facilita la limpieza y el mantenimiento, asegurando una apariencia impecable a lo largo del tiempo. La precisi\u00f3n en sus dimensiones es un detalle crucial para aquellos que buscan un acabado de alta gama y una instalaci\u00f3n perfecta.<\/p><p>Fabricado en material porcel\u00e1nico esmaltado, este producto se distingue por su excepcional resistencia y durabilidad. Es apto tanto para suelos como para paredes, soportando el tr\u00e1nsito intenso y las condiciones de humedad sin perder su atractivo. Su naturaleza porcel\u00e1nica le confiere una gran resistencia a la abrasi\u00f3n, las manchas y el agua, lo que lo convierte en una elecci\u00f3n ideal para cocinas, ba\u00f1os, salones y \u00e1reas comerciales. La facilidad de limpieza y el bajo mantenimiento son atributos adicionales que hacen de CANBY FUSION PEARL una inversi\u00f3n inteligente y duradera para cualquier proyecto de dise\u00f1o. Este porcel\u00e1nico no solo embellece el espacio, sino que tambi\u00e9n lo eleva, proporcionando un lienzo vers\u00e1til donde la simplicidad y la riqueza visual coexisten en perfecta armon\u00eda, invitando a disfrutar de la belleza en lo esencial y reflejando un estilo \u00fanico y sofisticado.<\/p>","protected":false},"excerpt":{"rendered":"<p>Azulejo Porcel\u00e1nico Mate CANBY FUSION PEARL MT 60X60 RECTDescubre la esencia de la sofisticaci\u00f3n contempor\u00e1nea con el porcel\u00e1nico CANBY FUSION PEARL MT 60X60 RECT, una pieza que encapsula la belleza y la durabilidad en un formato excepcional. Inspirado en la tendencia atemporal del terrazo, este producto forma parte de la prestigiosa serie CANBY, dise\u00f1ada para [&hellip;]<\/p>\n","protected":false},"featured_media":574914,"comment_status":"open","ping_status":"closed","template":"","meta":[],"product_brand":[],"product_cat":[457,458,456,459],"product_tag":[],"class_list":{"0":"post-575235","1":"product","2":"type-product","3":"status-publish","4":"has-post-thumbnail","6":"product_cat-badezimmer","7":"product_cat-kuchen","8":"product_cat-vohnzimmer","9":"product_cat-wandfliesen","11":"first","12":"instock","13":"shipping-taxable","14":"purchasable","15":"product-type-simple"},"_links":{"self":[{"href":"https:\/\/tilefly.com\/de\/wp-json\/wp\/v2\/product\/575235","targetHints":{"allow":["GET"]}}],"collection":[{"href":"https:\/\/tilefly.com\/de\/wp-json\/wp\/v2\/product"}],"about":[{"href":"https:\/\/tilefly.com\/de\/wp-json\/wp\/v2\/types\/product"}],"replies":[{"embeddable":true,"href":"https:\/\/tilefly.com\/de\/wp-json\/wp\/v2\/comments?post=575235"}],"wp:featuredmedia":[{"embeddable":true,"href":"https:\/\/tilefly.com\/de\/wp-json\/wp\/v2\/media\/574914"}],"wp:attachment":[{"href":"https:\/\/tilefly.com\/de\/wp-json\/wp\/v2\/media?parent=575235"}],"wp:term":[{"taxonomy":"product_brand","embeddable":true,"href":"https:\/\/tilefly.com\/de\/wp-json\/wp\/v2\/product_brand?post=575235"},{"taxonomy":"product_cat","embeddable":true,"href":"https:\/\/tilefly.com\/de\/wp-json\/wp\/v2\/product_cat?post=575235"},{"taxonomy":"product_tag","embeddable":true,"href":"https:\/\/tilefly.com\/de\/wp-json\/wp\/v2\/product_tag?post=575235"}],"curies":[{"name":"wp","href":"https:\/\/api.w.org\/{rel}","templated":true}]}}