{"id":575232,"date":"2025-07-17T18:26:46","date_gmt":"2025-07-17T16:26:46","guid":{"rendered":"https:\/\/tilefly.com\/producto\/canby-fusion-sand-mt-60x60-rect\/"},"modified":"2025-07-17T19:12:12","modified_gmt":"2025-07-17T17:12:12","slug":"canby-fusion-sand-mt-60x60-rect","status":"publish","type":"product","link":"https:\/\/tilefly.com\/de\/produkt\/canby-fusion-sand-mt-60x60-rect\/","title":{"rendered":"CANBY FUSION SAND MT 60X60 RECT"},"content":{"rendered":"<h2>Feinsteinzeug Fliese CANBY FUSION SAND MT 60&#215;60 REKT<\/h2><p>Die CANBY FUSION SAND MT 60X60 RECT Fliese verk\u00f6rpert zeitgen\u00f6ssische Eleganz, entworfen, um jedem Ambiente eine strahlende und anspruchsvolle Note zu verleihen. Geh\u00f6rt zur angesehenen Serie <a href=\"https:\/\/tilefly.com\/produkt\/canby\/\">CANBY<\/a>, ist dieses Feinsteinzeugst\u00fcck direkt von der zeitlosen Sch\u00f6nheit des Terrazzos inspiriert und neu interpretiert mit einem modernen, minimalistischen Touch. Seine Sandfarbe (Sand) ist nicht nur ein neutraler Ton; es ist eine au\u00dfergew\u00f6hnlich helle Basis, eine Verschmelzung aus blassem Beige, sanftem Creme und gebrochenem Wei\u00df, die das Licht einf\u00e4ngt und das Gef\u00fchl von Weite verst\u00e4rkt. Dieser leuchtende Hintergrund wird zur perfekten Leinwand f\u00fcr die subtilen Einlagen, die seinen Charakter definieren und eine ruhige und einladende Atmosph\u00e4re schaffen.<\/p><p>Das matte Finish der CANBY FUSION SAND MT unterstreicht ihre weiche, samtige Haptik und verleiht ihr eine diskrete Raffinesse, die \u00fcberm\u00e4\u00dfige Reflexionen vermeidet und visuelle Ruhe bringt. Dieses Finish, kombiniert mit ihrem glasierten Feinsteinzeugmaterial, garantiert eine au\u00dfergew\u00f6hnliche Best\u00e4ndigkeit gegen Verschlei\u00df, Abrieb, Feuchtigkeit und Temperaturschwankungen. Ihre hochdichte Zusammensetzung und ihre nicht por\u00f6se Beschaffenheit machen sie au\u00dferordentlich langlebig, wartungsarm und leicht zu reinigen, wobei ihr makelloses Aussehen erhalten bleibt. Sie ist ideal f\u00fcr B\u00f6den und W\u00e4nde, sowohl im Innen- als auch im Au\u00dfenbereich, und bietet \u00fcberlegene Vielseitigkeit und Leistung f\u00fcr jedes Wohn- oder Gewerbeprojekt mit hohem Verkehrsaufkommen.<\/p><p>Das Format von 60&#215;60 cm ist die ideale Wahl, um visuelle Kontinuit\u00e4t zu maximieren und Fugen zu minimieren, was zu einem Gef\u00fchl von Ger\u00e4umigkeit und Ordnung beitr\u00e4gt. Ihre Eigenschaft &#8216;RECT&#8217; (rektifiziert) bedeutet, dass die Kanten mit millimetergenauer Pr\u00e4zision geschnitten sind, was Installationen mit minimalen Fugen erm\u00f6glicht und eine nahezu monolithische Oberfl\u00e4che schafft. Das Design ist eine meisterhafte Neuinterpretation von Terrazzo, die Steinimitat mit der N\u00fcchternheit von Zementimitat verschmilzt. Auf dem Sandfarbenen Hintergrund sind wei\u00dfe Steineinlagen gleichm\u00e4\u00dfig verteilt, von winzigen Punkten bis hin zu unregelm\u00e4\u00dfigen Formen. Diese Partikel, haupts\u00e4chlich in reinwei\u00dfen oder sehr hellen Cremet\u00f6nen, schaffen einen subtilen, aber effektiven Kontrast und verleihen eine texturale Tiefe, ohne das Design zu \u00fcberladen. Die Homogenit\u00e4t und die fehlende Richtungsabh\u00e4ngigkeit des Musters gew\u00e4hrleisten eine perfekte Integration zwischen den Fliesen und bilden eine koh\u00e4sive Oberfl\u00e4che, die die k\u00f6rnige \u00c4sthetik von Terrazzo mit der Pr\u00e4zision eines modernen Produkts hervorruft.<\/p><p>Die CANBY FUSION SAND MT 60X60 RECT ist mehr als nur eine Fliese; sie ist ein Stilstatement, das Umgebungen transformiert. Ihre F\u00e4higkeit, eine zeitlose und moderne \u00c4sthetik zu evozieren, kombiniert mit ihren \u00fcberlegenen technischen Merkmalen, macht sie zur perfekten Wahl f\u00fcr Projekte, die Langlebigkeit, Sch\u00f6nheit und minimale Wartung suchen. Sie bietet eine vielseitige und anspruchsvolle L\u00f6sung f\u00fcr verschiedene Stile, von minimalistisch bis industriell, und schafft eine unverwechselbare Atmosph\u00e4re, in der Einfachheit auf visuelle Reichhaltigkeit trifft. Sie bietet eine helle und saubere Basis, die dazu einl\u00e4dt, Sch\u00f6nheit im Wesentlichen zu genie\u00dfen und die Raumwahrnehmung sofort zu erh\u00f6hen.<\/p>","protected":false},"excerpt":{"rendered":"<p>Feinsteinzeug Fliese CANBY FUSION SAND MT 60&#215;60 REKTDie CANBY FUSION SAND MT 60X60 RECT Fliese verk\u00f6rpert zeitgen\u00f6ssische Eleganz, entworfen, um jedem Ambiente eine strahlende und anspruchsvolle Note zu verleihen. Geh\u00f6rt zur angesehenen Serie CANBY, ist dieses Feinsteinzeugst\u00fcck direkt von der zeitlosen Sch\u00f6nheit des Terrazzos inspiriert und neu interpretiert mit einem modernen, minimalistischen Touch. Seine Sandfarbe [&hellip;]<\/p>\n","protected":false},"featured_media":574927,"comment_status":"open","ping_status":"closed","template":"","meta":[],"product_brand":[],"product_cat":[457,458,456,459],"product_tag":[],"class_list":{"0":"post-575232","1":"product","2":"type-product","3":"status-publish","4":"has-post-thumbnail","6":"product_cat-badezimmer","7":"product_cat-kuchen","8":"product_cat-vohnzimmer","9":"product_cat-wandfliesen","11":"first","12":"instock","13":"shipping-taxable","14":"purchasable","15":"product-type-simple"},"_links":{"self":[{"href":"https:\/\/tilefly.com\/de\/wp-json\/wp\/v2\/product\/575232","targetHints":{"allow":["GET"]}}],"collection":[{"href":"https:\/\/tilefly.com\/de\/wp-json\/wp\/v2\/product"}],"about":[{"href":"https:\/\/tilefly.com\/de\/wp-json\/wp\/v2\/types\/product"}],"replies":[{"embeddable":true,"href":"https:\/\/tilefly.com\/de\/wp-json\/wp\/v2\/comments?post=575232"}],"wp:featuredmedia":[{"embeddable":true,"href":"https:\/\/tilefly.com\/de\/wp-json\/wp\/v2\/media\/574927"}],"wp:attachment":[{"href":"https:\/\/tilefly.com\/de\/wp-json\/wp\/v2\/media?parent=575232"}],"wp:term":[{"taxonomy":"product_brand","embeddable":true,"href":"https:\/\/tilefly.com\/de\/wp-json\/wp\/v2\/product_brand?post=575232"},{"taxonomy":"product_cat","embeddable":true,"href":"https:\/\/tilefly.com\/de\/wp-json\/wp\/v2\/product_cat?post=575232"},{"taxonomy":"product_tag","embeddable":true,"href":"https:\/\/tilefly.com\/de\/wp-json\/wp\/v2\/product_tag?post=575232"}],"curies":[{"name":"wp","href":"https:\/\/api.w.org\/{rel}","templated":true}]}}