{"id":575229,"date":"2025-07-17T18:26:48","date_gmt":"2025-07-17T16:26:48","guid":{"rendered":"https:\/\/tilefly.com\/producto\/canby-grey-mt-60x60-rect\/"},"modified":"2025-07-17T19:11:52","modified_gmt":"2025-07-17T17:11:52","slug":"canby-grey-mt-60x60-rect","status":"publish","type":"product","link":"https:\/\/tilefly.com\/de\/produkt\/canby-grey-mt-60x60-rect\/","title":{"rendered":"CANBY GREY MT 60X60 RECT"},"content":{"rendered":"<h2>MATTE PORZELLANFLIESE CANBY GREY MT 60X60 REKT<\/h2><p>Entdecken Sie die Essenz des minimalistischen Designs und der zeitgen\u00f6ssischen Raffinesse mit der Fliese CANBY GREY MT 60X60 REKT, einem integralen Bestandteil unserer gefeierten <a href=\"https:\/\/tilefly.com\/produkt\/canby\/\">CANBY<\/a> Serie. Inspiriert von der Gelassenheit eines Steins mit dezenter Textur, zeichnet sich dieses Feinsteinzeugst\u00fcck durch sein kompaktes und raffiniertes Design aus. Jedes Detail wurde konzipiert, um zeitlose Einfachheit und Eleganz zu vermitteln und eine perfekte Balance zwischen Funktionalit\u00e4t und \u00c4sthetik zu erzielen. Es ist die bevorzugte Wahl f\u00fcr diejenigen, die eine Dekoration sch\u00e4tzen, die den Minimalismus neu definiert und sich auf Wohlbefinden und Komfort konzentriert, um R\u00e4ume zu schaffen, die Ruhe und Ordnung ausstrahlen.<\/p><p>Die graue Farbe dieser Fliese ist ein Beweis f\u00fcr ihre Vielseitigkeit. Sie pr\u00e4sentiert sich als ein helles, uniformes und neutrales Grau, eine solide und anspruchsvolle Basis f\u00fcr jedes Innendesign. Ihre Oberfl\u00e4che hat eine fein k\u00f6rnige Textur, dezent gesprenkelt mit winzigen, homogen verteilten Partikeln, die die Feinheit eines feink\u00f6rnigen Mikrozements oder eines Terrazzos mit unmerklichen Zuschl\u00e4gen hervorrufen. Abseits von auff\u00e4lligen Mustern ist dieser frische und konsistente Farbton \u00fcber die gesamte Oberfl\u00e4che hinweg ideal, um jedem Ambiente Modernit\u00e4t und Weite zu verleihen und harmonisch mit modernen und industriellen Stilen zu verbinden.<\/p><p>Hergestellt aus matt glasiertem Porzellanwerkstoff, bietet die Fliese CANBY GREY MT 60X60 REKT au\u00dfergew\u00f6hnliche Haltbarkeit und Widerstandsf\u00e4higkeit, ideal sowohl f\u00fcr stark frequentierte B\u00f6den als auch f\u00fcr Wandverkleidungen. Ihre matte Oberfl\u00e4che verleiht nicht nur eine angenehme Haptik und Optik, sondern tr\u00e4gt auch zur Schaffung ruhiger Umgebungen bei, indem sie unerw\u00fcnschte Spiegelungen vermeidet und die Tiefe ihrer Farbe hervorhebt. Die porzellanartige Beschaffenheit des Materials gew\u00e4hrleistet eine geringe Wasseraufnahme, hohe Best\u00e4ndigkeit gegen Flecken, Abrieb und Temperaturschwankungen und garantiert eine langfristige Investition, die ihre Sch\u00f6nheit bei minimaler Pflege unver\u00e4ndert erh\u00e4lt.<\/p><p>Das Format von 60&#215;60 cm ist eine zeitgem\u00e4\u00dfe Gr\u00f6\u00dfe, die das Gef\u00fchl von Kontinuit\u00e4t und Weite in R\u00e4umen f\u00f6rdert, Fugen minimiert und eine flie\u00dfendere Oberfl\u00e4che schafft. Da es sich um eine rektifizierte Fliese (REKT) handelt, sind ihre Kanten mit millimetergenauer Pr\u00e4zision geschnitten, was eine Installation mit minimalen Fugen erm\u00f6glicht. Dies verbessert das Endergebnis dramatisch und schafft ein nahezu nahtloses Erscheinungsbild und erleichtert die t\u00e4gliche Reinigung. Die besonderen Merkmale der Stein- und Zementimitation verschmelzen in diesem Design, um die Authentizit\u00e4t und texturale Reichhaltigkeit nat\u00fcrlicher Materialien mit den technischen Vorteilen und der Vielseitigkeit fortschrittlicher Keramik zu vereinen und Wohlbefinden und Harmonie in jedem Raum zu f\u00f6rdern.<\/p>","protected":false},"excerpt":{"rendered":"<p>MATTE PORZELLANFLIESE CANBY GREY MT 60X60 REKTEntdecken Sie die Essenz des minimalistischen Designs und der zeitgen\u00f6ssischen Raffinesse mit der Fliese CANBY GREY MT 60X60 REKT, einem integralen Bestandteil unserer gefeierten CANBY Serie. Inspiriert von der Gelassenheit eines Steins mit dezenter Textur, zeichnet sich dieses Feinsteinzeugst\u00fcck durch sein kompaktes und raffiniertes Design aus. Jedes Detail wurde [&hellip;]<\/p>\n","protected":false},"featured_media":574940,"comment_status":"open","ping_status":"closed","template":"","meta":[],"product_brand":[],"product_cat":[457,458,456,459],"product_tag":[],"class_list":{"0":"post-575229","1":"product","2":"type-product","3":"status-publish","4":"has-post-thumbnail","6":"product_cat-badezimmer","7":"product_cat-kuchen","8":"product_cat-vohnzimmer","9":"product_cat-wandfliesen","11":"first","12":"instock","13":"shipping-taxable","14":"purchasable","15":"product-type-simple"},"_links":{"self":[{"href":"https:\/\/tilefly.com\/de\/wp-json\/wp\/v2\/product\/575229","targetHints":{"allow":["GET"]}}],"collection":[{"href":"https:\/\/tilefly.com\/de\/wp-json\/wp\/v2\/product"}],"about":[{"href":"https:\/\/tilefly.com\/de\/wp-json\/wp\/v2\/types\/product"}],"replies":[{"embeddable":true,"href":"https:\/\/tilefly.com\/de\/wp-json\/wp\/v2\/comments?post=575229"}],"wp:featuredmedia":[{"embeddable":true,"href":"https:\/\/tilefly.com\/de\/wp-json\/wp\/v2\/media\/574940"}],"wp:attachment":[{"href":"https:\/\/tilefly.com\/de\/wp-json\/wp\/v2\/media?parent=575229"}],"wp:term":[{"taxonomy":"product_brand","embeddable":true,"href":"https:\/\/tilefly.com\/de\/wp-json\/wp\/v2\/product_brand?post=575229"},{"taxonomy":"product_cat","embeddable":true,"href":"https:\/\/tilefly.com\/de\/wp-json\/wp\/v2\/product_cat?post=575229"},{"taxonomy":"product_tag","embeddable":true,"href":"https:\/\/tilefly.com\/de\/wp-json\/wp\/v2\/product_tag?post=575229"}],"curies":[{"name":"wp","href":"https:\/\/api.w.org\/{rel}","templated":true}]}}