{"id":575223,"date":"2025-07-17T18:26:53","date_gmt":"2025-07-17T16:26:53","guid":{"rendered":"https:\/\/tilefly.com\/producto\/canby-fusion-pearl-mt-60x120-rect\/"},"modified":"2025-07-17T19:11:12","modified_gmt":"2025-07-17T17:11:12","slug":"canby-fusion-pearl-mt-60x120-rect","status":"publish","type":"product","link":"https:\/\/tilefly.com\/de\/produkt\/canby-fusion-pearl-mt-60x120-rect\/","title":{"rendered":"CANBY FUSION PEARL MT 60X120 RECT"},"content":{"rendered":"<h2>Matte Feinsteinzeug Fliese CANBY FUSION PEARL MT 60X120 RECT<\/h2><p>Entdecken Sie die erhabene Eleganz der Fliese CANBY FUSION PEARL MT 60X120 RECT, ein Meisterwerk unserer exklusiven Serie <a href=\"https:\/\/tilefly.com\/produkt\/canby\/\">CANBY<\/a>. Inspiriert von der zeitlosen \u00c4sthetik von Terrazzo, verschmilzt diese Keramikfliese eine kompakte, minimalistische Basis mit Steinfragmenten, die ihrer Oberfl\u00e4che Leben einhauchen. Die Perlmuttfarbe dieser Fliese ist ein Zeugnis subtiler Raffinesse: ein extrem blasser gebrochener Wei\u00dfton, fast ein \u00e4therisches Beige oder ein zart nuanciertes Perlwei\u00df, das eine neutrale und ruhige Basis f\u00fcr jedes Ambiente schafft.<\/p><p>Die unverwechselbare Pers\u00f6nlichkeit der CANBY FUSION PEARL liegt in ihren unz\u00e4hligen Steinfragmenten. Dicht und gleichm\u00e4\u00dfig verteilt, variieren diese kleinen, reinwei\u00dfen oder cremefarbenen Partikel mit kantigen und unregelm\u00e4\u00dfigen Formen von winzigen Punkten bis hin zu kleinen Fragmenten, wodurch eine granulierte und gesprenkelte visuelle Textur entsteht. Was sie wirklich besonders macht, ist die Subtilit\u00e4t des Kontrasts zwischen diesen Einschl\u00fcssen und dem Hintergrund, was ihr ein koh\u00e4rentes Aussehen und eine visuelle Homogenit\u00e4t verleiht, die Ruhe und Modernit\u00e4t ausstrahlt. Ihre matte Oberfl\u00e4che unterstreicht nicht nur diese Gelassenheit, indem sie unerw\u00fcnschte Reflexionen eliminiert, sondern bietet auch eine weiche und sichere Haptik, ideal f\u00fcr den t\u00e4glichen Gebrauch.<\/p><p>Hergestellt aus glasiertem Feinsteinzeug, ist diese Fliese nicht nur ein visueller Genuss, sondern auch ein Champion in Sachen Haltbarkeit und Vielseitigkeit. Ihre Zusammensetzung garantiert eine au\u00dfergew\u00f6hnliche Best\u00e4ndigkeit gegen Abnutzung, Feuchtigkeit und Flecken, was sie zur perfekten Wahl f\u00fcr B\u00f6den und W\u00e4nde in stark frequentierten Bereichen sowie in K\u00fcchen und B\u00e4dern macht, wo Funktionalit\u00e4t auf \u00c4sthetik trifft. Das gro\u00dfz\u00fcgige Format von 60 x 120 cm, kombiniert mit ihrem rektifizierten Charakter, minimiert die Fugen und schafft ein Gef\u00fchl von Ger\u00e4umigkeit und Kontinuit\u00e4t in jedem Raum, wodurch die Zimmer gr\u00f6\u00dfer und flie\u00dfender wirken. Diese Eigenschaft macht sie zu einer bevorzugten Wahl f\u00fcr diejenigen, die ein zeitgem\u00e4\u00dfes und nahtloses Innendesign suchen.<\/p><p>Der CANBY FUSION PEARL MT 60X120 RECT verk\u00f6rpert die perfekte Verschmelzung von Stein- und Zementoptik und erfindet das Terrazzo-Konzept f\u00fcr das 21. Jahrhundert neu. Sie ist nicht nur eine Fliese; sie ist eine Leinwand, die Ihre R\u00e4ume in einzigartigen, raffinierten und zeitlosen Stil verwandelt. Ihre Vielseitigkeit erm\u00f6glicht es ihr, sich harmonisch in eine breite Palette von Dekorationsstilen einzuf\u00fcgen, vom reinsten Minimalismus \u00fcber skandinavische Umgebungen bis hin zu raffinierten Industrie-Chic-Looks. Mit ihr wird jede Ecke zu einem einladenden und eleganten Refugium, in dem die Sch\u00f6nheit in der Einfachheit liegt, bereichert durch subtile Details, die Sie einladen, visuelle Harmonie und Funktionalit\u00e4t in Ihrem Zuhause oder Projekt zu genie\u00dfen.<\/p>","protected":false},"excerpt":{"rendered":"<p>Matte Feinsteinzeug Fliese CANBY FUSION PEARL MT 60X120 RECTEntdecken Sie die erhabene Eleganz der Fliese CANBY FUSION PEARL MT 60X120 RECT, ein Meisterwerk unserer exklusiven Serie CANBY. Inspiriert von der zeitlosen \u00c4sthetik von Terrazzo, verschmilzt diese Keramikfliese eine kompakte, minimalistische Basis mit Steinfragmenten, die ihrer Oberfl\u00e4che Leben einhauchen. Die Perlmuttfarbe dieser Fliese ist ein Zeugnis [&hellip;]<\/p>\n","protected":false},"featured_media":574966,"comment_status":"open","ping_status":"closed","template":"","meta":[],"product_brand":[],"product_cat":[457,458,456,459],"product_tag":[],"class_list":{"0":"post-575223","1":"product","2":"type-product","3":"status-publish","4":"has-post-thumbnail","6":"product_cat-badezimmer","7":"product_cat-kuchen","8":"product_cat-vohnzimmer","9":"product_cat-wandfliesen","11":"first","12":"instock","13":"shipping-taxable","14":"purchasable","15":"product-type-simple"},"_links":{"self":[{"href":"https:\/\/tilefly.com\/de\/wp-json\/wp\/v2\/product\/575223","targetHints":{"allow":["GET"]}}],"collection":[{"href":"https:\/\/tilefly.com\/de\/wp-json\/wp\/v2\/product"}],"about":[{"href":"https:\/\/tilefly.com\/de\/wp-json\/wp\/v2\/types\/product"}],"replies":[{"embeddable":true,"href":"https:\/\/tilefly.com\/de\/wp-json\/wp\/v2\/comments?post=575223"}],"wp:featuredmedia":[{"embeddable":true,"href":"https:\/\/tilefly.com\/de\/wp-json\/wp\/v2\/media\/574966"}],"wp:attachment":[{"href":"https:\/\/tilefly.com\/de\/wp-json\/wp\/v2\/media?parent=575223"}],"wp:term":[{"taxonomy":"product_brand","embeddable":true,"href":"https:\/\/tilefly.com\/de\/wp-json\/wp\/v2\/product_brand?post=575223"},{"taxonomy":"product_cat","embeddable":true,"href":"https:\/\/tilefly.com\/de\/wp-json\/wp\/v2\/product_cat?post=575223"},{"taxonomy":"product_tag","embeddable":true,"href":"https:\/\/tilefly.com\/de\/wp-json\/wp\/v2\/product_tag?post=575223"}],"curies":[{"name":"wp","href":"https:\/\/api.w.org\/{rel}","templated":true}]}}