{"id":575220,"date":"2025-07-17T18:26:55","date_gmt":"2025-07-17T16:26:55","guid":{"rendered":"https:\/\/tilefly.com\/producto\/canby-fusion-grey-mt-60x60-rect\/"},"modified":"2025-07-17T19:10:50","modified_gmt":"2025-07-17T17:10:50","slug":"canby-fusion-grey-mt-60x60-rect","status":"publish","type":"product","link":"https:\/\/tilefly.com\/de\/produkt\/canby-fusion-grey-mt-60x60-rect\/","title":{"rendered":"CANBY FUSION GREY MT 60X60 RECT"},"content":{"rendered":"<h2>Feinsteinzeugfliese Matt CANBY FUSION GREY MT 60&#215;60 REKTIFIZIERT<\/h2><p>Die CANBY FUSION GREY MT 60&#215;60 REKTIFIZIERT ist ein Meisterwerk, das die Eleganz in jeder Umgebung neu definiert. Tauchen Sie ein in die Raffinesse ihres hellgrauen Tons, der die Gelassenheit eines bleigrauen Himmels und die Festigkeit von poliertem Beton hervorruft und eine neutrale und \u00e4u\u00dferst vielseitige Basis f\u00fcr jedes Dekorationskonzept bietet. Dieses matt glasierte Feinsteinzeug in 60&#215;60 cm besticht durch sein rektifiziertes Finish, das eine Installation mit minimalen Fugen erm\u00f6glicht und eine durchgehende und flie\u00dfende Oberfl\u00e4che schafft, die den Raum optisch vergr\u00f6\u00dfert und einen hochwertigen Look verleiht. Seine Beschaffenheit als Feinsteinzeug gew\u00e4hrleistet eine au\u00dfergew\u00f6hnliche Best\u00e4ndigkeit gegen Abnutzung, Feuchtigkeit und Flecken, was es zur idealen Wahl sowohl f\u00fcr stark frequentierte B\u00f6den als auch f\u00fcr Wandverkleidungen in jedem Bereich des Hauses oder f\u00fcr gewerbliche Projekte macht.<\/p><p>Inspiriert vom visuellen Reichtum des Terrazzos sowie der N\u00fcchternheit von Zement und Stein, pr\u00e4sentiert das Design der CANBY FUSION GREY MT Fliese eine Vielzahl kleiner, unregelm\u00e4\u00dfiger wei\u00dfer oder cremefarbener Einschl\u00fcsse, die dicht auf ihrer perlwei\u00dfen Basis verteilt sind. Diese Partikel, die sich in Gr\u00f6\u00dfe und Form leicht unterscheiden, von eckigen Fragmenten bis hin zu weicheren Formen, erzeugen einen \u201egesprenkelten\u201c oder \u201eSalz-und-Pfeffer\u201c-Effekt mit einem zarten, aber wahrnehmbaren Kontrast. Diese Besonderheit verleiht der Oberfl\u00e4che Tiefe und Dynamik, ohne sie zu \u00fcberladen, und bewahrt eine saubere und zeitlose \u00c4sthetik. Die CANBY-Serie, zu der dieses St\u00fcck geh\u00f6rt, zeichnet sich durch ihre minimalistische und zeitgem\u00e4\u00dfe Essenz aus, bei der die Sch\u00f6nheit in der Einfachheit und im Textur-Reichtum liegt. Sie k\u00f6nnen die gesamte Serie auf unserer Website erkunden: <a href=\"https:\/\/tilefly.com\/produkt\/canby\/\">CANBY<\/a>.<\/p><p>Die matte Oberfl\u00e4che der CANBY FUSION GREY MT unterstreicht nicht nur ihr Aussehen von Naturstein oder Zement, sondern bietet auch eine seidige Haptik und eine \u00fcberlegene Best\u00e4ndigkeit gegen Reflexionen und Fingerabdr\u00fccke, was die Pflege erleichtert und ihre Sch\u00f6nheit im Laufe der Zeit bewahrt. Ihr Format von 60&#215;60 cm eignet sich perfekt f\u00fcr die Schaffung weiter und lichtdurchfluteter Umgebungen, sei es in Wohnzimmern, K\u00fcchen, B\u00e4dern oder \u00fcberdachten Au\u00dfenbereichen, dank der Vielseitigkeit ihres Feinsteinzeug-Materials, das f\u00fcr den Innen- und Au\u00dfenbereich geeignet ist. Diese Fliese mit Stein- und Zementoptik f\u00fcgt sich harmonisch in Stile ein, die vom Industriellen und Nordischen bis hin zum Zeitgen\u00f6ssischen und Minimalistischen reichen, und bietet eine solide und stilisierte Basis, die zu kreativer Dekoration einl\u00e4dt. Mit CANBY FUSION GREY MT verwandelt sich jeder Raum in eine Leinwand der Ruhe und Raffinesse, wo Langlebigkeit und Design zusammenkommen, um ein unvergleichliches \u00e4sthetisches und funktionales Erlebnis zu bieten.<\/p>","protected":false},"excerpt":{"rendered":"<p>Feinsteinzeugfliese Matt CANBY FUSION GREY MT 60&#215;60 REKTIFIZIERTDie CANBY FUSION GREY MT 60&#215;60 REKTIFIZIERT ist ein Meisterwerk, das die Eleganz in jeder Umgebung neu definiert. Tauchen Sie ein in die Raffinesse ihres hellgrauen Tons, der die Gelassenheit eines bleigrauen Himmels und die Festigkeit von poliertem Beton hervorruft und eine neutrale und \u00e4u\u00dferst vielseitige Basis f\u00fcr [&hellip;]<\/p>\n","protected":false},"featured_media":574979,"comment_status":"open","ping_status":"closed","template":"","meta":[],"product_brand":[],"product_cat":[457,458,456,459],"product_tag":[],"class_list":{"0":"post-575220","1":"product","2":"type-product","3":"status-publish","4":"has-post-thumbnail","6":"product_cat-badezimmer","7":"product_cat-kuchen","8":"product_cat-vohnzimmer","9":"product_cat-wandfliesen","11":"first","12":"instock","13":"shipping-taxable","14":"purchasable","15":"product-type-simple"},"_links":{"self":[{"href":"https:\/\/tilefly.com\/de\/wp-json\/wp\/v2\/product\/575220","targetHints":{"allow":["GET"]}}],"collection":[{"href":"https:\/\/tilefly.com\/de\/wp-json\/wp\/v2\/product"}],"about":[{"href":"https:\/\/tilefly.com\/de\/wp-json\/wp\/v2\/types\/product"}],"replies":[{"embeddable":true,"href":"https:\/\/tilefly.com\/de\/wp-json\/wp\/v2\/comments?post=575220"}],"wp:featuredmedia":[{"embeddable":true,"href":"https:\/\/tilefly.com\/de\/wp-json\/wp\/v2\/media\/574979"}],"wp:attachment":[{"href":"https:\/\/tilefly.com\/de\/wp-json\/wp\/v2\/media?parent=575220"}],"wp:term":[{"taxonomy":"product_brand","embeddable":true,"href":"https:\/\/tilefly.com\/de\/wp-json\/wp\/v2\/product_brand?post=575220"},{"taxonomy":"product_cat","embeddable":true,"href":"https:\/\/tilefly.com\/de\/wp-json\/wp\/v2\/product_cat?post=575220"},{"taxonomy":"product_tag","embeddable":true,"href":"https:\/\/tilefly.com\/de\/wp-json\/wp\/v2\/product_tag?post=575220"}],"curies":[{"name":"wp","href":"https:\/\/api.w.org\/{rel}","templated":true}]}}