{"id":575211,"date":"2025-07-17T18:27:04","date_gmt":"2025-07-17T16:27:04","guid":{"rendered":"https:\/\/tilefly.com\/producto\/canby-fusion-sand-mt-60x120-rect\/"},"modified":"2025-11-14T04:00:44","modified_gmt":"2025-11-14T03:00:44","slug":"canby-fusion-sand-mt-60x120-rect","status":"publish","type":"product","link":"https:\/\/tilefly.com\/de\/produkt\/canby-fusion-sand-mt-60x120-rect\/","title":{"rendered":"CANBY FUSION SAND MT 60X120 RECT"},"content":{"rendered":"<h2>Azulejo Porcel\u00e1nico Mate CANBY FUSION SAND MT 60X120 RECT<\/h2><p>Descubre la esencia de la sofisticaci\u00f3n contempor\u00e1nea con la baldosa CANBY FUSION SAND MT 60X120 RECT, una pieza que redefine la est\u00e9tica de los espacios interiores. Inspirada en la atemporal belleza del terrazo, esta cer\u00e1mica fusiona un fondo compacto y sereno con la delicadeza de sus incrustaciones, creando un lienzo visual que evoca calma y modernidad. El color &#8220;Arena&#8221; de esta baldosa es un testimonio de su versatilidad, presentando un tono base neutro muy claro que se puede describir como un beige p\u00e1lido, un blanco roto o un suave crema. Sobre esta matriz uniforme, se distribuyen densa y armoniosamente innumerables fragmentos irregulares de peque\u00f1o y mediano tama\u00f1o. Estas inclusiones, predominantemente en tonos a\u00fan m\u00e1s claros como blancos puros, blancos gris\u00e1ceos y cremas muy claros, no solo aportan luminosidad, sino que tambi\u00e9n confieren una profundidad visual intrigante, simulando la apariencia de un terrazo de grano fino o un elegante granito de cuarzo, sin los patrones de veta de otros materiales.<\/p><p>Fabricada en Porcel\u00e1nico Esmaltado Mate, la baldosa CANBY FUSION SAND MT es sin\u00f3nimo de durabilidad y rendimiento excepcional. Su material porcel\u00e1nico la convierte en la elecci\u00f3n perfecta tanto para revestir suelos como paredes en cualquier ambiente, desde residenciales hasta comerciales de alto tr\u00e1nsito, garantizando resistencia al desgaste, la humedad y las manchas. El acabado Mate no solo potencia su similitud con materiales naturales como la piedra o el cemento, al minimizar los reflejos y aportar una textura suave al tacto, sino que tambi\u00e9n contribuye a la seguridad al ofrecer propiedades antideslizantes. Esta cualidad, junto con su naturaleza rectificada, permite una instalaci\u00f3n con juntas m\u00ednimas, creando una superficie continua y expansiva que realza la sensaci\u00f3n de amplitud y pulcritud en cualquier habitaci\u00f3n, ideal para un dise\u00f1o moderno y minimalista.<\/p><p>El formato generoso de 60&#215;120 cm de la CANBY FUSION SAND MT subraya su car\u00e1cter moderno y la hace ideal para proyectos que buscan minimizar las l\u00edneas de lechada y potenciar una est\u00e9tica limpia y fluida. Esta dimensi\u00f3n no solo facilita una instalaci\u00f3n m\u00e1s r\u00e1pida, sino que tambi\u00e9n magnifica la percepci\u00f3n del espacio. Sus caracter\u00edsticas de imitaci\u00f3n piedra e imitaci\u00f3n cemento la posicionan como una opci\u00f3n altamente adaptable a diversas corrientes decorativas, desde el minimalismo escandinavo hasta el industrial chic. Cada baldosa de la serie <a href=\"https:\/\/tilefly.com\/de\/produkt\/canby\/\">CANBY<\/a> es una declaraci\u00f3n de estilo, una invitaci\u00f3n a crear ambientes donde la simplicidad de su dise\u00f1o esconde una riqueza visual inigualable, prometiendo un espacio que no solo es est\u00e9ticamente agradable, sino tambi\u00e9n profundamente acogedor y funcional, elevando cualquier dise\u00f1o y transformando lo ordinario en extraordinario.<\/p>","protected":false},"excerpt":{"rendered":"<p>Azulejo Porcel\u00e1nico Mate CANBY FUSION SAND MT 60X120 RECTDescubre la esencia de la sofisticaci\u00f3n contempor\u00e1nea con la baldosa CANBY FUSION SAND MT 60X120 RECT, una pieza que redefine la est\u00e9tica de los espacios interiores. Inspirada en la atemporal belleza del terrazo, esta cer\u00e1mica fusiona un fondo compacto y sereno con la delicadeza de sus incrustaciones, [&hellip;]<\/p>\n","protected":false},"featured_media":575018,"comment_status":"open","ping_status":"closed","template":"","meta":[],"product_brand":[],"product_cat":[457,458,456,459],"product_tag":[],"class_list":{"0":"post-575211","1":"product","2":"type-product","3":"status-publish","4":"has-post-thumbnail","6":"product_cat-badezimmer","7":"product_cat-kuchen","8":"product_cat-vohnzimmer","9":"product_cat-wandfliesen","11":"first","12":"instock","13":"shipping-taxable","14":"purchasable","15":"product-type-simple"},"_links":{"self":[{"href":"https:\/\/tilefly.com\/de\/wp-json\/wp\/v2\/product\/575211","targetHints":{"allow":["GET"]}}],"collection":[{"href":"https:\/\/tilefly.com\/de\/wp-json\/wp\/v2\/product"}],"about":[{"href":"https:\/\/tilefly.com\/de\/wp-json\/wp\/v2\/types\/product"}],"replies":[{"embeddable":true,"href":"https:\/\/tilefly.com\/de\/wp-json\/wp\/v2\/comments?post=575211"}],"wp:featuredmedia":[{"embeddable":true,"href":"https:\/\/tilefly.com\/de\/wp-json\/wp\/v2\/media\/575018"}],"wp:attachment":[{"href":"https:\/\/tilefly.com\/de\/wp-json\/wp\/v2\/media?parent=575211"}],"wp:term":[{"taxonomy":"product_brand","embeddable":true,"href":"https:\/\/tilefly.com\/de\/wp-json\/wp\/v2\/product_brand?post=575211"},{"taxonomy":"product_cat","embeddable":true,"href":"https:\/\/tilefly.com\/de\/wp-json\/wp\/v2\/product_cat?post=575211"},{"taxonomy":"product_tag","embeddable":true,"href":"https:\/\/tilefly.com\/de\/wp-json\/wp\/v2\/product_tag?post=575211"}],"curies":[{"name":"wp","href":"https:\/\/api.w.org\/{rel}","templated":true}]}}