{"id":575174,"date":"2025-07-17T18:40:59","date_gmt":"2025-07-17T16:40:59","guid":{"rendered":"https:\/\/tilefly.com\/producto\/phase\/"},"modified":"2025-07-17T18:40:59","modified_gmt":"2025-07-17T16:40:59","slug":"phase","status":"publish","type":"product","link":"https:\/\/tilefly.com\/de\/produkt\/phase\/","title":{"rendered":"PHASE"},"content":{"rendered":"<h2>Serie PHASE<\/h2><p>Este cemento espatulado se caracteriza por sus suaves y controlados contrastes, creando superficies que irradian elegancia y sofisticaci\u00f3n en cada estancia. Su gr\u00e1fica homog\u00e9nea proporciona un acabado visualmente equilibrado, ideal para transformar espacios en entornos modernos y refinados. Con su textura distintiva, cada rinc\u00f3n se convierte en un lugar donde la belleza se expresa a trav\u00e9s de la sutileza y la armon\u00eda.<\/p>","protected":false},"excerpt":{"rendered":"<p>Serie PHASEEste cemento espatulado se caracteriza por sus suaves y controlados contrastes, creando superficies que irradian elegancia y sofisticaci\u00f3n en cada estancia. Su gr\u00e1fica homog\u00e9nea proporciona un acabado visualmente equilibrado, ideal para transformar espacios en entornos modernos y refinados. Con su textura distintiva, cada rinc\u00f3n se convierte en un lugar donde la belleza se expresa [&hellip;]<\/p>\n","protected":false},"featured_media":574536,"comment_status":"closed","ping_status":"closed","template":"","meta":[],"product_brand":[],"product_cat":[457,460,458,456,459],"product_tag":[],"class_list":{"0":"post-575174","1":"product","2":"type-product","3":"status-publish","4":"has-post-thumbnail","6":"product_cat-badezimmer","7":"product_cat-bodenfliesen","8":"product_cat-kuchen","9":"product_cat-vohnzimmer","10":"product_cat-wandfliesen","12":"first","13":"instock","14":"shipping-taxable","15":"product-type-grouped"},"_links":{"self":[{"href":"https:\/\/tilefly.com\/de\/wp-json\/wp\/v2\/product\/575174","targetHints":{"allow":["GET"]}}],"collection":[{"href":"https:\/\/tilefly.com\/de\/wp-json\/wp\/v2\/product"}],"about":[{"href":"https:\/\/tilefly.com\/de\/wp-json\/wp\/v2\/types\/product"}],"replies":[{"embeddable":true,"href":"https:\/\/tilefly.com\/de\/wp-json\/wp\/v2\/comments?post=575174"}],"wp:featuredmedia":[{"embeddable":true,"href":"https:\/\/tilefly.com\/de\/wp-json\/wp\/v2\/media\/574536"}],"wp:attachment":[{"href":"https:\/\/tilefly.com\/de\/wp-json\/wp\/v2\/media?parent=575174"}],"wp:term":[{"taxonomy":"product_brand","embeddable":true,"href":"https:\/\/tilefly.com\/de\/wp-json\/wp\/v2\/product_brand?post=575174"},{"taxonomy":"product_cat","embeddable":true,"href":"https:\/\/tilefly.com\/de\/wp-json\/wp\/v2\/product_cat?post=575174"},{"taxonomy":"product_tag","embeddable":true,"href":"https:\/\/tilefly.com\/de\/wp-json\/wp\/v2\/product_tag?post=575174"}],"curies":[{"name":"wp","href":"https:\/\/api.w.org\/{rel}","templated":true}]}}