{"id":574861,"date":"2025-07-15T15:31:03","date_gmt":"2025-07-15T13:31:03","guid":{"rendered":"https:\/\/tilefly.com\/producto\/phase-grey-mt-333x90-rect\/"},"modified":"2025-07-15T17:13:13","modified_gmt":"2025-07-15T15:13:13","slug":"phase-grey-mt-333x90-rect","status":"publish","type":"product","link":"https:\/\/tilefly.com\/de\/produkt\/phase-grey-mt-333x90-rect\/","title":{"rendered":"PHASE GREY MT 33,3X90 RECT"},"content":{"rendered":"<h2>Matt Porzellanfliese PHASE GREY MT 33,3X90 RECT<\/h2><p>Entdecken Sie die Essenz von Gelassenheit und Raffinesse mit der Serie <a href='https:\/\/tilefly.com\/producto\/phase'>PHASE<\/a>, eine Kollektion, die das Konzept von gespachtelten Zementoberfl\u00e4chen neu definiert. Jedes St\u00fcck ist sorgf\u00e4ltig entworfen, um sanfte und kontrollierte Kontraste zu bieten, die jeden Raum in eine Oase der Ruhe und Eleganz verwandeln. Die homogene Grafik der PHASE-Serie sorgt f\u00fcr ein visuell makelloses Finish und schafft moderne und raffinierte Umgebungen, in denen sich Sch\u00f6nheit durch Subtilit\u00e4t und Harmonie manifestiert. Innerhalb dieser au\u00dfergew\u00f6hnlichen Kollektion pr\u00e4sentieren wir das Modell PHASE GREY MT 33,3X90 RECT, eine Fliese, die Vielseitigkeit und zeitgen\u00f6ssisches Design auf h\u00f6chstem Niveau verk\u00f6rpert.<\/p><p>Die Farbe dieser Fliese, ein extrem helles Grau, fast ein gebrochenes Wei\u00df oder ein blasses Greige, ist eine Hommage an die anspruchsvolle Neutralit\u00e4t. Dieser subtile und helle Farbton bietet eine ideale Basis f\u00fcr jeden Einrichtungsstil, vom reinsten Minimalismus bis hin zu skandinavischen oder sanften Industriestilen. Weit davon entfernt, ein kaltes Grau zu sein, macht seine inh\u00e4rente W\u00e4rme es zur perfekten Leinwand, um mit Beleuchtung und Dekoration zu spielen, Licht so zu reflektieren, dass R\u00e4ume visuell erweitert werden und eine Atmosph\u00e4re von Klarheit und Frische entsteht. Diese Farbe ist nicht nur \u00e4sthetisch ansprechend, sondern auch unglaublich praktisch, da sie Schmutz und Staub viel besser kaschiert als dunklere T\u00f6ne oder reines Wei\u00df, was die Pflege erleichtert und ein makelloses Aussehen im Laufe der Zeit gew\u00e4hrleistet.<\/p><p>Die Designmerkmale des PHASE GREY zeichnen ihn wirklich aus. Es ist keine einfache Zementimitation; es ist eine k\u00fcnstlerische Interpretation seiner raffiniertesten Textur. Die Oberfl\u00e4che weist ein subtiles und organisches Design von extrem schwachen und kontrastarmen Adern oder Reliefs auf, die unregelm\u00e4\u00dfig verteilt sind. Diese Markierungen sind nicht aufdringlich, sondern erinnern an eine weiche und leicht &#8220;faltige&#8221; Textur, die an einen perfekt polierten Mikrozement, einen Naturstein mit einer so diskreten Maserung, die kaum wahrnehmbar ist, oder sogar die Zartheit eines fein gewebten Stoffes erinnert. Diese Abstraktion im Design verleiht eine faszinierende visuelle Tiefe, ohne die Umgebung zu \u00fcberladen, so dass die Fliese ein stiller Protagonist sein kann, der Charakter verleiht, ohne anderen Dekorationselementen die Show zu stehlen. Sie ist eine ideale Wahl f\u00fcr diejenigen, die eine Oberfl\u00e4che mit Pers\u00f6nlichkeit suchen, aber mit einer zur\u00fcckhaltenden und zeitlosen Eleganz.<\/p><p>Was sein Format betrifft, so pr\u00e4sentiert sich der PHASE GREY in gro\u00dfz\u00fcgigen Abmessungen von 33,3&#215;90 Zentimetern. Dieses rechteckige und l\u00e4ngliche Format ist au\u00dfergew\u00f6hnlich vielseitig und beliebt im modernen Innenraumdesign. Es erm\u00f6glicht es, ein Gef\u00fchl von Weite und Kontinuit\u00e4t an den W\u00e4nden zu schaffen, die Anzahl der Fugen zu minimieren und eine gleichm\u00e4\u00dfigere und flie\u00dfendere Oberfl\u00e4che zu erzielen. Es ist besonders geeignet f\u00fcr gro\u00dfe R\u00e4ume, wo seine Gr\u00f6\u00dfe die Pracht des Designs unterstreicht, kann aber auch in kompakteren Bereichen verwendet werden, um eine Illusion gr\u00f6\u00dferer Ausdehnung zu erzeugen. Seine Konfiguration erm\u00f6glicht sowohl die horizontale Verlegung, die den Raum optisch verl\u00e4ngert, als auch die vertikale Verlegung, die die Wahrnehmung der H\u00f6he erh\u00f6ht und eine unvergleichliche kreative Flexibilit\u00e4t bietet, um sich an die spezifischen Bed\u00fcrfnisse jedes Projekts anzupassen.<\/p><p>Das Material dieser Fliese ist Wei\u00dfscherben, eine \u00fcberlegene Wahl f\u00fcr Wandverkleidungen. Im Gegensatz zu Rotscherben zeichnet sich Wei\u00dfscherben durch eine h\u00f6here Reinheit und Wei\u00dfheit in ihrer Zusammensetzung aus, was sich in einem helleren Fliesenuntergrund und oft in einer Glasur mit lebendigeren und designgetreueren Farben widerspiegelt. Fliesen aus Wei\u00dfscherben sind bekannt f\u00fcr ihre Leichtigkeit und einfache Schneidbarkeit, was den Installationsprozess erheblich vereinfacht und das Bruchrisiko reduziert. Sie sind ideal f\u00fcr Innenr\u00e4ume, insbesondere in B\u00e4dern, K\u00fcchen und Wohnzimmern, wo eine glatte, feuchtigkeitsbest\u00e4ndige und leicht zu reinigende Oberfl\u00e4che gew\u00fcnscht wird. Ihre Zusammensetzung gew\u00e4hrleistet eine optimale Haftung der Glasuren und eine au\u00dfergew\u00f6hnliche Haltbarkeit in Innenr\u00e4umen, wodurch ihre Sch\u00f6nheit \u00fcber die Zeit unver\u00e4ndert bleibt.<\/p><p>Schlie\u00dflich ist das matte Finish dieser Fliese das T\u00fcpfelchen auf dem i ihrer Raffinesse. Ein mattes Finish reduziert nicht nur Blendung und unerw\u00fcnschte Reflexionen und schafft eine entspanntere und komfortablere Atmosph\u00e4re, sondern unterstreicht auch meisterhaft die Zartheit ihrer Textur und die Tiefe ihres subtilen Designs. Im Gegensatz zu gl\u00e4nzenden Oberfl\u00e4chen, die kalt oder zu formell wirken k\u00f6nnen, vermittelt das Matte ein Gef\u00fchl von W\u00e4rme und Nat\u00fcrlichkeit, das zum Ber\u00fchren und Betrachten einl\u00e4dt. Dieses Finish ist auch nachsichtiger bei kleinen Unregelm\u00e4\u00dfigkeiten oder Wasserflecken, was zu seinem geringen Wartungsaufwand und seiner F\u00e4higkeit beitr\u00e4gt, Tag f\u00fcr Tag makellos auszusehen. Die PHASE GREY mit ihrem matten Finish ist die perfekte Wahl f\u00fcr diejenigen, die eine Wandverkleidung suchen, die moderne \u00c4sthetik mit praktischer Funktionalit\u00e4t verbindet und R\u00e4ume schafft, die nicht nur visuell beeindruckend, sondern auch unglaublich gem\u00fctlich und bewohnbar sind. Ihre Vielseitigkeit und ihre diskrete Eleganz machen sie zu einer idealen L\u00f6sung f\u00fcr eine Vielzahl von Wohn- und Gewerbeprojekten, die jede Umgebung mit ihrer raffinierten Pr\u00e4senz aufwerten.<\/p>","protected":false},"excerpt":{"rendered":"<p>Matt Porzellanfliese PHASE GREY MT 33,3X90 RECTEntdecken Sie die Essenz von Gelassenheit und Raffinesse mit der Serie PHASE, eine Kollektion, die das Konzept von gespachtelten Zementoberfl\u00e4chen neu definiert. Jedes St\u00fcck ist sorgf\u00e4ltig entworfen, um sanfte und kontrollierte Kontraste zu bieten, die jeden Raum in eine Oase der Ruhe und Eleganz verwandeln. Die homogene Grafik der [&hellip;]<\/p>\n","protected":false},"featured_media":574556,"comment_status":"open","ping_status":"closed","template":"","meta":[],"product_brand":[],"product_cat":[457,458,459],"product_tag":[],"class_list":{"0":"post-574861","1":"product","2":"type-product","3":"status-publish","4":"has-post-thumbnail","6":"product_cat-badezimmer","7":"product_cat-kuchen","8":"product_cat-wandfliesen","10":"first","11":"instock","12":"shipping-taxable","13":"purchasable","14":"product-type-simple"},"_links":{"self":[{"href":"https:\/\/tilefly.com\/de\/wp-json\/wp\/v2\/product\/574861","targetHints":{"allow":["GET"]}}],"collection":[{"href":"https:\/\/tilefly.com\/de\/wp-json\/wp\/v2\/product"}],"about":[{"href":"https:\/\/tilefly.com\/de\/wp-json\/wp\/v2\/types\/product"}],"replies":[{"embeddable":true,"href":"https:\/\/tilefly.com\/de\/wp-json\/wp\/v2\/comments?post=574861"}],"wp:featuredmedia":[{"embeddable":true,"href":"https:\/\/tilefly.com\/de\/wp-json\/wp\/v2\/media\/574556"}],"wp:attachment":[{"href":"https:\/\/tilefly.com\/de\/wp-json\/wp\/v2\/media?parent=574861"}],"wp:term":[{"taxonomy":"product_brand","embeddable":true,"href":"https:\/\/tilefly.com\/de\/wp-json\/wp\/v2\/product_brand?post=574861"},{"taxonomy":"product_cat","embeddable":true,"href":"https:\/\/tilefly.com\/de\/wp-json\/wp\/v2\/product_cat?post=574861"},{"taxonomy":"product_tag","embeddable":true,"href":"https:\/\/tilefly.com\/de\/wp-json\/wp\/v2\/product_tag?post=574861"}],"curies":[{"name":"wp","href":"https:\/\/api.w.org\/{rel}","templated":true}]}}