{"id":574846,"date":"2025-07-15T15:31:13","date_gmt":"2025-07-15T13:31:13","guid":{"rendered":"https:\/\/tilefly.com\/producto\/phase-bv-cold-mt-30x60\/"},"modified":"2025-07-15T17:10:37","modified_gmt":"2025-07-15T15:10:37","slug":"phase-bv-cold-mt-30x60","status":"publish","type":"product","link":"https:\/\/tilefly.com\/de\/produkt\/phase-bv-cold-mt-30x60\/","title":{"rendered":"PHASE BV COLD MT 30X60"},"content":{"rendered":"<h2>Mattiertes Feinsteinzeug PHASE BV COLD MT 30X60<\/h2><p>Entdecken Sie die Essenz von Gelassenheit und Raffinesse mit der Verkleidung PHASE WHITE MATE 30X60, einem St\u00fcck, das die Eleganz in Ihren R\u00e4umen neu definiert. Als Teil der renommierten Serie <a href='https:\/\/tilefly.com\/producto\/phase'>PHASE<\/a>, die sich durch ihren innovativen Ansatz in gespachteltem Zement auszeichnet, hebt sich diese Fliese leicht ab, um eine einzigartige Interpretation textiler Sch\u00f6nheit zu bieten. W\u00e4hrend die PHASE-Serie als Ganzes durch ihre sanften und kontrollierten Kontraste gekennzeichnet ist, die Oberfl\u00e4chen schaffen, die in jedem Raum eine unvergleichliche Eleganz und Raffinesse ausstrahlen, vertieft das Modell WHITE MATE die Subtilit\u00e4t und Harmonie durch einen organischeren und lumineszenten Ausdruck.<\/p><p>Die Farbe dieser Fliese ist ein erhabenes Gebrochenes Wei\u00df oder ein sehr helles Elfenbein, ein au\u00dfergew\u00f6hnlich warmer und neutraler Farbton, der eine nat\u00fcrliche Helligkeit verleiht, ohne k\u00fchl zu wirken. Diese Farbwahl wird zur perfekten Basis f\u00fcr jedes Innendesign, sei es f\u00fcr ein minimalistisches Ambiente, einen gem\u00fctlichen nordischen Stil oder einen modernen Raum mit nat\u00fcrlichen Akzenten. Das wirklich Faszinierende an PHASE WHITE MATE liegt in ihrem Oberfl\u00e4chen design. Weit davon entfernt, g\u00e4ngige Muster wie Holz oder Marmor zu imitieren, und sich sogar von der direkten Nachahmung von gespachteltem Zement f\u00fcr Verkleidungen abgrenzend, pr\u00e4sentiert dieses St\u00fcck eine subtil organische Textur, die sein Markenzeichen ist. Es manifestiert sich in leichten, weichen und diffusen Falten, die unregelm\u00e4\u00dfig \u00fcber die Oberfl\u00e4che verlaufen und Mikro-Reliefs erzeugen, die zum Ber\u00fchren und zur visuellen Betrachtung einladen. Diese Tiefe und ein nat\u00fcrlicher Charakter verleihen ein taktiles und visuelles Interesse, das die Fliese von einer einfachen Bedeckung zu einem eigenst\u00e4ndigen Dekorationselement erhebt und W\u00e4nden Leben und Bewegung verleiht.<\/p><p>Das Format von 30&#215;60 cm ist eine klassische und \u00e4u\u00dferst vielseitige Wahl f\u00fcr Wandverkleidungen. Sein Verh\u00e4ltnis ist ideal, um die Raumwahrnehmung zu optimieren und R\u00e4ume gr\u00f6\u00dfer und koh\u00e4renterer erscheinen zu lassen. Es ist eine handliche Gr\u00f6\u00dfe, die die Installation erleichtert und sich leicht an B\u00e4der und K\u00fcchen sowie an Wohnzimmer und Schlafzimmer anpasst, was eine elegante visuelle Kontinuit\u00e4t erm\u00f6glicht. Hergestellt aus rotem Ton, ist diese Fliese speziell f\u00fcr die Verwendung als Wandverkleidung konzipiert, was Leichtigkeit, einfaches Schneiden und optimale Haftung gew\u00e4hrleistet. Roter Ton ist ein traditionell gesch\u00e4tztes Material f\u00fcr seine Stabilit\u00e4t und Haltbarkeit bei vertikalen Anwendungen, was sicherstellt, dass die Sch\u00f6nheit und Integrit\u00e4t Ihrer W\u00e4nde \u00fcber die Zeit erhalten bleiben.<\/p><p>Die matte oder sehr sanft satinierte Oberfl\u00e4che des PHASE WHITE MATE tr\u00e4gt wesentlich zu ihrer gelassenen und hellen \u00c4sthetik bei. Diese Art von Oberfl\u00e4che minimiert Reflexionen und schafft eine gleichm\u00e4\u00dfige und ruhige Oberfl\u00e4che, die Licht sanft streut und zu einer entspannenden und umh\u00fcllenden Atmosph\u00e4re beitr\u00e4gt. Das Fehlen von \u00fcberm\u00e4\u00dfigem Glanz erm\u00f6glicht es, die subtile Textur vollst\u00e4ndig zu erkennen, wobei jedes Detail der Mikro-Reliefs und der weichen Falten ohne Blendung sichtbar wird. Diese Kombination aus Farbe, Textur und Oberfl\u00e4che f\u00fchrt zu einer sehr vielseitigen Fliese, die eine breite Palette dekorativer Stile erg\u00e4nzen kann. Die homogene Grafik, ein Schl\u00fcsselmerkmal der PHASE-Serie, bleibt bei diesem Modell erhalten und bietet ein visuell ausgewogenes Finish, das sich ideal zur Transformation von R\u00e4umen in moderne und raffinierte Umgebungen eignet, wobei das Versprechen der Serie von Eleganz und Raffinesse eingehalten wird.<\/p><p>Zusammenfassend l\u00e4sst sich sagen, dass die Fliese PHASE WHITE MATE 30X60 viel mehr ist als nur eine einfache Verkleidung. Es ist ein Design-Statement, das die W\u00e4rme des Elfenbeinwei\u00df mit einer organischen und subtilen Textur verbindet und eine perfekte Leinwand bietet, um Umgebungen zu schaffen, die Ruhe und Stil ausstrahlen. Ihr Material aus rotem Ton garantiert au\u00dfergew\u00f6hnliche Leistung an W\u00e4nden, w\u00e4hrend ihr Format und ihre matte Oberfl\u00e4che eine harmonische Integration und diskrete Helligkeit gew\u00e4hrleisten. Diese Zementimitationsfliese, aber mit einer so besonderen und zarten Interpretation, ist eine Einladung, die Sch\u00f6nheit des Wesentlichen zu erkunden, wo Eleganz in der Subtilit\u00e4t jedes Details liegt und Harmonie sich durch eine Oberfl\u00e4che ausdr\u00fcckt, die, obwohl homogen, einen tiefen textilen Reichtum offenbart. Verwandeln Sie Ihre Innenr\u00e4ume in Heiligt\u00fcmer der Raffinesse und des Wohlbefindens mit der Exzellenz, die nur die Serie <a href='https:\/\/tilefly.com\/producto\/phase'>PHASE<\/a> bieten kann.<\/p>","protected":false},"excerpt":{"rendered":"<p>Mattiertes Feinsteinzeug PHASE BV COLD MT 30X60Entdecken Sie die Essenz von Gelassenheit und Raffinesse mit der Verkleidung PHASE WHITE MATE 30X60, einem St\u00fcck, das die Eleganz in Ihren R\u00e4umen neu definiert. Als Teil der renommierten Serie PHASE, die sich durch ihren innovativen Ansatz in gespachteltem Zement auszeichnet, hebt sich diese Fliese leicht ab, um eine [&hellip;]<\/p>\n","protected":false},"featured_media":574621,"comment_status":"open","ping_status":"closed","template":"","meta":[],"product_brand":[],"product_cat":[457,458,459],"product_tag":[],"class_list":{"0":"post-574846","1":"product","2":"type-product","3":"status-publish","4":"has-post-thumbnail","6":"product_cat-badezimmer","7":"product_cat-kuchen","8":"product_cat-wandfliesen","10":"first","11":"instock","12":"shipping-taxable","13":"purchasable","14":"product-type-simple"},"_links":{"self":[{"href":"https:\/\/tilefly.com\/de\/wp-json\/wp\/v2\/product\/574846","targetHints":{"allow":["GET"]}}],"collection":[{"href":"https:\/\/tilefly.com\/de\/wp-json\/wp\/v2\/product"}],"about":[{"href":"https:\/\/tilefly.com\/de\/wp-json\/wp\/v2\/types\/product"}],"replies":[{"embeddable":true,"href":"https:\/\/tilefly.com\/de\/wp-json\/wp\/v2\/comments?post=574846"}],"wp:featuredmedia":[{"embeddable":true,"href":"https:\/\/tilefly.com\/de\/wp-json\/wp\/v2\/media\/574621"}],"wp:attachment":[{"href":"https:\/\/tilefly.com\/de\/wp-json\/wp\/v2\/media?parent=574846"}],"wp:term":[{"taxonomy":"product_brand","embeddable":true,"href":"https:\/\/tilefly.com\/de\/wp-json\/wp\/v2\/product_brand?post=574846"},{"taxonomy":"product_cat","embeddable":true,"href":"https:\/\/tilefly.com\/de\/wp-json\/wp\/v2\/product_cat?post=574846"},{"taxonomy":"product_tag","embeddable":true,"href":"https:\/\/tilefly.com\/de\/wp-json\/wp\/v2\/product_tag?post=574846"}],"curies":[{"name":"wp","href":"https:\/\/api.w.org\/{rel}","templated":true}]}}