{"id":573891,"date":"2025-06-10T16:56:04","date_gmt":"2025-06-10T14:56:04","guid":{"rendered":"https:\/\/tilefly.com\/producto\/levent-pearl-mt-30x60-rect\/"},"modified":"2025-07-21T03:00:47","modified_gmt":"2025-07-21T01:00:47","slug":"levent-pearl-mt-30x60-rect","status":"publish","type":"product","link":"https:\/\/tilefly.com\/de\/produkt\/levent-pearl-mt-30x60-rect\/","title":{"rendered":"LEVENT PEARL MT 30X60 RECT."},"content":{"rendered":"<h2>Azulejo Porcel\u00e1nico Mate LEVENT PEARL MT 30X60 RECT.<\/h2><p>Descubre la elegancia sutil con la baldosa LEVENT PEARL MT 30X60 RECT., una pieza que captura la serenidad del color perla y la traslada a tus espacios. Esta baldosa porcel\u00e1nica, rectificada para una instalaci\u00f3n impecable y con un formato de 30&#215;60 cm, redefine la est\u00e9tica de tus ambientes con su imitaci\u00f3n cemento en acabado mate. Su superficie, un blanco roto con delicadas variaciones de color y textura, evoca la belleza de la piedra natural pulida, aportando profundidad y un toque org\u00e1nico a cada rinc\u00f3n.<\/p><p>La LEVENT PEARL MT no solo destaca por su apariencia, sino tambi\u00e9n por su versatilidad. Ideal tanto para suelos como para paredes, su acabado mate minimiza los reflejos, facilitando la limpieza y el mantenimiento. Imagina un ba\u00f1o minimalista donde esta baldosa reviste las paredes, creando un ambiente relajante y sofisticado, o un sal\u00f3n moderno donde el suelo se convierte en un lienzo de elegancia discreta. Su dise\u00f1o atemporal se adapta a diversos estilos, desde el m\u00e1s contempor\u00e1neo hasta el r\u00fastico chic.<\/p><p>Con la serie <a href=\"https:\/\/tilefly.com\/de\/produkt\/levent\/\">LEVENT<\/a>, transforma tus espacios en un refugio de serenidad y estilo. Cada baldosa es una invitaci\u00f3n a explorar texturas y sensaciones, elevando el concepto de dise\u00f1o a una experiencia sensorial. La LEVENT PEARL MT 30X60 RECT. es la elecci\u00f3n perfecta para quienes buscan un equilibrio entre est\u00e9tica y funcionalidad, creando ambientes que inspiran y perduran en el tiempo.<\/p>","protected":false},"excerpt":{"rendered":"<p>Azulejo Porcel\u00e1nico Mate LEVENT PEARL MT 30X60 RECT.Descubre la elegancia sutil con la baldosa LEVENT PEARL MT 30X60 RECT., una pieza que captura la serenidad del color perla y la traslada a tus espacios. Esta baldosa porcel\u00e1nica, rectificada para una instalaci\u00f3n impecable y con un formato de 30&#215;60 cm, redefine la est\u00e9tica de tus ambientes [&hellip;]<\/p>\n","protected":false},"featured_media":573766,"comment_status":"open","ping_status":"closed","template":"","meta":[],"product_brand":[],"product_cat":[457,458,456,459],"product_tag":[],"class_list":{"0":"post-573891","1":"product","2":"type-product","3":"status-publish","4":"has-post-thumbnail","6":"product_cat-badezimmer","7":"product_cat-kuchen","8":"product_cat-vohnzimmer","9":"product_cat-wandfliesen","11":"first","12":"outofstock","13":"shipping-taxable","14":"purchasable","15":"product-type-simple"},"_links":{"self":[{"href":"https:\/\/tilefly.com\/de\/wp-json\/wp\/v2\/product\/573891","targetHints":{"allow":["GET"]}}],"collection":[{"href":"https:\/\/tilefly.com\/de\/wp-json\/wp\/v2\/product"}],"about":[{"href":"https:\/\/tilefly.com\/de\/wp-json\/wp\/v2\/types\/product"}],"replies":[{"embeddable":true,"href":"https:\/\/tilefly.com\/de\/wp-json\/wp\/v2\/comments?post=573891"}],"wp:featuredmedia":[{"embeddable":true,"href":"https:\/\/tilefly.com\/de\/wp-json\/wp\/v2\/media\/573766"}],"wp:attachment":[{"href":"https:\/\/tilefly.com\/de\/wp-json\/wp\/v2\/media?parent=573891"}],"wp:term":[{"taxonomy":"product_brand","embeddable":true,"href":"https:\/\/tilefly.com\/de\/wp-json\/wp\/v2\/product_brand?post=573891"},{"taxonomy":"product_cat","embeddable":true,"href":"https:\/\/tilefly.com\/de\/wp-json\/wp\/v2\/product_cat?post=573891"},{"taxonomy":"product_tag","embeddable":true,"href":"https:\/\/tilefly.com\/de\/wp-json\/wp\/v2\/product_tag?post=573891"}],"curies":[{"name":"wp","href":"https:\/\/api.w.org\/{rel}","templated":true}]}}