{"id":573888,"date":"2025-06-10T16:56:06","date_gmt":"2025-06-10T14:56:06","guid":{"rendered":"https:\/\/tilefly.com\/producto\/levent-grey-mt-30x60-rect\/"},"modified":"2026-02-06T04:01:14","modified_gmt":"2026-02-06T03:01:14","slug":"levent-grey-mt-30x60-rect","status":"publish","type":"product","link":"https:\/\/tilefly.com\/de\/produkt\/levent-grey-mt-30x60-rect\/","title":{"rendered":"LEVENT GREY MT 30X60 RECT."},"content":{"rendered":"<h2>Azulejo Porcel\u00e1nico Mate LEVENT GREY MT 30X60 RECT.<\/h2><p>Descubre la elegancia industrial con la baldosa <b>LEVENT GREY MT 30X60 RECT.<\/b>, una pieza que redefine la est\u00e9tica del cemento en tu hogar. Con un sofisticado color gris claro y un dise\u00f1o que imita fielmente al hormig\u00f3n pulido, esta baldosa porcel\u00e1nica aporta un toque moderno y minimalista a cualquier espacio. Su acabado mate, suavemente texturizado, captura la esencia de las imperfecciones naturales del cemento, creando un ambiente aut\u00e9ntico y lleno de car\u00e1cter. El formato rectificado de 30&#215;60 cm permite una instalaci\u00f3n precisa y uniforme, ideal para proyectos contempor\u00e1neos que buscan la perfecci\u00f3n en cada detalle. <\/p><p>Fabricada en porcel\u00e1nico esmaltado mate, esta baldosa no solo es hermosa, sino tambi\u00e9n extremadamente duradera y resistente. Perfecta para suelos y paredes, su versatilidad la convierte en la opci\u00f3n ideal para ba\u00f1os, cocinas, salones y espacios comerciales. La sutil variaci\u00f3n en el tono del gris y el dise\u00f1o lineal horizontal a\u00f1aden profundidad y dinamismo, simulando el movimiento natural del material y evitando la monoton\u00eda visual. Su est\u00e9tica industrial, combinada con la calidez de su textura, transforma cada ambiente en un refugio de elegancia contempor\u00e1nea. <\/p><p>Atr\u00e9vete a explorar nuevas dimensiones del dise\u00f1o con <a href=\"https:\/\/tilefly.com\/de\/produkt\/levent\/\">LEVENT<\/a>, una colecci\u00f3n que celebra la belleza del hormig\u00f3n y redefine la percepci\u00f3n del minimalismo. Transforma tus espacios con una sofisticaci\u00f3n sutil y crea ambientes que tocan tus emociones. Con <b>LEVENT GREY MT 30X60 RECT.<\/b>, cada rinc\u00f3n de tu hogar reflejar\u00e1 un estilo \u00fanico y personal, fusionando la funcionalidad con el arte en una armon\u00eda perfecta.<\/p>","protected":false},"excerpt":{"rendered":"<p>Azulejo Porcel\u00e1nico Mate LEVENT GREY MT 30X60 RECT.Descubre la elegancia industrial con la baldosa LEVENT GREY MT 30X60 RECT., una pieza que redefine la est\u00e9tica del cemento en tu hogar. Con un sofisticado color gris claro y un dise\u00f1o que imita fielmente al hormig\u00f3n pulido, esta baldosa porcel\u00e1nica aporta un toque moderno y minimalista a [&hellip;]<\/p>\n","protected":false},"featured_media":573779,"comment_status":"open","ping_status":"closed","template":"","meta":[],"product_brand":[],"product_cat":[457,458,456,459],"product_tag":[],"class_list":{"0":"post-573888","1":"product","2":"type-product","3":"status-publish","4":"has-post-thumbnail","6":"product_cat-badezimmer","7":"product_cat-kuchen","8":"product_cat-vohnzimmer","9":"product_cat-wandfliesen","11":"first","12":"instock","13":"shipping-taxable","14":"purchasable","15":"product-type-simple"},"_links":{"self":[{"href":"https:\/\/tilefly.com\/de\/wp-json\/wp\/v2\/product\/573888","targetHints":{"allow":["GET"]}}],"collection":[{"href":"https:\/\/tilefly.com\/de\/wp-json\/wp\/v2\/product"}],"about":[{"href":"https:\/\/tilefly.com\/de\/wp-json\/wp\/v2\/types\/product"}],"replies":[{"embeddable":true,"href":"https:\/\/tilefly.com\/de\/wp-json\/wp\/v2\/comments?post=573888"}],"wp:featuredmedia":[{"embeddable":true,"href":"https:\/\/tilefly.com\/de\/wp-json\/wp\/v2\/media\/573779"}],"wp:attachment":[{"href":"https:\/\/tilefly.com\/de\/wp-json\/wp\/v2\/media?parent=573888"}],"wp:term":[{"taxonomy":"product_brand","embeddable":true,"href":"https:\/\/tilefly.com\/de\/wp-json\/wp\/v2\/product_brand?post=573888"},{"taxonomy":"product_cat","embeddable":true,"href":"https:\/\/tilefly.com\/de\/wp-json\/wp\/v2\/product_cat?post=573888"},{"taxonomy":"product_tag","embeddable":true,"href":"https:\/\/tilefly.com\/de\/wp-json\/wp\/v2\/product_tag?post=573888"}],"curies":[{"name":"wp","href":"https:\/\/api.w.org\/{rel}","templated":true}]}}