{"id":572719,"date":"2025-02-27T00:28:50","date_gmt":"2025-02-26T23:28:50","guid":{"rendered":"https:\/\/tilefly.com\/producto\/habitat-cappuccino-rect-30x60\/"},"modified":"2026-03-26T04:15:51","modified_gmt":"2026-03-26T03:15:51","slug":"habitat-cappuccino-rect-30x60","status":"publish","type":"product","link":"https:\/\/tilefly.com\/de\/produkt\/habitat-cappuccino-rect-30x60\/","title":{"rendered":"HABITAT CAPPUCCINO RECT 30X60"},"content":{"rendered":"<h2><strong>HABITAT CAPPUCCINO RECT 30X60<\/strong><\/h2><p>Descubre la elegancia sutil y la calidez acogedora del HABITAT CAPPUCCINO RECT 30X60. Esta baldosa porcel\u00e1nica, con su acabado mate y dise\u00f1o textil entrelazado en tonos grises y beige, evoca la sensaci\u00f3n de un tejido suave y natural. Las l\u00edneas horizontales y verticales se cruzan para crear una cuadr\u00edcula fina que aporta profundidad y un toque r\u00fastico y moderno. El color neutro facilita su integraci\u00f3n en diversos estilos decorativos, desde los m\u00e1s minimalistas hasta los m\u00e1s cl\u00e1sicos.<\/p><p>Con un formato de 30&#215;60 y bordes rectificados, esta baldosa ofrece una instalaci\u00f3n precisa y uniforme, minimizando las juntas y creando una superficie continua y visualmente atractiva. Su naturaleza antideslizante la hace ideal para \u00e1reas donde la seguridad es primordial, como ba\u00f1os y cocinas. El HABITAT CAPPUCCINO RECT 30X60 no solo embellece tu hogar, sino que tambi\u00e9n te brinda la tranquilidad de un producto duradero y funcional.<\/p><p>Imagina la calidez de un hogar en invierno, el confort de una chimenea encendida y la suavidad de una tela al tacto. La colecci\u00f3n <a href=\"https:\/\/tilefly.com\/de\/produkt\/habitat\/\">HABITAT<\/a> captura esa esencia, ofreci\u00e9ndote una cer\u00e1mica para vivirla, para sentirla descalzo, y para disfrutar de su amplia gama crom\u00e1tica que te permite un sinf\u00edn de combinaciones. Elige HABITAT CAPPUCCINO RECT 30X60 y transforma tus espacios en refugios de confort y estilo.<\/p>","protected":false},"excerpt":{"rendered":"<p>HABITAT CAPPUCCINO RECT 30X60Descubre la elegancia sutil y la calidez acogedora del HABITAT CAPPUCCINO RECT 30X60. Esta baldosa porcel\u00e1nica, con su acabado mate y dise\u00f1o textil entrelazado en tonos grises y beige, evoca la sensaci\u00f3n de un tejido suave y natural. Las l\u00edneas horizontales y verticales se cruzan para crear una cuadr\u00edcula fina que aporta [&hellip;]<\/p>\n","protected":false},"featured_media":568483,"comment_status":"open","ping_status":"closed","template":"","meta":[],"product_brand":[],"product_cat":[457,458,456,459],"product_tag":[],"class_list":{"0":"post-572719","1":"product","2":"type-product","3":"status-publish","4":"has-post-thumbnail","6":"product_cat-badezimmer","7":"product_cat-kuchen","8":"product_cat-vohnzimmer","9":"product_cat-wandfliesen","11":"first","12":"instock","13":"shipping-taxable","14":"purchasable","15":"product-type-simple"},"_links":{"self":[{"href":"https:\/\/tilefly.com\/de\/wp-json\/wp\/v2\/product\/572719","targetHints":{"allow":["GET"]}}],"collection":[{"href":"https:\/\/tilefly.com\/de\/wp-json\/wp\/v2\/product"}],"about":[{"href":"https:\/\/tilefly.com\/de\/wp-json\/wp\/v2\/types\/product"}],"replies":[{"embeddable":true,"href":"https:\/\/tilefly.com\/de\/wp-json\/wp\/v2\/comments?post=572719"}],"wp:featuredmedia":[{"embeddable":true,"href":"https:\/\/tilefly.com\/de\/wp-json\/wp\/v2\/media\/568483"}],"wp:attachment":[{"href":"https:\/\/tilefly.com\/de\/wp-json\/wp\/v2\/media?parent=572719"}],"wp:term":[{"taxonomy":"product_brand","embeddable":true,"href":"https:\/\/tilefly.com\/de\/wp-json\/wp\/v2\/product_brand?post=572719"},{"taxonomy":"product_cat","embeddable":true,"href":"https:\/\/tilefly.com\/de\/wp-json\/wp\/v2\/product_cat?post=572719"},{"taxonomy":"product_tag","embeddable":true,"href":"https:\/\/tilefly.com\/de\/wp-json\/wp\/v2\/product_tag?post=572719"}],"curies":[{"name":"wp","href":"https:\/\/api.w.org\/{rel}","templated":true}]}}