{"id":571925,"date":"2025-04-02T16:29:08","date_gmt":"2025-04-02T14:29:08","guid":{"rendered":"https:\/\/tilefly.com\/producto\/pursue-dark-grey-br-30x60\/"},"modified":"2025-04-03T15:07:32","modified_gmt":"2025-04-03T13:07:32","slug":"pursue-dark-grey-br-30x60","status":"publish","type":"product","link":"https:\/\/tilefly.com\/de\/produkt\/pursue-dark-grey-br-30x60\/","title":{"rendered":"PURSUE DARK GREY BR 30X60"},"content":{"rendered":"<h2>PURSUE DUNKELGRAU BR 30X60<\/h2><p>Entdecken Sie industrielle Eleganz mit der Fliese PURSUE DARK GREY BR 30X60. Diese rotscherbige Wandfliese, die zu der Serie <a href=\"https:\/\/tilefly.com\/producto\/pursue\/\">PURSUE<\/a>geh\u00f6rt, f\u00e4ngt die Essenz von Zement in einem praktischen Format von 30&#215;60 cm ein. Ihre gl\u00e4nzende Oberfl\u00e4che unterstreicht die Variationen der dunklen Graut\u00f6ne und verleiht Ihren R\u00e4umen Tiefe und Charakter.  <\/p><p>Mit einem Design, das die Unvollkommenheiten und Texturen von verwittertem Zement nachahmt, verleiht diese nicht rektifizierte Fliese jeder Umgebung einen modernen, rustikalen Touch. Sie eignet sich perfekt f\u00fcr W\u00e4nde und ihre Oberfl\u00e4che erzeugt dank der feinen Fugen einen durchgehenden visuellen Effekt, der einen minimalistischen und modernen Look bietet. <\/p><p>Verwandeln Sie Ihr Zuhause mit der Robustheit und dem Stil von PURSUE DARK GREY BR, einer idealen Wahl f\u00fcr alle, die ein langlebiges und anspruchsvolles Design suchen. Ihr neutraler und vielseitiger Farbton passt zu einer Vielzahl von Einrichtungsstilen, von industriell bis minimalistisch, und sorgt in jeder Anwendung f\u00fcr einen atemberaubenden visuellen Eindruck. <\/p>","protected":false},"excerpt":{"rendered":"<p>PURSUE DUNKELGRAU BR 30X60Entdecken Sie industrielle Eleganz mit der Fliese PURSUE DARK GREY BR 30X60. Diese rotscherbige Wandfliese, die zu der Serie PURSUEgeh\u00f6rt, f\u00e4ngt die Essenz von Zement in einem praktischen Format von 30&#215;60 cm ein. Ihre gl\u00e4nzende Oberfl\u00e4che unterstreicht die Variationen der dunklen Graut\u00f6ne und verleiht Ihren R\u00e4umen Tiefe und Charakter. Mit einem Design, [&hellip;]<\/p>\n","protected":false},"featured_media":571672,"comment_status":"open","ping_status":"closed","template":"","meta":[],"product_brand":[],"product_cat":[457,458,459],"product_tag":[],"class_list":{"0":"post-571925","1":"product","2":"type-product","3":"status-publish","4":"has-post-thumbnail","6":"product_cat-badezimmer","7":"product_cat-kuchen","8":"product_cat-wandfliesen","10":"first","11":"instock","12":"shipping-taxable","13":"purchasable","14":"product-type-simple"},"_links":{"self":[{"href":"https:\/\/tilefly.com\/de\/wp-json\/wp\/v2\/product\/571925","targetHints":{"allow":["GET"]}}],"collection":[{"href":"https:\/\/tilefly.com\/de\/wp-json\/wp\/v2\/product"}],"about":[{"href":"https:\/\/tilefly.com\/de\/wp-json\/wp\/v2\/types\/product"}],"replies":[{"embeddable":true,"href":"https:\/\/tilefly.com\/de\/wp-json\/wp\/v2\/comments?post=571925"}],"wp:featuredmedia":[{"embeddable":true,"href":"https:\/\/tilefly.com\/de\/wp-json\/wp\/v2\/media\/571672"}],"wp:attachment":[{"href":"https:\/\/tilefly.com\/de\/wp-json\/wp\/v2\/media?parent=571925"}],"wp:term":[{"taxonomy":"product_brand","embeddable":true,"href":"https:\/\/tilefly.com\/de\/wp-json\/wp\/v2\/product_brand?post=571925"},{"taxonomy":"product_cat","embeddable":true,"href":"https:\/\/tilefly.com\/de\/wp-json\/wp\/v2\/product_cat?post=571925"},{"taxonomy":"product_tag","embeddable":true,"href":"https:\/\/tilefly.com\/de\/wp-json\/wp\/v2\/product_tag?post=571925"}],"curies":[{"name":"wp","href":"https:\/\/api.w.org\/{rel}","templated":true}]}}