{"id":571900,"date":"2025-04-02T16:28:14","date_gmt":"2025-04-02T14:28:14","guid":{"rendered":"https:\/\/tilefly.com\/producto\/pursue-blue-mt-45x45\/"},"modified":"2025-04-03T15:02:51","modified_gmt":"2025-04-03T13:02:51","slug":"pursue-blue-mt-45x45","status":"publish","type":"product","link":"https:\/\/tilefly.com\/de\/produkt\/pursue-blue-mt-45x45\/","title":{"rendered":"PURSUE BLUE MT 45X45"},"content":{"rendered":"<h2>PURSUE BLAU MT 45X45<\/h2><p>Entdecken Sie industrielle Eleganz mit der Fliese <b>PURSUE BLUE MT 45X45<\/b>. Diese Fliese aus glasiertem Feinsteinzeug im Format 45x45cm f\u00e4ngt die Essenz von poliertem Zement in einem raffinierten graublauen Ton ein. Ihre matte Oberfl\u00e4che verleiht ihr nicht nur ein n\u00fcchternes und modernes Aussehen, sondern sorgt auch f\u00fcr eine leicht raue, rutschfeste Oberfl\u00e4che, ideal f\u00fcr moderne R\u00e4ume. Die subtilen Farbnuancen und kleinen Sprenkel auf der Oberfl\u00e4che ahmen das nat\u00fcrliche Aussehen von Zement getreu nach und verleihen jeder Umgebung Tiefe und Charakter.   <\/p><p>Diese nicht rektifizierte Fliese eignet sich perfekt f\u00fcr B\u00f6den und W\u00e4nde und bietet eine einfache Verlegung und ein vielseitiges Design, das sich an eine Vielzahl von dekorativen Stilen anpasst. Ihre weiche und stimmungsvolle blaue Farbe schafft eine entspannende und einladende Atmosph\u00e4re, w\u00e4hrend ihre Festigkeit und Haltbarkeit eine optimale Leistung im Laufe der Zeit gew\u00e4hrleisten. Integrieren Sie die Serie <a href=\"https:\/\/tilefly.com\/producto\/pursue\">PURSUE<\/a> Serie, um harmonische R\u00e4ume zu schaffen.  <\/p>","protected":false},"excerpt":{"rendered":"<p>PURSUE BLAU MT 45X45Entdecken Sie industrielle Eleganz mit der Fliese PURSUE BLUE MT 45X45. Diese Fliese aus glasiertem Feinsteinzeug im Format 45x45cm f\u00e4ngt die Essenz von poliertem Zement in einem raffinierten graublauen Ton ein. Ihre matte Oberfl\u00e4che verleiht ihr nicht nur ein n\u00fcchternes und modernes Aussehen, sondern sorgt auch f\u00fcr eine leicht raue, rutschfeste Oberfl\u00e4che, [&hellip;]<\/p>\n","protected":false},"featured_media":571438,"comment_status":"open","ping_status":"closed","template":"","meta":[],"product_brand":[],"product_cat":[457,458,456,459],"product_tag":[],"class_list":{"0":"post-571900","1":"product","2":"type-product","3":"status-publish","4":"has-post-thumbnail","6":"product_cat-badezimmer","7":"product_cat-kuchen","8":"product_cat-vohnzimmer","9":"product_cat-wandfliesen","11":"first","12":"instock","13":"shipping-taxable","14":"purchasable","15":"product-type-simple"},"_links":{"self":[{"href":"https:\/\/tilefly.com\/de\/wp-json\/wp\/v2\/product\/571900","targetHints":{"allow":["GET"]}}],"collection":[{"href":"https:\/\/tilefly.com\/de\/wp-json\/wp\/v2\/product"}],"about":[{"href":"https:\/\/tilefly.com\/de\/wp-json\/wp\/v2\/types\/product"}],"replies":[{"embeddable":true,"href":"https:\/\/tilefly.com\/de\/wp-json\/wp\/v2\/comments?post=571900"}],"wp:featuredmedia":[{"embeddable":true,"href":"https:\/\/tilefly.com\/de\/wp-json\/wp\/v2\/media\/571438"}],"wp:attachment":[{"href":"https:\/\/tilefly.com\/de\/wp-json\/wp\/v2\/media?parent=571900"}],"wp:term":[{"taxonomy":"product_brand","embeddable":true,"href":"https:\/\/tilefly.com\/de\/wp-json\/wp\/v2\/product_brand?post=571900"},{"taxonomy":"product_cat","embeddable":true,"href":"https:\/\/tilefly.com\/de\/wp-json\/wp\/v2\/product_cat?post=571900"},{"taxonomy":"product_tag","embeddable":true,"href":"https:\/\/tilefly.com\/de\/wp-json\/wp\/v2\/product_tag?post=571900"}],"curies":[{"name":"wp","href":"https:\/\/api.w.org\/{rel}","templated":true}]}}