{"id":571891,"date":"2025-04-02T16:28:05","date_gmt":"2025-04-02T14:28:05","guid":{"rendered":"https:\/\/tilefly.com\/producto\/pursue-grey-dark-mt-45x45\/"},"modified":"2025-04-03T15:02:43","modified_gmt":"2025-04-03T13:02:43","slug":"pursue-grey-dark-mt-45x45","status":"publish","type":"product","link":"https:\/\/tilefly.com\/de\/produkt\/pursue-grey-dark-mt-45x45\/","title":{"rendered":"PURSUE GREY DARK MT 45X45"},"content":{"rendered":"<h2>PURSUE GRAU DUNKEL MT 45X45<\/h2><p>Entdecken Sie die schlichte Eleganz und robuste St\u00e4rke von <b>PURSUE GREY DARK MT 45X45<\/b>. Diese Feinsteinzeugfliese mit ihrer Zementimitation in einem raffinierten Dunkelgrau bringt einen industriellen und modernen Touch in jeden Raum. Das Format 45&#215;45 cm, das nicht rektifiziert ist, erleichtert die Verlegung und passt sich verschiedenen Grundrissen an, so dass Sie zusammenh\u00e4ngende und visuell attraktive Umgebungen schaffen k\u00f6nnen.  <\/p><p>Die matte Oberfl\u00e4che dieser Fliese verleiht ihr nicht nur ein modernes Aussehen, sondern bietet auch eine rutschfeste Oberfl\u00e4che, die ideal f\u00fcr stark frequentierte Bereiche ist. Das Feinsteinzeug garantiert Strapazierf\u00e4higkeit und Abriebfestigkeit und macht sie zu einer perfekten Wahl f\u00fcr B\u00f6den und W\u00e4nde. Der einheitliche und doch dezent melierte zementgraue Farbton bietet eine \u00e4sthetische Vielseitigkeit, die eine breite Palette von Einrichtungsstilen erg\u00e4nzt.  <\/p><p>Verleihen Sie Ihren Projekten einen Hauch von N\u00fcchternheit und industrieller Eleganz mit <b>PURSUE GREY DARK MT 45X45.<\/b> Wenn Sie weitere Gestaltungsm\u00f6glichkeiten und Formate innerhalb dieser vielseitigen Kollektion entdecken m\u00f6chten, laden wir Sie ein, die gesamte Serie <a href=\"https:\/\/tilefly.com\/producto\/pursue\">PURSUE<\/a>Serie zu entdecken, in der Sie eine gro\u00dfe Auswahl an Farben, Oberfl\u00e4chen und Formaten finden, um Ihre Ideen zu verwirklichen. <\/p>","protected":false},"excerpt":{"rendered":"<p>PURSUE GRAU DUNKEL MT 45X45Entdecken Sie die schlichte Eleganz und robuste St\u00e4rke von PURSUE GREY DARK MT 45X45. Diese Feinsteinzeugfliese mit ihrer Zementimitation in einem raffinierten Dunkelgrau bringt einen industriellen und modernen Touch in jeden Raum. Das Format 45&#215;45 cm, das nicht rektifiziert ist, erleichtert die Verlegung und passt sich verschiedenen Grundrissen an, so dass [&hellip;]<\/p>\n","protected":false},"featured_media":571360,"comment_status":"open","ping_status":"closed","template":"","meta":[],"product_brand":[],"product_cat":[457,458,456,459],"product_tag":[],"class_list":{"0":"post-571891","1":"product","2":"type-product","3":"status-publish","4":"has-post-thumbnail","6":"product_cat-badezimmer","7":"product_cat-kuchen","8":"product_cat-vohnzimmer","9":"product_cat-wandfliesen","11":"first","12":"instock","13":"shipping-taxable","14":"purchasable","15":"product-type-simple"},"_links":{"self":[{"href":"https:\/\/tilefly.com\/de\/wp-json\/wp\/v2\/product\/571891","targetHints":{"allow":["GET"]}}],"collection":[{"href":"https:\/\/tilefly.com\/de\/wp-json\/wp\/v2\/product"}],"about":[{"href":"https:\/\/tilefly.com\/de\/wp-json\/wp\/v2\/types\/product"}],"replies":[{"embeddable":true,"href":"https:\/\/tilefly.com\/de\/wp-json\/wp\/v2\/comments?post=571891"}],"wp:featuredmedia":[{"embeddable":true,"href":"https:\/\/tilefly.com\/de\/wp-json\/wp\/v2\/media\/571360"}],"wp:attachment":[{"href":"https:\/\/tilefly.com\/de\/wp-json\/wp\/v2\/media?parent=571891"}],"wp:term":[{"taxonomy":"product_brand","embeddable":true,"href":"https:\/\/tilefly.com\/de\/wp-json\/wp\/v2\/product_brand?post=571891"},{"taxonomy":"product_cat","embeddable":true,"href":"https:\/\/tilefly.com\/de\/wp-json\/wp\/v2\/product_cat?post=571891"},{"taxonomy":"product_tag","embeddable":true,"href":"https:\/\/tilefly.com\/de\/wp-json\/wp\/v2\/product_tag?post=571891"}],"curies":[{"name":"wp","href":"https:\/\/api.w.org\/{rel}","templated":true}]}}