{"id":571855,"date":"2025-04-02T16:24:02","date_gmt":"2025-04-02T14:24:02","guid":{"rendered":"https:\/\/tilefly.com\/producto\/pursue-blue-mt-60x60-rect\/"},"modified":"2025-04-03T14:01:20","modified_gmt":"2025-04-03T12:01:20","slug":"pursue-blue-mt-60x60-rect","status":"publish","type":"product","link":"https:\/\/tilefly.com\/de\/produkt\/pursue-blue-mt-60x60-rect\/","title":{"rendered":"PURSUE BLUE MT 60X60 RECT"},"content":{"rendered":"<h2>PURSUE BLAU MT 60X60 REKT<\/h2><p>Entdecken Sie industrielle Eleganz mit der Fliese <b>PURSUE BLUE MT 60X60 RECT<\/b>. Dieses emaillierte Feinsteinzeug mit seiner matten und rektifizierten Oberfl\u00e4che bietet eine moderne und minimalistische \u00c4sthetik, die von Zement inspiriert ist. Ihre blaue Farbe, subtil nuanciert, bringt einen Hauch von Raffinesse und Gelassenheit in jeden Raum. Das Format 60&#215;60 cm erleichtert die Verlegung und erm\u00f6glicht die Gestaltung gro\u00dfer, zusammenh\u00e4ngender Fl\u00e4chen, ideal f\u00fcr moderne Einrichtungsprojekte. Das Feinsteinzeug garantiert Strapazierf\u00e4higkeit und Verschlei\u00dffestigkeit und eignet sich daher sowohl f\u00fcr B\u00f6den als auch f\u00fcr W\u00e4nde. Erleben Sie die Vielseitigkeit der <a href=\"https:\/\/tilefly.com\/producto\/pursue\">PURSUE<\/a>Serie, in der Designinnovation und Qualit\u00e4t zusammenkommen, um Ihre Umgebung zu ver\u00e4ndern.       <\/p>","protected":false},"excerpt":{"rendered":"<p>PURSUE BLAU MT 60X60 REKTEntdecken Sie industrielle Eleganz mit der Fliese PURSUE BLUE MT 60X60 RECT. Dieses emaillierte Feinsteinzeug mit seiner matten und rektifizierten Oberfl\u00e4che bietet eine moderne und minimalistische \u00c4sthetik, die von Zement inspiriert ist. Ihre blaue Farbe, subtil nuanciert, bringt einen Hauch von Raffinesse und Gelassenheit in jeden Raum. Das Format 60&#215;60 cm [&hellip;]<\/p>\n","protected":false},"featured_media":571191,"comment_status":"open","ping_status":"closed","template":"","meta":[],"product_brand":[],"product_cat":[457,458,456,459],"product_tag":[],"class_list":{"0":"post-571855","1":"product","2":"type-product","3":"status-publish","4":"has-post-thumbnail","6":"product_cat-badezimmer","7":"product_cat-kuchen","8":"product_cat-vohnzimmer","9":"product_cat-wandfliesen","11":"first","12":"instock","13":"shipping-taxable","14":"purchasable","15":"product-type-simple"},"_links":{"self":[{"href":"https:\/\/tilefly.com\/de\/wp-json\/wp\/v2\/product\/571855","targetHints":{"allow":["GET"]}}],"collection":[{"href":"https:\/\/tilefly.com\/de\/wp-json\/wp\/v2\/product"}],"about":[{"href":"https:\/\/tilefly.com\/de\/wp-json\/wp\/v2\/types\/product"}],"replies":[{"embeddable":true,"href":"https:\/\/tilefly.com\/de\/wp-json\/wp\/v2\/comments?post=571855"}],"wp:featuredmedia":[{"embeddable":true,"href":"https:\/\/tilefly.com\/de\/wp-json\/wp\/v2\/media\/571191"}],"wp:attachment":[{"href":"https:\/\/tilefly.com\/de\/wp-json\/wp\/v2\/media?parent=571855"}],"wp:term":[{"taxonomy":"product_brand","embeddable":true,"href":"https:\/\/tilefly.com\/de\/wp-json\/wp\/v2\/product_brand?post=571855"},{"taxonomy":"product_cat","embeddable":true,"href":"https:\/\/tilefly.com\/de\/wp-json\/wp\/v2\/product_cat?post=571855"},{"taxonomy":"product_tag","embeddable":true,"href":"https:\/\/tilefly.com\/de\/wp-json\/wp\/v2\/product_tag?post=571855"}],"curies":[{"name":"wp","href":"https:\/\/api.w.org\/{rel}","templated":true}]}}