{"id":570679,"date":"2025-03-11T20:27:07","date_gmt":"2025-03-17T20:34:10","guid":{"rendered":"https:\/\/tilefly.com\/producto\/arenite\/"},"modified":"2025-03-17T21:34:10","modified_gmt":"2025-03-17T20:34:10","slug":"arenite","status":"publish","type":"product","link":"https:\/\/tilefly.com\/de\/produkt\/arenite\/","title":{"rendered":"ARENITE"},"content":{"rendered":"<p>Die Fliese Arenite hat ein Aussehen, das Naturstein imitiert, mit einer weichen Textur und Farbt\u00f6nen, die dem Raum W\u00e4rme und Nat\u00fcrlichkeit verleihen. Ihr Design bietet einen zeitgem\u00e4\u00dfen und eleganten Look, der sich f\u00fcr moderne und minimalistische Umgebungen eignet. In einigen F\u00e4llen \u00e4hnelt sie auch Zement.<br \/>Die Fliese Arenite ist eine ausgezeichnete Wahl f\u00fcr alle, die eine vielseitige, langlebige Verkleidung mit einem nat\u00fcrlichen und eleganten Design suchen. Ihr steinartiges oder zementartiges Aussehen und ihre neutralen Farbt\u00f6ne machen sie zu einer perfekten Grundlage f\u00fcr die Schaffung einladender und anspruchsvoller Umgebungen.   <\/p>","protected":false},"excerpt":{"rendered":"<p>Die Fliese Arenite hat ein Aussehen, das Naturstein imitiert, mit einer weichen Textur und Farbt\u00f6nen, die dem Raum W\u00e4rme und Nat\u00fcrlichkeit verleihen. Ihr Design bietet einen zeitgem\u00e4\u00dfen und eleganten Look, der sich f\u00fcr moderne und minimalistische Umgebungen eignet. In einigen F\u00e4llen \u00e4hnelt sie auch Zement.Die Fliese Arenite ist eine ausgezeichnete Wahl f\u00fcr alle, die eine [&hellip;]<\/p>\n","protected":false},"featured_media":570299,"comment_status":"closed","ping_status":"closed","template":"","meta":[],"product_brand":[],"product_cat":[457,460,458,456,459],"product_tag":[],"class_list":{"0":"post-570679","1":"product","2":"type-product","3":"status-publish","4":"has-post-thumbnail","6":"product_cat-badezimmer","7":"product_cat-bodenfliesen","8":"product_cat-kuchen","9":"product_cat-vohnzimmer","10":"product_cat-wandfliesen","12":"first","13":"instock","14":"shipping-taxable","15":"product-type-grouped"},"_links":{"self":[{"href":"https:\/\/tilefly.com\/de\/wp-json\/wp\/v2\/product\/570679","targetHints":{"allow":["GET"]}}],"collection":[{"href":"https:\/\/tilefly.com\/de\/wp-json\/wp\/v2\/product"}],"about":[{"href":"https:\/\/tilefly.com\/de\/wp-json\/wp\/v2\/types\/product"}],"replies":[{"embeddable":true,"href":"https:\/\/tilefly.com\/de\/wp-json\/wp\/v2\/comments?post=570679"}],"wp:featuredmedia":[{"embeddable":true,"href":"https:\/\/tilefly.com\/de\/wp-json\/wp\/v2\/media\/570299"}],"wp:attachment":[{"href":"https:\/\/tilefly.com\/de\/wp-json\/wp\/v2\/media?parent=570679"}],"wp:term":[{"taxonomy":"product_brand","embeddable":true,"href":"https:\/\/tilefly.com\/de\/wp-json\/wp\/v2\/product_brand?post=570679"},{"taxonomy":"product_cat","embeddable":true,"href":"https:\/\/tilefly.com\/de\/wp-json\/wp\/v2\/product_cat?post=570679"},{"taxonomy":"product_tag","embeddable":true,"href":"https:\/\/tilefly.com\/de\/wp-json\/wp\/v2\/product_tag?post=570679"}],"curies":[{"name":"wp","href":"https:\/\/api.w.org\/{rel}","templated":true}]}}