{"id":570675,"date":"2025-03-11T20:18:34","date_gmt":"2025-03-11T19:18:34","guid":{"rendered":"https:\/\/tilefly.com\/producto\/antid-plus-arenite-grey-mt-60x90-rect-20mm\/"},"modified":"2025-03-17T21:34:06","modified_gmt":"2025-03-17T20:34:06","slug":"antid-plus-arenite-grey-mt-60x90-rect-20mm","status":"publish","type":"product","link":"https:\/\/tilefly.com\/de\/produkt\/antid-plus-arenite-grey-mt-60x90-rect-20mm\/","title":{"rendered":"ANTID PLUS ARENITE GREY MT 60X90 RECT (20MM)"},"content":{"rendered":"<h2>ANTID PLUS ARENITE GREY MT 60X90 RECT (20MM)<\/h2><p>Entdecken Sie die subtile Eleganz und \u00fcberlegene Widerstandsf\u00e4higkeit der Fliese ANTID PLUS ARENITE GREY MT 60X90 RECT (20MM). Dieses St\u00fcck, inspiriert von der nat\u00fcrlichen Sch\u00f6nheit des Steins und der N\u00fcchternheit des Zements, definiert das Konzept des modernen Designs neu. Seine neutrale Graut\u00f6nung, ohne jegliche Schrillheit, bietet eine vielseitige Grundlage f\u00fcr jede Umgebung und erm\u00f6glicht es, dass die anderen dekorativen Elemente harmonisch zur Geltung kommen. Die raue und matte Textur dieser <a href=\"https:\/\/tilefly.com\/producto\/arenite\">ARENITE<\/a>-Fliese f\u00fchlt sich nicht nur angenehm an, sondern bietet auch einen sicheren Halt, ideal f\u00fcr R\u00e4ume, die Funktionalit\u00e4t und Stil erfordern.    <\/p><p>Diese Fliese aus glasiertem Feinsteinzeug garantiert Langlebigkeit und Verschlei\u00dffestigkeit und ist somit eine langfristige Investition f\u00fcr Ihr Zuhause oder Projekt. Das Format von 60 x 90 Zentimetern in Kombination mit geschliffenen Kanten erm\u00f6glicht eine pr\u00e4zise und gleichm\u00e4\u00dfige Verlegung, minimiert Fugen und schafft eine durchgehende, optisch ansprechende Oberfl\u00e4che. Ob f\u00fcr B\u00f6den oder W\u00e4nde, im Innen- oder Au\u00dfenbereich, diese Fliese passt sich Ihren Bed\u00fcrfnissen an und verleiht jedem Raum einen Hauch von Raffinesse und W\u00e4rme. Ihre minimalistische \u00c4sthetik macht sie perfekt f\u00fcr zeitgen\u00f6ssische Stile, bei denen Einfachheit und Qualit\u00e4t im Vordergrund stehen.    <\/p><p>Stellen Sie sich einen Raum mit einem Boden vor, der mit diesen Fliesen verkleidet ist, auf dessen Oberfl\u00e4che sich das nat\u00fcrliche Licht sanft spiegelt und eine einladende und entspannende Atmosph\u00e4re schafft. Oder vielleicht eine Terrasse, auf der sich Widerstandsf\u00e4higkeit und Design zu einem funktionalen und \u00e4sthetisch makellosen Raum vereinen. Mit der Fliese ANTID PLUS ARENITE GREY MT 60X90 RECT (20MM) sind die M\u00f6glichkeiten endlos. Wagen Sie es, Ihre R\u00e4ume mit diesem einzigartigen St\u00fcck zu verwandeln, das nat\u00fcrliche Sch\u00f6nheit mit technologischer Innovation verbindet.   <\/p>","protected":false},"excerpt":{"rendered":"<p>ANTID PLUS ARENITE GREY MT 60X90 RECT (20MM)Entdecken Sie die subtile Eleganz und \u00fcberlegene Widerstandsf\u00e4higkeit der Fliese ANTID PLUS ARENITE GREY MT 60X90 RECT (20MM). Dieses St\u00fcck, inspiriert von der nat\u00fcrlichen Sch\u00f6nheit des Steins und der N\u00fcchternheit des Zements, definiert das Konzept des modernen Designs neu. Seine neutrale Graut\u00f6nung, ohne jegliche Schrillheit, bietet eine vielseitige [&hellip;]<\/p>\n","protected":false},"featured_media":570494,"comment_status":"open","ping_status":"closed","template":"","meta":[],"product_brand":[],"product_cat":[456],"product_tag":[],"class_list":{"0":"post-570675","1":"product","2":"type-product","3":"status-publish","4":"has-post-thumbnail","6":"product_cat-vohnzimmer","8":"first","9":"instock","10":"shipping-taxable","11":"purchasable","12":"product-type-simple"},"_links":{"self":[{"href":"https:\/\/tilefly.com\/de\/wp-json\/wp\/v2\/product\/570675","targetHints":{"allow":["GET"]}}],"collection":[{"href":"https:\/\/tilefly.com\/de\/wp-json\/wp\/v2\/product"}],"about":[{"href":"https:\/\/tilefly.com\/de\/wp-json\/wp\/v2\/types\/product"}],"replies":[{"embeddable":true,"href":"https:\/\/tilefly.com\/de\/wp-json\/wp\/v2\/comments?post=570675"}],"wp:featuredmedia":[{"embeddable":true,"href":"https:\/\/tilefly.com\/de\/wp-json\/wp\/v2\/media\/570494"}],"wp:attachment":[{"href":"https:\/\/tilefly.com\/de\/wp-json\/wp\/v2\/media?parent=570675"}],"wp:term":[{"taxonomy":"product_brand","embeddable":true,"href":"https:\/\/tilefly.com\/de\/wp-json\/wp\/v2\/product_brand?post=570675"},{"taxonomy":"product_cat","embeddable":true,"href":"https:\/\/tilefly.com\/de\/wp-json\/wp\/v2\/product_cat?post=570675"},{"taxonomy":"product_tag","embeddable":true,"href":"https:\/\/tilefly.com\/de\/wp-json\/wp\/v2\/product_tag?post=570675"}],"curies":[{"name":"wp","href":"https:\/\/api.w.org\/{rel}","templated":true}]}}