{"id":570667,"date":"2025-03-11T20:08:14","date_gmt":"2025-03-11T19:08:14","guid":{"rendered":"https:\/\/tilefly.com\/producto\/arenite-natural-mt-60x60-rect\/"},"modified":"2025-03-17T21:33:54","modified_gmt":"2025-03-17T20:33:54","slug":"arenite-natural-mt-60x60-rect","status":"publish","type":"product","link":"https:\/\/tilefly.com\/de\/produkt\/arenite-natural-mt-60x60-rect\/","title":{"rendered":"ARENITE NATURAL MT 60X60 RECT"},"content":{"rendered":"<p>Entdecken Sie nat\u00fcrliche Eleganz mit der Fliese <a href=\"https:\/\/tilefly.com\/producto\/arenite\">ARENITE<\/a> NATURAL MT 60X60 RECT. Diese 60 x 60 cm gro\u00dfe, rektifizierte Feinsteinzeugfliese f\u00fcr eine makellose Verlegung f\u00e4ngt die Essenz von Naturstein und poliertem Zement in einem vielseitigen und zeitgem\u00e4\u00dfen Design ein. Die matte Oberfl\u00e4che in hellem Naturbeige mit subtilen Variationen und dunklen Flecken verleiht jedem Raum W\u00e4rme und Textur und schafft eine einladende und raffinierte Atmosph\u00e4re. Diese Fliese eignet sich ideal f\u00fcr rustikale, moderne oder minimalistische Stile und ist sowohl f\u00fcr B\u00f6den als auch f\u00fcr W\u00e4nde perfekt geeignet, da sie langlebig ist und ein zeitloses Aussehen bietet.    <\/p>","protected":false},"excerpt":{"rendered":"<p>Entdecken Sie nat\u00fcrliche Eleganz mit der Fliese ARENITE NATURAL MT 60X60 RECT. Diese 60 x 60 cm gro\u00dfe, rektifizierte Feinsteinzeugfliese f\u00fcr eine makellose Verlegung f\u00e4ngt die Essenz von Naturstein und poliertem Zement in einem vielseitigen und zeitgem\u00e4\u00dfen Design ein. Die matte Oberfl\u00e4che in hellem Naturbeige mit subtilen Variationen und dunklen Flecken verleiht jedem Raum W\u00e4rme [&hellip;]<\/p>\n","protected":false},"featured_media":570293,"comment_status":"open","ping_status":"closed","template":"","meta":[],"product_brand":[],"product_cat":[457,458,456,459],"product_tag":[],"class_list":{"0":"post-570667","1":"product","2":"type-product","3":"status-publish","4":"has-post-thumbnail","6":"product_cat-badezimmer","7":"product_cat-kuchen","8":"product_cat-vohnzimmer","9":"product_cat-wandfliesen","11":"first","12":"outofstock","13":"shipping-taxable","14":"purchasable","15":"product-type-simple"},"_links":{"self":[{"href":"https:\/\/tilefly.com\/de\/wp-json\/wp\/v2\/product\/570667","targetHints":{"allow":["GET"]}}],"collection":[{"href":"https:\/\/tilefly.com\/de\/wp-json\/wp\/v2\/product"}],"about":[{"href":"https:\/\/tilefly.com\/de\/wp-json\/wp\/v2\/types\/product"}],"replies":[{"embeddable":true,"href":"https:\/\/tilefly.com\/de\/wp-json\/wp\/v2\/comments?post=570667"}],"wp:featuredmedia":[{"embeddable":true,"href":"https:\/\/tilefly.com\/de\/wp-json\/wp\/v2\/media\/570293"}],"wp:attachment":[{"href":"https:\/\/tilefly.com\/de\/wp-json\/wp\/v2\/media?parent=570667"}],"wp:term":[{"taxonomy":"product_brand","embeddable":true,"href":"https:\/\/tilefly.com\/de\/wp-json\/wp\/v2\/product_brand?post=570667"},{"taxonomy":"product_cat","embeddable":true,"href":"https:\/\/tilefly.com\/de\/wp-json\/wp\/v2\/product_cat?post=570667"},{"taxonomy":"product_tag","embeddable":true,"href":"https:\/\/tilefly.com\/de\/wp-json\/wp\/v2\/product_tag?post=570667"}],"curies":[{"name":"wp","href":"https:\/\/api.w.org\/{rel}","templated":true}]}}