{"id":570578,"date":"2025-03-06T23:02:22","date_gmt":"2025-03-13T09:30:44","guid":{"rendered":"https:\/\/tilefly.com\/producto\/deep-blue\/"},"modified":"2025-03-13T10:30:44","modified_gmt":"2025-03-13T09:30:44","slug":"deep-blue","status":"publish","type":"product","link":"https:\/\/tilefly.com\/de\/produkt\/deep-blue\/","title":{"rendered":"DEEP BLUE"},"content":{"rendered":"<p>Das Meerwasser zeigt uns eine au\u00dfergew\u00f6hnliche Vielfalt an Blaut\u00f6nen, die von Marineblau bis hin zum T\u00fcrkis der paradiesischen wei\u00dfen Sandstr\u00e4nde reichen. Die ikonischen Bilder der Tiefsee, der Korallenriffe und der Neptungraswiesen haben Deep Blue inspiriert, eine Kollektion von APE Grupo f\u00fcr den Au\u00dfenbereich und Schwimmb\u00e4der. Diese Kollektion wurde f\u00fcr die k\u00fchnsten Architekturen entwickelt und schafft eine raffinierte Atmosph\u00e4re. Kurz gesagt, es handelt sich um ein hervorragendes Material, das die Sch\u00f6nheit jedes Au\u00dfenbereichs unterstreicht.   <\/p>","protected":false},"excerpt":{"rendered":"<p>Das Meerwasser zeigt uns eine au\u00dfergew\u00f6hnliche Vielfalt an Blaut\u00f6nen, die von Marineblau bis hin zum T\u00fcrkis der paradiesischen wei\u00dfen Sandstr\u00e4nde reichen. Die ikonischen Bilder der Tiefsee, der Korallenriffe und der Neptungraswiesen haben Deep Blue inspiriert, eine Kollektion von APE Grupo f\u00fcr den Au\u00dfenbereich und Schwimmb\u00e4der. Diese Kollektion wurde f\u00fcr die k\u00fchnsten Architekturen entwickelt und schafft [&hellip;]<\/p>\n","protected":false},"featured_media":569639,"comment_status":"closed","ping_status":"closed","template":"","meta":[],"product_brand":[],"product_cat":[457,458,456,459],"product_tag":[],"class_list":{"0":"post-570578","1":"product","2":"type-product","3":"status-publish","4":"has-post-thumbnail","6":"product_cat-badezimmer","7":"product_cat-kuchen","8":"product_cat-vohnzimmer","9":"product_cat-wandfliesen","11":"first","12":"instock","13":"shipping-taxable","14":"product-type-grouped"},"_links":{"self":[{"href":"https:\/\/tilefly.com\/de\/wp-json\/wp\/v2\/product\/570578","targetHints":{"allow":["GET"]}}],"collection":[{"href":"https:\/\/tilefly.com\/de\/wp-json\/wp\/v2\/product"}],"about":[{"href":"https:\/\/tilefly.com\/de\/wp-json\/wp\/v2\/types\/product"}],"replies":[{"embeddable":true,"href":"https:\/\/tilefly.com\/de\/wp-json\/wp\/v2\/comments?post=570578"}],"wp:featuredmedia":[{"embeddable":true,"href":"https:\/\/tilefly.com\/de\/wp-json\/wp\/v2\/media\/569639"}],"wp:attachment":[{"href":"https:\/\/tilefly.com\/de\/wp-json\/wp\/v2\/media?parent=570578"}],"wp:term":[{"taxonomy":"product_brand","embeddable":true,"href":"https:\/\/tilefly.com\/de\/wp-json\/wp\/v2\/product_brand?post=570578"},{"taxonomy":"product_cat","embeddable":true,"href":"https:\/\/tilefly.com\/de\/wp-json\/wp\/v2\/product_cat?post=570578"},{"taxonomy":"product_tag","embeddable":true,"href":"https:\/\/tilefly.com\/de\/wp-json\/wp\/v2\/product_tag?post=570578"}],"curies":[{"name":"wp","href":"https:\/\/api.w.org\/{rel}","templated":true}]}}