{"id":570575,"date":"2025-03-06T22:47:01","date_gmt":"2025-03-13T09:30:43","guid":{"rendered":"https:\/\/tilefly.com\/producto\/sorolla\/"},"modified":"2025-03-13T10:30:43","modified_gmt":"2025-03-13T09:30:43","slug":"sorolla","status":"publish","type":"product","link":"https:\/\/tilefly.com\/de\/produkt\/sorolla\/","title":{"rendered":"SOROLLA"},"content":{"rendered":"<p>Anl\u00e4sslich des hundertsten Todestages des valencianischen Malers Joaqu\u00edn Sorolla tauchen wir mit einer neuen kleinformatigen Kollektion in die Unsterblichkeit seiner Kunst ein. Der international verehrte Sorolla hinterl\u00e4sst ein Verm\u00e4chtnis, das weiterlebt und sich in dieser einzigartigen Serie, die seinen Namen tr\u00e4gt, manifestiert. Die sorgf\u00e4ltig gestalteten St\u00fccke sollen nicht nur eine Hommage an Sorolla sein, sondern auch die Essenz seines Werks einfangen. In ihnen erkunden wir die Farben und Nuancen, die ihn auszeichnen, und vermitteln das Licht und die W\u00e4rme des Mittelmeers.   <\/p>","protected":false},"excerpt":{"rendered":"<p>Anl\u00e4sslich des hundertsten Todestages des valencianischen Malers Joaqu\u00edn Sorolla tauchen wir mit einer neuen kleinformatigen Kollektion in die Unsterblichkeit seiner Kunst ein. Der international verehrte Sorolla hinterl\u00e4sst ein Verm\u00e4chtnis, das weiterlebt und sich in dieser einzigartigen Serie, die seinen Namen tr\u00e4gt, manifestiert. Die sorgf\u00e4ltig gestalteten St\u00fccke sollen nicht nur eine Hommage an Sorolla sein, sondern [&hellip;]<\/p>\n","protected":false},"featured_media":569481,"comment_status":"closed","ping_status":"closed","template":"","meta":[],"product_brand":[],"product_cat":[457,458,459],"product_tag":[],"class_list":{"0":"post-570575","1":"product","2":"type-product","3":"status-publish","4":"has-post-thumbnail","6":"product_cat-badezimmer","7":"product_cat-kuchen","8":"product_cat-wandfliesen","10":"first","11":"instock","12":"shipping-taxable","13":"product-type-grouped"},"_links":{"self":[{"href":"https:\/\/tilefly.com\/de\/wp-json\/wp\/v2\/product\/570575","targetHints":{"allow":["GET"]}}],"collection":[{"href":"https:\/\/tilefly.com\/de\/wp-json\/wp\/v2\/product"}],"about":[{"href":"https:\/\/tilefly.com\/de\/wp-json\/wp\/v2\/types\/product"}],"replies":[{"embeddable":true,"href":"https:\/\/tilefly.com\/de\/wp-json\/wp\/v2\/comments?post=570575"}],"wp:featuredmedia":[{"embeddable":true,"href":"https:\/\/tilefly.com\/de\/wp-json\/wp\/v2\/media\/569481"}],"wp:attachment":[{"href":"https:\/\/tilefly.com\/de\/wp-json\/wp\/v2\/media?parent=570575"}],"wp:term":[{"taxonomy":"product_brand","embeddable":true,"href":"https:\/\/tilefly.com\/de\/wp-json\/wp\/v2\/product_brand?post=570575"},{"taxonomy":"product_cat","embeddable":true,"href":"https:\/\/tilefly.com\/de\/wp-json\/wp\/v2\/product_cat?post=570575"},{"taxonomy":"product_tag","embeddable":true,"href":"https:\/\/tilefly.com\/de\/wp-json\/wp\/v2\/product_tag?post=570575"}],"curies":[{"name":"wp","href":"https:\/\/api.w.org\/{rel}","templated":true}]}}