{"id":570563,"date":"2025-02-27T00:43:54","date_gmt":"2025-03-13T09:30:34","guid":{"rendered":"https:\/\/tilefly.com\/producto\/loop\/"},"modified":"2025-03-13T10:30:34","modified_gmt":"2025-03-13T09:30:34","slug":"loop","status":"publish","type":"product","link":"https:\/\/tilefly.com\/de\/produkt\/loop\/","title":{"rendered":"LOOP"},"content":{"rendered":"<p>Inspiriert von architektonischen Modellen und der 3D-Technologie, ist die Kollektion Loop in der Lage, das traditionelle Konzept der Keramik zu ver\u00e4ndern. Ihre dreidimensionalen Designs erzeugen optische Effekte, die sich je nach Beleuchtung und Lichteinfall ver\u00e4ndern. Das minimalistische und zeitgen\u00f6ssische Relief erlaubt es, mit Einfachheit und Charme alle Arten von Innenr\u00e4umen zu dekorieren und bietet eine gro\u00dfe Vielseitigkeit bei der Platzierung. Loop symbolisiert unser kreatives Konzept &#8216;The Perfect Mix&#8217; dank seiner Farbpalette, die sich auf die APE Four Seasons Serie bezieht.   <\/p>","protected":false},"excerpt":{"rendered":"<p>Inspiriert von architektonischen Modellen und der 3D-Technologie, ist die Kollektion Loop in der Lage, das traditionelle Konzept der Keramik zu ver\u00e4ndern. Ihre dreidimensionalen Designs erzeugen optische Effekte, die sich je nach Beleuchtung und Lichteinfall ver\u00e4ndern. Das minimalistische und zeitgen\u00f6ssische Relief erlaubt es, mit Einfachheit und Charme alle Arten von Innenr\u00e4umen zu dekorieren und bietet eine [&hellip;]<\/p>\n","protected":false},"featured_media":568633,"comment_status":"closed","ping_status":"closed","template":"","meta":[],"product_brand":[],"product_cat":[457,458,459],"product_tag":[],"class_list":{"0":"post-570563","1":"product","2":"type-product","3":"status-publish","4":"has-post-thumbnail","6":"product_cat-badezimmer","7":"product_cat-kuchen","8":"product_cat-wandfliesen","10":"first","11":"instock","12":"shipping-taxable","13":"product-type-grouped"},"_links":{"self":[{"href":"https:\/\/tilefly.com\/de\/wp-json\/wp\/v2\/product\/570563","targetHints":{"allow":["GET"]}}],"collection":[{"href":"https:\/\/tilefly.com\/de\/wp-json\/wp\/v2\/product"}],"about":[{"href":"https:\/\/tilefly.com\/de\/wp-json\/wp\/v2\/types\/product"}],"replies":[{"embeddable":true,"href":"https:\/\/tilefly.com\/de\/wp-json\/wp\/v2\/comments?post=570563"}],"wp:featuredmedia":[{"embeddable":true,"href":"https:\/\/tilefly.com\/de\/wp-json\/wp\/v2\/media\/568633"}],"wp:attachment":[{"href":"https:\/\/tilefly.com\/de\/wp-json\/wp\/v2\/media?parent=570563"}],"wp:term":[{"taxonomy":"product_brand","embeddable":true,"href":"https:\/\/tilefly.com\/de\/wp-json\/wp\/v2\/product_brand?post=570563"},{"taxonomy":"product_cat","embeddable":true,"href":"https:\/\/tilefly.com\/de\/wp-json\/wp\/v2\/product_cat?post=570563"},{"taxonomy":"product_tag","embeddable":true,"href":"https:\/\/tilefly.com\/de\/wp-json\/wp\/v2\/product_tag?post=570563"}],"curies":[{"name":"wp","href":"https:\/\/api.w.org\/{rel}","templated":true}]}}