{"id":570562,"date":"2025-03-06T23:21:07","date_gmt":"2025-03-13T09:30:30","guid":{"rendered":"https:\/\/tilefly.com\/producto\/limestone\/"},"modified":"2025-03-13T10:30:30","modified_gmt":"2025-03-13T09:30:30","slug":"limestone","status":"publish","type":"product","link":"https:\/\/tilefly.com\/de\/produkt\/limestone\/","title":{"rendered":"LIMESTONE"},"content":{"rendered":"<p>Limestone, ein beiges Kalksteinsediment aus der italienischen Stadt Trani in der Region Apulien, bildet den Ausgangspunkt f\u00fcr die neue APE-Kollektion. Dieser Stein wurde f\u00fcr den Bau von Geb\u00e4uden und Kunstwerken wie der Kathedrale von Trani verwendet. Sein geschliffener Effekt verleiht ihm ein sehr neutrales mattes Aussehen und seine Adern heben sich als subtile Details ab. Bei APE Grupo haben wir die Details durch seine Adern und Schichten bearbeitet und die Nat\u00fcrlichkeit der Risse im Laufe der Zeit verst\u00e4rkt.   <\/p>","protected":false},"excerpt":{"rendered":"<p>Limestone, ein beiges Kalksteinsediment aus der italienischen Stadt Trani in der Region Apulien, bildet den Ausgangspunkt f\u00fcr die neue APE-Kollektion. Dieser Stein wurde f\u00fcr den Bau von Geb\u00e4uden und Kunstwerken wie der Kathedrale von Trani verwendet. Sein geschliffener Effekt verleiht ihm ein sehr neutrales mattes Aussehen und seine Adern heben sich als subtile Details ab. [&hellip;]<\/p>\n","protected":false},"featured_media":569823,"comment_status":"closed","ping_status":"closed","template":"","meta":[],"product_brand":[],"product_cat":[457,460,458,456,459],"product_tag":[],"class_list":{"0":"post-570562","1":"product","2":"type-product","3":"status-publish","4":"has-post-thumbnail","6":"product_cat-badezimmer","7":"product_cat-bodenfliesen","8":"product_cat-kuchen","9":"product_cat-vohnzimmer","10":"product_cat-wandfliesen","12":"first","13":"instock","14":"shipping-taxable","15":"product-type-grouped"},"_links":{"self":[{"href":"https:\/\/tilefly.com\/de\/wp-json\/wp\/v2\/product\/570562","targetHints":{"allow":["GET"]}}],"collection":[{"href":"https:\/\/tilefly.com\/de\/wp-json\/wp\/v2\/product"}],"about":[{"href":"https:\/\/tilefly.com\/de\/wp-json\/wp\/v2\/types\/product"}],"replies":[{"embeddable":true,"href":"https:\/\/tilefly.com\/de\/wp-json\/wp\/v2\/comments?post=570562"}],"wp:featuredmedia":[{"embeddable":true,"href":"https:\/\/tilefly.com\/de\/wp-json\/wp\/v2\/media\/569823"}],"wp:attachment":[{"href":"https:\/\/tilefly.com\/de\/wp-json\/wp\/v2\/media?parent=570562"}],"wp:term":[{"taxonomy":"product_brand","embeddable":true,"href":"https:\/\/tilefly.com\/de\/wp-json\/wp\/v2\/product_brand?post=570562"},{"taxonomy":"product_cat","embeddable":true,"href":"https:\/\/tilefly.com\/de\/wp-json\/wp\/v2\/product_cat?post=570562"},{"taxonomy":"product_tag","embeddable":true,"href":"https:\/\/tilefly.com\/de\/wp-json\/wp\/v2\/product_tag?post=570562"}],"curies":[{"name":"wp","href":"https:\/\/api.w.org\/{rel}","templated":true}]}}