{"id":570116,"date":"2025-03-06T21:27:28","date_gmt":"2025-03-06T20:27:28","guid":{"rendered":"https:\/\/tilefly.com\/producto\/think-taupe-rect-60x120\/"},"modified":"2025-03-11T11:42:27","modified_gmt":"2025-03-11T10:42:27","slug":"think-taupe-rect-60x120","status":"publish","type":"product","link":"https:\/\/tilefly.com\/de\/produkt\/think-taupe-rect-60x120\/","title":{"rendered":"THINK TAUPE RECT 60X120"},"content":{"rendered":"<h2><strong>THINK TAUPE RECT 60X120<\/strong><\/h2><p>Entdecken Sie mit der Fliese THINK TAUPE RECT 60X120 industrielle Eleganz. Ihre braune Farbe mit subtilen Variationen und gl\u00e4nzenden Partikeln imitiert abgenutzten Zement und verleiht Ihren R\u00e4umen einen modernen und raffinierten Touch. Die matte Oberfl\u00e4che und die unregelm\u00e4\u00dfige Textur erzeugen einen realistischen visuellen Effekt, w\u00e4hrend das Format 60 x 120 cm und die rektifizierte Beschaffenheit eine pr\u00e4zise Verlegung und ein makelloses Design erm\u00f6glichen. Diese aus hochwertigem Feinsteinzeug gefertigte Fliese ist ideal f\u00fcr B\u00f6den und W\u00e4nde und bietet Langlebigkeit und Widerstandsf\u00e4higkeit. Dar\u00fcber hinaus ist sie rutschfest und damit eine sichere Wahl f\u00fcr jeden Raum. Tauchen Sie mit <a href=\"https:\/\/tilefly.com\/producto\/think\">THINK <\/a>in die Ruhe der Natur und in avantgardistisches Design ein.     <\/p>","protected":false},"excerpt":{"rendered":"<p>THINK TAUPE RECT 60X120Entdecken Sie mit der Fliese THINK TAUPE RECT 60X120 industrielle Eleganz. Ihre braune Farbe mit subtilen Variationen und gl\u00e4nzenden Partikeln imitiert abgenutzten Zement und verleiht Ihren R\u00e4umen einen modernen und raffinierten Touch. Die matte Oberfl\u00e4che und die unregelm\u00e4\u00dfige Textur erzeugen einen realistischen visuellen Effekt, w\u00e4hrend das Format 60 x 120 cm und [&hellip;]<\/p>\n","protected":false},"featured_media":568992,"comment_status":"open","ping_status":"closed","template":"","meta":[],"product_brand":[],"product_cat":[457,458,456,459],"product_tag":[],"class_list":{"0":"post-570116","1":"product","2":"type-product","3":"status-publish","4":"has-post-thumbnail","6":"product_cat-badezimmer","7":"product_cat-kuchen","8":"product_cat-vohnzimmer","9":"product_cat-wandfliesen","11":"first","12":"instock","13":"shipping-taxable","14":"purchasable","15":"product-type-simple"},"_links":{"self":[{"href":"https:\/\/tilefly.com\/de\/wp-json\/wp\/v2\/product\/570116","targetHints":{"allow":["GET"]}}],"collection":[{"href":"https:\/\/tilefly.com\/de\/wp-json\/wp\/v2\/product"}],"about":[{"href":"https:\/\/tilefly.com\/de\/wp-json\/wp\/v2\/types\/product"}],"replies":[{"embeddable":true,"href":"https:\/\/tilefly.com\/de\/wp-json\/wp\/v2\/comments?post=570116"}],"wp:featuredmedia":[{"embeddable":true,"href":"https:\/\/tilefly.com\/de\/wp-json\/wp\/v2\/media\/568992"}],"wp:attachment":[{"href":"https:\/\/tilefly.com\/de\/wp-json\/wp\/v2\/media?parent=570116"}],"wp:term":[{"taxonomy":"product_brand","embeddable":true,"href":"https:\/\/tilefly.com\/de\/wp-json\/wp\/v2\/product_brand?post=570116"},{"taxonomy":"product_cat","embeddable":true,"href":"https:\/\/tilefly.com\/de\/wp-json\/wp\/v2\/product_cat?post=570116"},{"taxonomy":"product_tag","embeddable":true,"href":"https:\/\/tilefly.com\/de\/wp-json\/wp\/v2\/product_tag?post=570116"}],"curies":[{"name":"wp","href":"https:\/\/api.w.org\/{rel}","templated":true}]}}