{"id":570048,"date":"2025-03-06T21:09:19","date_gmt":"2025-03-06T20:09:19","guid":{"rendered":"https:\/\/tilefly.com\/producto\/pum-blue-10x30\/"},"modified":"2025-03-10T14:26:19","modified_gmt":"2025-03-10T13:26:19","slug":"pum-blue-10x30","status":"publish","type":"product","link":"https:\/\/tilefly.com\/de\/produkt\/pum-blue-10x30\/","title":{"rendered":"PUM BLUE 10X30"},"content":{"rendered":"<h2><strong>PUM BLUE 10X30<\/strong><\/h2><p>Tauchen Sie ein in die Gelassenheit von PUM BLUE 10X30, einer Fliese, die an die Ruhe des tiefen Ozeans erinnert. Ihre satte und lebendige blaue Farbe bringt einen Hauch von Frische und Raffinesse in jeden Raum. Die gl\u00e4nzende Oberfl\u00e4che dieser wei\u00dfscherbigen Fliese reflektiert das Licht und schafft helle und einladende R\u00e4ume. Ihr Format von 10&#215;30 cm, das weder rektifiziert noch rektifiziert ist, erm\u00f6glicht eine einfache und vielseitige Verlegung, die sich an verschiedene Stile und Designs anpassen l\u00e4sst. PUM BLUE ist ideal f\u00fcr die Verkleidung von W\u00e4nden in B\u00e4dern, K\u00fcchen oder auch in Gesch\u00e4ftsr\u00e4umen und verwandelt jede Umgebung in eine Oase der Ruhe und des Stils. Entdecken Sie die komplette Kollektion und lassen Sie sich von der grenzenlosen Kreativit\u00e4t von <a href=\"https:\/\/tilefly.com\/producto\/pim-pam-pum\">PIM PAM PUM<\/a> inspirieren.     <\/p>","protected":false},"excerpt":{"rendered":"<p>PUM BLUE 10X30Tauchen Sie ein in die Gelassenheit von PUM BLUE 10X30, einer Fliese, die an die Ruhe des tiefen Ozeans erinnert. Ihre satte und lebendige blaue Farbe bringt einen Hauch von Frische und Raffinesse in jeden Raum. Die gl\u00e4nzende Oberfl\u00e4che dieser wei\u00dfscherbigen Fliese reflektiert das Licht und schafft helle und einladende R\u00e4ume. Ihr Format [&hellip;]<\/p>\n","protected":false},"featured_media":568965,"comment_status":"open","ping_status":"closed","template":"","meta":[],"product_brand":[],"product_cat":[457,458,459],"product_tag":[],"class_list":{"0":"post-570048","1":"product","2":"type-product","3":"status-publish","4":"has-post-thumbnail","6":"product_cat-badezimmer","7":"product_cat-kuchen","8":"product_cat-wandfliesen","10":"first","11":"instock","12":"shipping-taxable","13":"purchasable","14":"product-type-simple"},"_links":{"self":[{"href":"https:\/\/tilefly.com\/de\/wp-json\/wp\/v2\/product\/570048","targetHints":{"allow":["GET"]}}],"collection":[{"href":"https:\/\/tilefly.com\/de\/wp-json\/wp\/v2\/product"}],"about":[{"href":"https:\/\/tilefly.com\/de\/wp-json\/wp\/v2\/types\/product"}],"replies":[{"embeddable":true,"href":"https:\/\/tilefly.com\/de\/wp-json\/wp\/v2\/comments?post=570048"}],"wp:featuredmedia":[{"embeddable":true,"href":"https:\/\/tilefly.com\/de\/wp-json\/wp\/v2\/media\/568965"}],"wp:attachment":[{"href":"https:\/\/tilefly.com\/de\/wp-json\/wp\/v2\/media?parent=570048"}],"wp:term":[{"taxonomy":"product_brand","embeddable":true,"href":"https:\/\/tilefly.com\/de\/wp-json\/wp\/v2\/product_brand?post=570048"},{"taxonomy":"product_cat","embeddable":true,"href":"https:\/\/tilefly.com\/de\/wp-json\/wp\/v2\/product_cat?post=570048"},{"taxonomy":"product_tag","embeddable":true,"href":"https:\/\/tilefly.com\/de\/wp-json\/wp\/v2\/product_tag?post=570048"}],"curies":[{"name":"wp","href":"https:\/\/api.w.org\/{rel}","templated":true}]}}