{"id":569978,"date":"2025-03-06T21:28:10","date_gmt":"2025-03-06T20:28:10","guid":{"rendered":"https:\/\/tilefly.com\/producto\/think-coal-rect-60x60\/"},"modified":"2025-03-10T13:38:50","modified_gmt":"2025-03-10T12:38:50","slug":"think-coal-rect-60x60","status":"publish","type":"product","link":"https:\/\/tilefly.com\/de\/produkt\/think-coal-rect-60x60\/","title":{"rendered":"THINK COAL RECT 60X60"},"content":{"rendered":"<h2><strong>THINK COAL RECT 60X60<\/strong><\/h2><p>Tauchen Sie ein in industrielle Eleganz mit der Fliese THINK COAL RECT 60&#215;60. Dieses Feinsteinzeug, das f\u00fcr eine einwandfreie Verlegung rektifiziert wurde, f\u00e4ngt die Essenz von Zement in einem raffinierten Dunkelgrau ein. Die matte Oberfl\u00e4che und die rutschhemmenden Eigenschaften machen sie ideal f\u00fcr B\u00f6den und W\u00e4nde und bringen Sicherheit und Stil in jeden Raum. Das Design mit subtilen Variationen in Ton und Textur gibt die Authentizit\u00e4t von Zement wieder und verleiht ihm einen rustikalen und doch modernen Touch. Seine Gleichm\u00e4\u00dfigkeit und Schlichtheit machen ihn zu einer vielseitigen Wahl f\u00fcr minimalistische und industrielle Stile. Entdecken Sie die komplette Kollektion und verwandeln Sie Ihre R\u00e4ume mit <a href=\"https:\/\/tilefly.com\/producto\/think\">THINK<\/a>.     <\/p>","protected":false},"excerpt":{"rendered":"<p>THINK COAL RECT 60X60Tauchen Sie ein in industrielle Eleganz mit der Fliese THINK COAL RECT 60&#215;60. Dieses Feinsteinzeug, das f\u00fcr eine einwandfreie Verlegung rektifiziert wurde, f\u00e4ngt die Essenz von Zement in einem raffinierten Dunkelgrau ein. Die matte Oberfl\u00e4che und die rutschhemmenden Eigenschaften machen sie ideal f\u00fcr B\u00f6den und W\u00e4nde und bringen Sicherheit und Stil in [&hellip;]<\/p>\n","protected":false},"featured_media":569122,"comment_status":"open","ping_status":"closed","template":"","meta":[],"product_brand":[],"product_cat":[457,458,456,459],"product_tag":[],"class_list":{"0":"post-569978","1":"product","2":"type-product","3":"status-publish","4":"has-post-thumbnail","6":"product_cat-badezimmer","7":"product_cat-kuchen","8":"product_cat-vohnzimmer","9":"product_cat-wandfliesen","11":"first","12":"instock","13":"shipping-taxable","14":"purchasable","15":"product-type-simple"},"_links":{"self":[{"href":"https:\/\/tilefly.com\/de\/wp-json\/wp\/v2\/product\/569978","targetHints":{"allow":["GET"]}}],"collection":[{"href":"https:\/\/tilefly.com\/de\/wp-json\/wp\/v2\/product"}],"about":[{"href":"https:\/\/tilefly.com\/de\/wp-json\/wp\/v2\/types\/product"}],"replies":[{"embeddable":true,"href":"https:\/\/tilefly.com\/de\/wp-json\/wp\/v2\/comments?post=569978"}],"wp:featuredmedia":[{"embeddable":true,"href":"https:\/\/tilefly.com\/de\/wp-json\/wp\/v2\/media\/569122"}],"wp:attachment":[{"href":"https:\/\/tilefly.com\/de\/wp-json\/wp\/v2\/media?parent=569978"}],"wp:term":[{"taxonomy":"product_brand","embeddable":true,"href":"https:\/\/tilefly.com\/de\/wp-json\/wp\/v2\/product_brand?post=569978"},{"taxonomy":"product_cat","embeddable":true,"href":"https:\/\/tilefly.com\/de\/wp-json\/wp\/v2\/product_cat?post=569978"},{"taxonomy":"product_tag","embeddable":true,"href":"https:\/\/tilefly.com\/de\/wp-json\/wp\/v2\/product_tag?post=569978"}],"curies":[{"name":"wp","href":"https:\/\/api.w.org\/{rel}","templated":true}]}}