{"id":569956,"date":"2025-03-06T21:52:21","date_gmt":"2025-03-06T20:52:21","guid":{"rendered":"https:\/\/tilefly.com\/producto\/sorolla-ocher-6x246\/"},"modified":"2025-03-10T13:37:45","modified_gmt":"2025-03-10T12:37:45","slug":"sorolla-ocher-6x246","status":"publish","type":"product","link":"https:\/\/tilefly.com\/de\/produkt\/sorolla-ocher-6x246\/","title":{"rendered":"SOROLLA OCHER 6X24,6"},"content":{"rendered":"<h2><strong>SOROLLA OCKER 6X24,6<\/strong><\/h2><p>Tauchen Sie ein in W\u00e4rme und rustikalen Charme mit der Fliese SOROLLA OCHER 6X24,6. Dieses vom Licht und den Farben des Mittelmeers inspirierte St\u00fcck f\u00e4ngt die Essenz des Verm\u00e4chtnisses von Joaqu\u00edn Sorolla ein und ist eine Hommage an sein unsterbliches Werk. Entdecken Sie die Serie <a href=\"https:\/\/tilefly.com\/producto\/sorolla\">SOROLLA<\/a>.  <\/p><p>Diese 6&#215;24,6 cm gro\u00dfe, wei\u00dfe Verkleidungsfliese besticht durch ihre gl\u00e4nzende Oberfl\u00e4che, die ihren ockerbraunen Farbton unterstreicht. Ihr dekoratives Design mit subtilen Farbvariationen und dunklen Sprenkeln erinnert an die nat\u00fcrliche Sch\u00f6nheit von gealtertem Beton oder Sandstein und verleiht jedem Raum ein Gef\u00fchl von W\u00e4rme und Authentizit\u00e4t. Da er nicht geschliffen ist, beh\u00e4lt er seinen handwerklichen Charme, der seine Einzigartigkeit unterstreicht.  <\/p><p>Der SOROLLA OCHER ist ideal, um eine gem\u00fctliche Atmosph\u00e4re voller Pers\u00f6nlichkeit zu schaffen, sei es in K\u00fcchen, B\u00e4dern oder Wohnzimmern. Seine gl\u00e4nzende Oberfl\u00e4che reflektiert das Licht, vergr\u00f6\u00dfert den Raum optisch und verleiht ihm einen Hauch von schlichter Eleganz. Die Unterschiede in der Farbintensit\u00e4t und die kleinen Unregelm\u00e4\u00dfigkeiten im Design verleihen jeder Fliese einen einzigartigen Charakter und schaffen eine Atmosph\u00e4re voller Nuancen und Texturen.    <\/p><p>Stellen Sie sich vor, Ihre Wand w\u00e4re mit diesem keramischen Schmuckst\u00fcck gefliest, das Sie in die sonnigen und lebendigen Landschaften versetzt, die den Meister Sorolla inspirierten. Jedes Detail dieser Fliese wurde sorgf\u00e4ltig entworfen, um die Essenz seines Werks einzufangen und das Licht und die W\u00e4rme des Mittelmeers in Ihr Zuhause zu bringen. Verleihen Sie Ihren R\u00e4umen einen k\u00fcnstlerischen und zeitlosen Touch mit der SOROLLA OCHER 6X24,6, einem St\u00fcck, das die Sch\u00f6nheit der Natur und das Verm\u00e4chtnis eines Genies feiert.  <\/p>","protected":false},"excerpt":{"rendered":"<p>SOROLLA OCKER 6X24,6Tauchen Sie ein in W\u00e4rme und rustikalen Charme mit der Fliese SOROLLA OCHER 6X24,6. Dieses vom Licht und den Farben des Mittelmeers inspirierte St\u00fcck f\u00e4ngt die Essenz des Verm\u00e4chtnisses von Joaqu\u00edn Sorolla ein und ist eine Hommage an sein unsterbliches Werk. Entdecken Sie die Serie SOROLLA. Diese 6&#215;24,6 cm gro\u00dfe, wei\u00dfe Verkleidungsfliese besticht [&hellip;]<\/p>\n","protected":false},"featured_media":569397,"comment_status":"open","ping_status":"closed","template":"","meta":[],"product_brand":[],"product_cat":[457,458,459],"product_tag":[],"class_list":{"0":"post-569956","1":"product","2":"type-product","3":"status-publish","4":"has-post-thumbnail","6":"product_cat-badezimmer","7":"product_cat-kuchen","8":"product_cat-wandfliesen","10":"first","11":"instock","12":"shipping-taxable","13":"purchasable","14":"product-type-simple"},"_links":{"self":[{"href":"https:\/\/tilefly.com\/de\/wp-json\/wp\/v2\/product\/569956","targetHints":{"allow":["GET"]}}],"collection":[{"href":"https:\/\/tilefly.com\/de\/wp-json\/wp\/v2\/product"}],"about":[{"href":"https:\/\/tilefly.com\/de\/wp-json\/wp\/v2\/types\/product"}],"replies":[{"embeddable":true,"href":"https:\/\/tilefly.com\/de\/wp-json\/wp\/v2\/comments?post=569956"}],"wp:featuredmedia":[{"embeddable":true,"href":"https:\/\/tilefly.com\/de\/wp-json\/wp\/v2\/media\/569397"}],"wp:attachment":[{"href":"https:\/\/tilefly.com\/de\/wp-json\/wp\/v2\/media?parent=569956"}],"wp:term":[{"taxonomy":"product_brand","embeddable":true,"href":"https:\/\/tilefly.com\/de\/wp-json\/wp\/v2\/product_brand?post=569956"},{"taxonomy":"product_cat","embeddable":true,"href":"https:\/\/tilefly.com\/de\/wp-json\/wp\/v2\/product_cat?post=569956"},{"taxonomy":"product_tag","embeddable":true,"href":"https:\/\/tilefly.com\/de\/wp-json\/wp\/v2\/product_tag?post=569956"}],"curies":[{"name":"wp","href":"https:\/\/api.w.org\/{rel}","templated":true}]}}