{"id":569949,"date":"2025-03-06T21:52:06","date_gmt":"2025-03-06T20:52:06","guid":{"rendered":"https:\/\/tilefly.com\/producto\/sorolla-white-6x246\/"},"modified":"2025-03-10T13:37:38","modified_gmt":"2025-03-10T12:37:38","slug":"sorolla-white-6x246","status":"publish","type":"product","link":"https:\/\/tilefly.com\/de\/produkt\/sorolla-white-6x246\/","title":{"rendered":"SOROLLA WHITE 6X24,6"},"content":{"rendered":"<h2><strong>SOROLLA WEISS 6X24,6<\/strong><\/h2><p>Tauchen Sie ein in die Leuchtkraft und Reinheit von Wei\u00df mit der Fliese SOROLLA WHITE 6X24,6. Dieses St\u00fcck aus hochwertigem wei\u00dfem Scherben ist ideal f\u00fcr die Verkleidung Ihrer W\u00e4nde und bringt einen Hauch von Frische und Eleganz in jeden Raum. Ihre gl\u00e4nzende Oberfl\u00e4che reflektiert das Licht und schafft so ger\u00e4umigere und hellere Umgebungen. Das rechteckige Format von 6&#215;24,6 cm erleichtert die Anbringung und erm\u00f6glicht es Ihnen, originelle und pers\u00f6nliche Designs zu gestalten. Da sie nicht rektifiziert ist, bewahrt diese Fliese einen handwerklichen Charme, der an die Tradition der Keramik erinnert. Perfekt f\u00fcr B\u00e4der, K\u00fcchen oder jede Umgebung, die Sie mit Licht und Stil f\u00fcllen m\u00f6chten. Entdecken Sie die k\u00fcnstlerische Inspiration hinter jedem St\u00fcck der Serie <a href=\"https:\/\/tilefly.com\/producto\/sorolla\">SOROLLA<\/a>, in der das Licht des Mittelmeers mit der Qualit\u00e4t der Keramik verschmilzt.      <\/p>","protected":false},"excerpt":{"rendered":"<p>SOROLLA WEISS 6X24,6Tauchen Sie ein in die Leuchtkraft und Reinheit von Wei\u00df mit der Fliese SOROLLA WHITE 6X24,6. Dieses St\u00fcck aus hochwertigem wei\u00dfem Scherben ist ideal f\u00fcr die Verkleidung Ihrer W\u00e4nde und bringt einen Hauch von Frische und Eleganz in jeden Raum. Ihre gl\u00e4nzende Oberfl\u00e4che reflektiert das Licht und schafft so ger\u00e4umigere und hellere Umgebungen. [&hellip;]<\/p>\n","protected":false},"featured_media":569345,"comment_status":"open","ping_status":"closed","template":"","meta":[],"product_brand":[],"product_cat":[457,458,459],"product_tag":[],"class_list":{"0":"post-569949","1":"product","2":"type-product","3":"status-publish","4":"has-post-thumbnail","6":"product_cat-badezimmer","7":"product_cat-kuchen","8":"product_cat-wandfliesen","10":"first","11":"instock","12":"shipping-taxable","13":"purchasable","14":"product-type-simple"},"_links":{"self":[{"href":"https:\/\/tilefly.com\/de\/wp-json\/wp\/v2\/product\/569949","targetHints":{"allow":["GET"]}}],"collection":[{"href":"https:\/\/tilefly.com\/de\/wp-json\/wp\/v2\/product"}],"about":[{"href":"https:\/\/tilefly.com\/de\/wp-json\/wp\/v2\/types\/product"}],"replies":[{"embeddable":true,"href":"https:\/\/tilefly.com\/de\/wp-json\/wp\/v2\/comments?post=569949"}],"wp:featuredmedia":[{"embeddable":true,"href":"https:\/\/tilefly.com\/de\/wp-json\/wp\/v2\/media\/569345"}],"wp:attachment":[{"href":"https:\/\/tilefly.com\/de\/wp-json\/wp\/v2\/media?parent=569949"}],"wp:term":[{"taxonomy":"product_brand","embeddable":true,"href":"https:\/\/tilefly.com\/de\/wp-json\/wp\/v2\/product_brand?post=569949"},{"taxonomy":"product_cat","embeddable":true,"href":"https:\/\/tilefly.com\/de\/wp-json\/wp\/v2\/product_cat?post=569949"},{"taxonomy":"product_tag","embeddable":true,"href":"https:\/\/tilefly.com\/de\/wp-json\/wp\/v2\/product_tag?post=569949"}],"curies":[{"name":"wp","href":"https:\/\/api.w.org\/{rel}","templated":true}]}}