{"id":569914,"date":"2025-03-06T23:05:05","date_gmt":"2025-03-06T22:05:05","guid":{"rendered":"https:\/\/tilefly.com\/producto\/ceppo-party-rect-60x120\/"},"modified":"2025-03-10T13:36:53","modified_gmt":"2025-03-10T12:36:53","slug":"ceppo-party-rect-60x120","status":"publish","type":"product","link":"https:\/\/tilefly.com\/de\/produkt\/ceppo-party-rect-60x120\/","title":{"rendered":"CEPPO PARTY RECT 60X120"},"content":{"rendered":"<h2><strong>CEPPO PARTY RECT 60X120<\/strong><\/h2><p>Entdecken Sie die industrielle Eleganz der Fliese <b>CEPPO PARTY RECT 60X120<\/b>. Ihr zementgraues Design, angereichert mit einer Streuung von Fragmenten verschiedener Farben und Gr\u00f6\u00dfen, verleiht jedem Raum einen einzigartigen und raffinierten Touch. Wei\u00df, Dunkelgrau, Schwarz, Beige und dezente Blau- und Gelbt\u00f6ne erzeugen eine heterogene und strukturierte \u00c4sthetik, die an die nat\u00fcrliche Sch\u00f6nheit von Terrazzo erinnert. Das matte Finish und die leicht gemaserte Oberfl\u00e4che unterstreichen nicht nur das organische Erscheinungsbild, sondern bieten auch rutschhemmende Eigenschaften und sind somit ideal f\u00fcr einen stilvollen und sicheren Bodenbelag. Diese 60x120cm gro\u00dfe, rektifizierte Fliese aus hochwertigem Porzellan eignet sich sowohl f\u00fcr B\u00f6den als auch f\u00fcr W\u00e4nde und verleiht Ihrem Zuhause oder Ihrem Projekt einen modernen Touch.      <\/p><p>Wenn Sie auf der Suche nach einer originellen, modernen und unterhaltsamen Art zu dekorieren sind, sollten Sie nicht z\u00f6gern, die <a href=\"https:\/\/tilefly.com\/producto\/ceppo\">CEPPO-Serie<\/a> zu entdecken. Hier finden Sie Inspiration f\u00fcr Ihre gewagtesten Projekte.<\/p>","protected":false},"excerpt":{"rendered":"<p>CEPPO PARTY RECT 60X120Entdecken Sie die industrielle Eleganz der Fliese CEPPO PARTY RECT 60X120. Ihr zementgraues Design, angereichert mit einer Streuung von Fragmenten verschiedener Farben und Gr\u00f6\u00dfen, verleiht jedem Raum einen einzigartigen und raffinierten Touch. Wei\u00df, Dunkelgrau, Schwarz, Beige und dezente Blau- und Gelbt\u00f6ne erzeugen eine heterogene und strukturierte \u00c4sthetik, die an die nat\u00fcrliche Sch\u00f6nheit [&hellip;]<\/p>\n","protected":false},"featured_media":569725,"comment_status":"open","ping_status":"closed","template":"","meta":[],"product_brand":[],"product_cat":[457,458,456,459],"product_tag":[],"class_list":{"0":"post-569914","1":"product","2":"type-product","3":"status-publish","4":"has-post-thumbnail","6":"product_cat-badezimmer","7":"product_cat-kuchen","8":"product_cat-vohnzimmer","9":"product_cat-wandfliesen","11":"first","12":"outofstock","13":"shipping-taxable","14":"purchasable","15":"product-type-simple"},"_links":{"self":[{"href":"https:\/\/tilefly.com\/de\/wp-json\/wp\/v2\/product\/569914","targetHints":{"allow":["GET"]}}],"collection":[{"href":"https:\/\/tilefly.com\/de\/wp-json\/wp\/v2\/product"}],"about":[{"href":"https:\/\/tilefly.com\/de\/wp-json\/wp\/v2\/types\/product"}],"replies":[{"embeddable":true,"href":"https:\/\/tilefly.com\/de\/wp-json\/wp\/v2\/comments?post=569914"}],"wp:featuredmedia":[{"embeddable":true,"href":"https:\/\/tilefly.com\/de\/wp-json\/wp\/v2\/media\/569725"}],"wp:attachment":[{"href":"https:\/\/tilefly.com\/de\/wp-json\/wp\/v2\/media?parent=569914"}],"wp:term":[{"taxonomy":"product_brand","embeddable":true,"href":"https:\/\/tilefly.com\/de\/wp-json\/wp\/v2\/product_brand?post=569914"},{"taxonomy":"product_cat","embeddable":true,"href":"https:\/\/tilefly.com\/de\/wp-json\/wp\/v2\/product_cat?post=569914"},{"taxonomy":"product_tag","embeddable":true,"href":"https:\/\/tilefly.com\/de\/wp-json\/wp\/v2\/product_tag?post=569914"}],"curies":[{"name":"wp","href":"https:\/\/api.w.org\/{rel}","templated":true}]}}