{"id":569879,"date":"2025-03-06T21:53:09","date_gmt":"2025-03-06T20:53:09","guid":{"rendered":"https:\/\/tilefly.com\/producto\/sorolla-ocher-132x132\/"},"modified":"2025-03-10T13:36:19","modified_gmt":"2025-03-10T12:36:19","slug":"sorolla-ocher-132x132","status":"publish","type":"product","link":"https:\/\/tilefly.com\/de\/produkt\/sorolla-ocher-132x132\/","title":{"rendered":"SOROLLA OCHER 13,2X13,2"},"content":{"rendered":"<h2><strong>SOROLLA OCKER 13,2X13,2<\/strong><\/h2><p>Tauchen Sie ein in erdige W\u00e4rme mit der Fliese SOROLLA OCHER 13,2X13,2. Dieses St\u00fcck in einem ockerbraunen Farbton, der an die Gelassenheit der Erde erinnert, ist eine Hommage an die Farbpalette des Meisters Joaqu\u00edn Sorolla. <a href=\"https:\/\/tilefly.com\/producto\/sorolla\">SOROLLA<\/a>, diese Serie f\u00e4ngt die Essenz des Mittelmeers in jedem Detail ein. <\/p><p>Mit einem Format von 13,2X13,2 cm verleiht diese nicht rektifizierte Verkleidungsfliese Ihren R\u00e4umen einen handwerklichen und authentischen Touch. Ihr wei\u00dfer Scherben garantiert eine glatte, gleichm\u00e4\u00dfige Oberfl\u00e4che, ideal f\u00fcr W\u00e4nde, die ein makelloses Finish haben sollen. <\/p><p>Die gl\u00e4nzende Oberfl\u00e4che des SOROLLA OCHER hebt seine Farbe hervor und erweckt sie zum Leben, indem sie ein subtiles Lichtspiel erzeugt, das jede Umgebung erhellt. Sein besonderes Merkmal, das Dekor, manifestiert sich in Variationen von Farbton und Textur, die ihm ein gealtertes und abgenutztes Aussehen verleihen, als ob es die Geschichte der Zeit mit sich tr\u00e4gt. <\/p><p>Stellen Sie sich eine Fliese mit helleren und dunkleren Bereichen vor, mit kleinen Unregelm\u00e4\u00dfigkeiten, die auf einen fast manuellen Herstellungsprozess hinweisen. Stellen Sie sich die W\u00e4rme vor, die sie an Ihre W\u00e4nde bringt und Sie in eine rustikale, mediterrane oder Vintage-Atmosph\u00e4re versetzt. SOROLLA OCHER ist die perfekte Wahl f\u00fcr alle, die einen Hauch von Authentizit\u00e4t und Komfort in ihrem Zuhause suchen. Entdecken Sie die komplette <a href=\"https:\/\/tilefly.com\/producto\/sorolla\">SOROLLA<\/a> Kollektion und lassen Sie sich vom mediterranen Licht inspirieren.   <\/p>","protected":false},"excerpt":{"rendered":"<p>SOROLLA OCKER 13,2X13,2Tauchen Sie ein in erdige W\u00e4rme mit der Fliese SOROLLA OCHER 13,2X13,2. Dieses St\u00fcck in einem ockerbraunen Farbton, der an die Gelassenheit der Erde erinnert, ist eine Hommage an die Farbpalette des Meisters Joaqu\u00edn Sorolla. SOROLLA, diese Serie f\u00e4ngt die Essenz des Mittelmeers in jedem Detail ein. Mit einem Format von 13,2X13,2 cm [&hellip;]<\/p>\n","protected":false},"featured_media":569514,"comment_status":"open","ping_status":"closed","template":"","meta":[],"product_brand":[],"product_cat":[457,458,459],"product_tag":[],"class_list":{"0":"post-569879","1":"product","2":"type-product","3":"status-publish","4":"has-post-thumbnail","6":"product_cat-badezimmer","7":"product_cat-kuchen","8":"product_cat-wandfliesen","10":"first","11":"instock","12":"shipping-taxable","13":"purchasable","14":"product-type-simple"},"_links":{"self":[{"href":"https:\/\/tilefly.com\/de\/wp-json\/wp\/v2\/product\/569879","targetHints":{"allow":["GET"]}}],"collection":[{"href":"https:\/\/tilefly.com\/de\/wp-json\/wp\/v2\/product"}],"about":[{"href":"https:\/\/tilefly.com\/de\/wp-json\/wp\/v2\/types\/product"}],"replies":[{"embeddable":true,"href":"https:\/\/tilefly.com\/de\/wp-json\/wp\/v2\/comments?post=569879"}],"wp:featuredmedia":[{"embeddable":true,"href":"https:\/\/tilefly.com\/de\/wp-json\/wp\/v2\/media\/569514"}],"wp:attachment":[{"href":"https:\/\/tilefly.com\/de\/wp-json\/wp\/v2\/media?parent=569879"}],"wp:term":[{"taxonomy":"product_brand","embeddable":true,"href":"https:\/\/tilefly.com\/de\/wp-json\/wp\/v2\/product_brand?post=569879"},{"taxonomy":"product_cat","embeddable":true,"href":"https:\/\/tilefly.com\/de\/wp-json\/wp\/v2\/product_cat?post=569879"},{"taxonomy":"product_tag","embeddable":true,"href":"https:\/\/tilefly.com\/de\/wp-json\/wp\/v2\/product_tag?post=569879"}],"curies":[{"name":"wp","href":"https:\/\/api.w.org\/{rel}","templated":true}]}}